{"id":2208,"date":"2025-11-20T18:20:04","date_gmt":"2025-11-20T17:20:04","guid":{"rendered":"https:\/\/aude-insoumise.fr\/?page_id=2208"},"modified":"2025-12-12T15:42:40","modified_gmt":"2025-12-12T14:42:40","slug":"elementor-2208","status":"publish","type":"page","link":"https:\/\/aude-insoumise.fr\/?page_id=2208","title":{"rendered":"24-1"},"content":{"rendered":"\t\t<div data-elementor-type=\"wp-page\" data-elementor-id=\"2208\" class=\"elementor elementor-2208\">\n\t\t\t\t<div class=\"elementor-element elementor-element-8dcf60b e-flex e-con-boxed e-con e-parent\" data-id=\"8dcf60b\" data-element_type=\"container\" data-e-type=\"container\">\n\t\t\t\t\t<div class=\"e-con-inner\">\n\t\t\t\t<div class=\"elementor-element elementor-element-0697f75 elementor-widget elementor-widget-heading\" data-id=\"0697f75\" data-element_type=\"widget\" data-e-type=\"widget\" data-widget_type=\"heading.default\">\n\t\t\t\t\t<h2 class=\"elementor-heading-title elementor-size-default\">S'agenouiller devant le budget Macron, ou tout faire pour les chasser.\n<\/h2>\t\t\t\t<\/div>\n\t\t\t\t<div class=\"elementor-element elementor-element-4dfea61 elementor-widget elementor-widget-spacer\" data-id=\"4dfea61\" data-element_type=\"widget\" data-e-type=\"widget\" data-widget_type=\"spacer.default\">\n\t\t\t\t\t\t\t<div class=\"elementor-spacer\">\n\t\t\t<div class=\"elementor-spacer-inner\"><\/div>\n\t\t<\/div>\n\t\t\t\t\t\t<\/div>\n\t\t\t\t<div class=\"elementor-element elementor-element-bb5f805 elementor-widget elementor-widget-heading\" data-id=\"bb5f805\" data-element_type=\"widget\" data-e-type=\"widget\" data-widget_type=\"heading.default\">\n\t\t\t\t\t<h2 class=\"elementor-heading-title elementor-size-default\">Partie 2, l'ignominie<\/h2>\t\t\t\t<\/div>\n\t\t\t\t\t<\/div>\n\t\t\t\t<\/div>\n\t\t<div class=\"elementor-element elementor-element-d554cc7 e-flex e-con-boxed e-con e-parent\" data-id=\"d554cc7\" data-element_type=\"container\" data-e-type=\"container\">\n\t\t\t\t\t<div class=\"e-con-inner\">\n\t\t\t\t<div class=\"elementor-element elementor-element-64cecc9 elementor-widget elementor-widget-image\" data-id=\"64cecc9\" data-element_type=\"widget\" data-e-type=\"widget\" data-widget_type=\"image.default\">\n\t\t\t\t\t\t\t\t\t\t\t\t<figure class=\"wp-caption\">\n\t\t\t\t\t\t\t\t\t\t<img decoding=\"async\" width=\"150\" height=\"150\" src=\"https:\/\/aude-insoumise.fr\/wp-content\/uploads\/2025\/11\/Image7-150x150.png\" class=\"attachment-thumbnail size-thumbnail wp-image-2216\" alt=\"\" \/>\t\t\t\t\t\t\t\t\t\t\t<figcaption class=\"widget-image-caption wp-caption-text\">Le ministre Lescure<\/figcaption>\n\t\t\t\t\t\t\t\t\t\t<\/figure>\n\t\t\t\t\t\t\t\t\t<\/div>\n\t\t\t\t<div class=\"elementor-element elementor-element-0b2edae elementor-widget elementor-widget-text-editor\" data-id=\"0b2edae\" data-element_type=\"widget\" data-e-type=\"widget\" data-widget_type=\"text-editor.default\">\n\t\t\t\t\t\t\t\t\t<p>\u00a0 <strong>\u00a02<\/strong>00 milliards d\u2019aides, sans contr\u00f4le, aux entreprises, 80 milliards d\u2019exon\u00e9ration de cotisations pour la s\u00e9cu et 7 milliards de plus pour le budget de l\u2019armement.\u00a0 Re refus de\u00a0 taxer \u00e0 2% les patrimoines de plus de 100 millions d\u2019euros (1800\u00a0 foyers fiscaux) . Et tout cela n\u2019emp\u00eache pas le ministre de proposer, au nom de \u00ab l\u2019endettement \u00bb,\u00a0 la suppression de\u00a0 la prime de \u00ab No\u00ebl \u00bb aux personnes ou aux couples sans enfants.<\/p><p>\u00a0 \u00a0 \u00a0<strong>C<\/strong>ette prime, selon lui,\u00a0 gaspill\u00e9e pour des \u00ab nantis \u00bb vivant avec 500 euros par mois, b\u00e9n\u00e9ficiait \u00e0 2 millions de m\u00e9nages. (Pour un parent seul et trois enfants environ 335 euros!)<\/p><p>\u00a0 \u00a0 \u00a0<strong>P<\/strong>eut-on \u00eatre plus ignoble?\u00a0 L\u2019avenir le dira.<\/p><p><strong>\u00a0 \u00a0 L<\/strong>a seule proposition de cette mesure m\u00e9rite, selon nous,\u00a0 la censure. (Des passants , interrog\u00e9s dans la rue,\u00a0 parlent m\u00eame d\u2019un coup de pied au derri\u00e8re).<\/p><p>\u00a0 \u00a0 <strong>\u00a0A<\/strong>lors comment comprendre la s\u00e9quence politique \u00e0 laquelle nous assistons? En italique, les propos d\u2019O.Faure:<\/p><p>\u00a0 \u00a0 \u00a0\u00ab <i>S\u2019il n\u2019y a pas la suspension compl\u00e8te de la r\u00e9forme des retraites, on censurera.\u00a0<\/i>\u00bb La suspension n\u2019y est pas, la censure non plus! <i>\u00ab\u00a0S\u2019il n\u2019y a pas\u00a0 la taxe Zucman, on va censurer\u00a0\u00bb.<\/i> Il n\u2019ya pas la taxe, ni la censure. <i>\u00ab\u00a0S\u2019il n\u2019y a pas la taxe Zucman l\u00e9g\u00e8re, on censurera.\u00a0\u00bb <\/i>Pas de taxe l\u00e9g\u00e8re et pas de censure.<\/p><p>Les sympathisants ne savent plus sur quel pied danser.<\/p><p>\u00a0 \u00a0 <strong>\u00a0A<\/strong>ujourd\u2019hui les d\u00e9put\u00e9s PS applaudissent \u00e0 l\u2019ouverture de l\u2019examen d\u2019un projet visant \u00e0 augmenter la CSG sur le capital. Si la taxe Zucman ne taxait que les tr\u00e8s riches, sachez que si ce projet passe, nos petites, vraiment petites,\u00a0 \u00e9conomies seront tax\u00e9es.<\/p><p>\u00a0 \u00a0 <strong>\u00a0L<\/strong>a France Insoumise continue \u00e0 d\u00e9fendre le programme du NFP et ses mesures d\u2019urgence &#8230;sur lequel a \u00e9t\u00e9 \u00e9lu,\u00a0 il n\u2019y a pas si longtemps que \u00e7a, O.Faure. Visiblement celui-ci, rejoint C.Delga,\u00a0 et F.Hollande en reculant sans cesse devant Macron-Lecornu et leurs soutiens.<\/p>\t\t\t\t\t\t\t\t<\/div>\n\t\t\t\t\t<\/div>\n\t\t\t\t<\/div>\n\t\t<div class=\"elementor-element elementor-element-df13559 e-flex e-con-boxed e-con e-parent\" data-id=\"df13559\" data-element_type=\"container\" data-e-type=\"container\">\n\t\t\t\t\t<div class=\"e-con-inner\">\n\t\t\t\t<div class=\"elementor-element elementor-element-8fcb4d8 elementor-widget elementor-widget-button\" data-id=\"8fcb4d8\" data-element_type=\"widget\" data-e-type=\"widget\" data-widget_type=\"button.default\">\n\t\t\t\t\t\t\t\t\t\t<a class=\"elementor-button elementor-button-link elementor-size-sm\" href=\"https:\/\/aude-insoumise.fr\/?page_id=2184\">\n\t\t\t\t\t\t<span class=\"elementor-button-content-wrapper\">\n\t\t\t\t\t\t\t\t\t<span class=\"elementor-button-text\">retour au sommaire<\/span>\n\t\t\t\t\t<\/span>\n\t\t\t\t\t<\/a>\n\t\t\t\t\t\t\t\t<\/div>\n\t\t\t\t\t<\/div>\n\t\t\t\t<\/div>\n\t\t\t\t<\/div>\n\t\t","protected":false},"excerpt":{"rendered":"<p>S&rsquo;agenouiller devant le budget Macron, ou tout faire pour les chasser. Partie 2, l&rsquo;ignominie Le ministre Lescure \u00a0 \u00a0200 milliards d\u2019aides, sans contr\u00f4le, aux entreprises, 80 milliards d\u2019exon\u00e9ration de cotisations [&hellip;]<\/p>\n","protected":false},"author":4,"featured_media":0,"parent":0,"menu_order":0,"comment_status":"closed","ping_status":"closed","template":"template-page-builder.php","meta":{"om_disable_all_campaigns":false,"_monsterinsights_skip_tracking":false,"_monsterinsights_sitenote_active":false,"_monsterinsights_sitenote_note":"","_monsterinsights_sitenote_category":0,"ocean_post_layout":"","ocean_both_sidebars_style":"","ocean_both_sidebars_content_width":0,"ocean_both_sidebars_sidebars_width":0,"ocean_sidebar":"","ocean_second_sidebar":"","ocean_disable_margins":"enable","ocean_add_body_class":"","ocean_shortcode_before_top_bar":"","ocean_shortcode_after_top_bar":"","ocean_shortcode_before_header":"","ocean_shortcode_after_header":"","ocean_has_shortcode":"","ocean_shortcode_after_title":"","ocean_shortcode_before_footer_widgets":"","ocean_shortcode_after_footer_widgets":"","ocean_shortcode_before_footer_bottom":"","ocean_shortcode_after_footer_bottom":"","ocean_display_top_bar":"default","ocean_display_header":"default","ocean_header_style":"","ocean_center_header_left_menu":"","ocean_custom_header_template":"","ocean_custom_logo":0,"ocean_custom_retina_logo":0,"ocean_custom_logo_max_width":0,"ocean_custom_logo_tablet_max_width":0,"ocean_custom_logo_mobile_max_width":0,"ocean_custom_logo_max_height":0,"ocean_custom_logo_tablet_max_height":0,"ocean_custom_logo_mobile_max_height":0,"ocean_header_custom_menu":"","ocean_menu_typo_font_family":"","ocean_menu_typo_font_subset":"","ocean_menu_typo_font_size":0,"ocean_menu_typo_font_size_tablet":0,"ocean_menu_typo_font_size_mobile":0,"ocean_menu_typo_font_size_unit":"px","ocean_menu_typo_font_weight":"","ocean_menu_typo_font_weight_tablet":"","ocean_menu_typo_font_weight_mobile":"","ocean_menu_typo_transform":"","ocean_menu_typo_transform_tablet":"","ocean_menu_typo_transform_mobile":"","ocean_menu_typo_line_height":0,"ocean_menu_typo_line_height_tablet":0,"ocean_menu_typo_line_height_mobile":0,"ocean_menu_typo_line_height_unit":"","ocean_menu_typo_spacing":0,"ocean_menu_typo_spacing_tablet":0,"ocean_menu_typo_spacing_mobile":0,"ocean_menu_typo_spacing_unit":"","ocean_menu_link_color":"","ocean_menu_link_color_hover":"","ocean_menu_link_color_active":"","ocean_menu_link_background":"","ocean_menu_link_hover_background":"","ocean_menu_link_active_background":"","ocean_menu_social_links_bg":"","ocean_menu_social_hover_links_bg":"","ocean_menu_social_links_color":"","ocean_menu_social_hover_links_color":"","ocean_disable_title":"default","ocean_disable_heading":"default","ocean_post_title":"","ocean_post_subheading":"","ocean_post_title_style":"","ocean_post_title_background_color":"","ocean_post_title_background":0,"ocean_post_title_bg_image_position":"","ocean_post_title_bg_image_attachment":"","ocean_post_title_bg_image_repeat":"","ocean_post_title_bg_image_size":"","ocean_post_title_height":0,"ocean_post_title_bg_overlay":0.5,"ocean_post_title_bg_overlay_color":"","ocean_disable_breadcrumbs":"default","ocean_breadcrumbs_color":"","ocean_breadcrumbs_separator_color":"","ocean_breadcrumbs_links_color":"","ocean_breadcrumbs_links_hover_color":"","ocean_display_footer_widgets":"default","ocean_display_footer_bottom":"default","ocean_custom_footer_template":"","footnotes":""},"class_list":["post-2208","page","type-page","status-publish","hentry","entry"],"aioseo_notices":[],"rttpg_featured_image_url":null,"rttpg_author":{"display_name":"Bernard Colin","author_link":"https:\/\/aude-insoumise.fr\/?author=4"},"rttpg_comment":0,"rttpg_category":null,"rttpg_excerpt":"S&rsquo;agenouiller devant le budget Macron, ou tout faire pour les chasser. Partie 2, l&rsquo;ignominie Le ministre Lescure \u00a0 \u00a0200 milliards d\u2019aides, sans contr\u00f4le, aux entreprises, 80 milliards d\u2019exon\u00e9ration de cotisations [&hellip;]","_links":{"self":[{"href":"https:\/\/aude-insoumise.fr\/index.php?rest_route=\/wp\/v2\/pages\/2208","targetHints":{"allow":["GET"]}}],"collection":[{"href":"https:\/\/aude-insoumise.fr\/index.php?rest_route=\/wp\/v2\/pages"}],"about":[{"href":"https:\/\/aude-insoumise.fr\/index.php?rest_route=\/wp\/v2\/types\/page"}],"author":[{"embeddable":true,"href":"https:\/\/aude-insoumise.fr\/index.php?rest_route=\/wp\/v2\/users\/4"}],"replies":[{"embeddable":true,"href":"https:\/\/aude-insoumise.fr\/index.php?rest_route=%2Fwp%2Fv2%2Fcomments&post=2208"}],"version-history":[{"count":29,"href":"https:\/\/aude-insoumise.fr\/index.php?rest_route=\/wp\/v2\/pages\/2208\/revisions"}],"predecessor-version":[{"id":3671,"href":"https:\/\/aude-insoumise.fr\/index.php?rest_route=\/wp\/v2\/pages\/2208\/revisions\/3671"}],"wp:attachment":[{"href":"https:\/\/aude-insoumise.fr\/index.php?rest_route=%2Fwp%2Fv2%2Fmedia&parent=2208"}],"curies":[{"name":"wp","href":"https:\/\/api.w.org\/{rel}","templated":true}]}}