{"id":2225,"date":"2025-11-20T18:37:23","date_gmt":"2025-11-20T17:37:23","guid":{"rendered":"https:\/\/aude-insoumise.fr\/?page_id=2225"},"modified":"2025-12-12T15:43:23","modified_gmt":"2025-12-12T14:43:23","slug":"24-2","status":"publish","type":"page","link":"https:\/\/aude-insoumise.fr\/?page_id=2225","title":{"rendered":"24-2"},"content":{"rendered":"\t\t<div data-elementor-type=\"wp-page\" data-elementor-id=\"2225\" class=\"elementor elementor-2225\">\n\t\t\t\t<div class=\"elementor-element elementor-element-62128c6 e-flex e-con-boxed e-con e-parent\" data-id=\"62128c6\" data-element_type=\"container\" data-e-type=\"container\">\n\t\t\t\t\t<div class=\"e-con-inner\">\n\t\t\t\t<div class=\"elementor-element elementor-element-ab3f6ec elementor-widget elementor-widget-heading\" data-id=\"ab3f6ec\" data-element_type=\"widget\" data-e-type=\"widget\" data-widget_type=\"heading.default\">\n\t\t\t\t\t<h2 class=\"elementor-heading-title elementor-size-default\">Menassi: Une r\u00e9ponse qui questionne.<\/h2>\t\t\t\t<\/div>\n\t\t\t\t\t<\/div>\n\t\t\t\t<\/div>\n\t\t<div class=\"elementor-element elementor-element-f2edaa7 e-flex e-con-boxed e-con e-parent\" data-id=\"f2edaa7\" data-element_type=\"container\" data-e-type=\"container\">\n\t\t\t\t\t<div class=\"e-con-inner\">\n\t\t\t\t<div class=\"elementor-element elementor-element-dea8cb0 elementor-widget elementor-widget-image\" data-id=\"dea8cb0\" data-element_type=\"widget\" data-e-type=\"widget\" data-widget_type=\"image.default\">\n\t\t\t\t\t\t\t\t\t\t\t\t<figure class=\"wp-caption\">\n\t\t\t\t\t\t\t\t\t\t<img decoding=\"async\" width=\"150\" height=\"150\" src=\"https:\/\/aude-insoumise.fr\/wp-content\/uploads\/2025\/11\/Image8-150x150.png\" class=\"attachment-thumbnail size-thumbnail wp-image-2217\" alt=\"\" \/>\t\t\t\t\t\t\t\t\t\t\t<figcaption class=\"widget-image-caption wp-caption-text\">Le pr\u00e9sident de l'Association des Maires de l'Aude, Eric Menassi<\/figcaption>\n\t\t\t\t\t\t\t\t\t\t<\/figure>\n\t\t\t\t\t\t\t\t\t<\/div>\n\t\t\t\t<div class=\"elementor-element elementor-element-8240a13 elementor-widget elementor-widget-text-editor\" data-id=\"8240a13\" data-element_type=\"widget\" data-e-type=\"widget\" data-widget_type=\"text-editor.default\">\n\t\t\t\t\t\t\t\t\t<p>\u00a0 \u00a0 \u00a0<strong>R<\/strong>\u00e9cemment une photo rassemblant madame C.Delga, madame Sandragn\u00e9, et monsieur M\u00e9nassi, illustrait, dans la presse locale, les 14 pages de publicit\u00e9 autour du salon de l\u2019Association des Maires de l\u2019Aude .<\/p><p>\u00a0 \u00a0 <strong>\u00a0L<\/strong>es n\u00e9cessaires restrictions budg\u00e9taires pr\u00f4n\u00e9es par les trois personnes cit\u00e9es ne semblent pas toucher la publicit\u00e9 pour faire avaler ces m\u00eames restrictions budg\u00e9taires. Car \u00e0 lire ces pages, les atteintes faites par les budgets Macron-Barnier, puis Macron-Bayrou, et finalement Macron-Lecornu, n\u2019inqui\u00e8teraient pas les maires. Ah bon!<\/p><p>\u00a0 \u00a0 \u00a0<strong>L<\/strong>e lendemain, dans la m\u00eame presse, le journaliste pose la question que beaucoup de maires, et de citoyens se posent:<\/p><p>\u00a0 \u00a0 \u00a0\u00ab <i>Le budget est actuellement vot\u00e9 \u00e0 l\u2019assembl\u00e9e. Les collectivit\u00e9s locales pourraient \u00eatre impact\u00e9es par celui-ci. Ce sujet fera-r-il \u00e9galement partie des enjeux de ce salon ?\u00a0<\/i>\u00bb\u00a0<\/p><p>\u00a0 \u00a0 <strong>D<\/strong>ans la r\u00e9ponse de monsieur M\u00e9nassi, aucune critique de ce budget!\u00a0 Seul le d\u00e9bat sur la n\u00e9cessit\u00e9 d\u2019avoir un budget illustre sa r\u00e9ponse.<\/p><p>\u00a0 \u00a0 <strong>\u00a0L<\/strong>e moins que l\u2019on puisse dire, c\u2019est que C.Delga, E.M\u00e9nassi et H.Sandragn\u00e9 n\u2019entendent pas mobiliser \u00e9lus et citoyens contre ce budget de catastrophe.<\/p><p>\u00a0 \u00a0 <strong>\u00a0L<\/strong>es maires ont d\u00e9j\u00e0 vu les financements de leurs projets rabot\u00e9s par les effets des restrictions impos\u00e9es par\u00a0 les trois derniers premiers ministres sous le r\u00e8gne de Macron. Tout cela va empirer.<\/p><p>\u00a0 \u00a0 \u00a0<strong>P<\/strong>as s\u00fbr que les efforts d\u00e9sesp\u00e9r\u00e9s de C.Delga\u00a0 et des siens parvienne \u00e0 faire avaler l\u2019am\u00e8re potion Lecornu.<\/p>\t\t\t\t\t\t\t\t<\/div>\n\t\t\t\t\t<\/div>\n\t\t\t\t<\/div>\n\t\t<div class=\"elementor-element elementor-element-7021295 e-flex e-con-boxed e-con e-parent\" data-id=\"7021295\" data-element_type=\"container\" data-e-type=\"container\">\n\t\t\t\t\t<div class=\"e-con-inner\">\n\t\t\t\t<div class=\"elementor-element elementor-element-285b8c6 elementor-widget elementor-widget-button\" data-id=\"285b8c6\" data-element_type=\"widget\" data-e-type=\"widget\" data-widget_type=\"button.default\">\n\t\t\t\t\t\t\t\t\t\t<a class=\"elementor-button elementor-button-link elementor-size-sm\" href=\"https:\/\/aude-insoumise.fr\/?page_id=2184\">\n\t\t\t\t\t\t<span class=\"elementor-button-content-wrapper\">\n\t\t\t\t\t\t\t\t\t<span class=\"elementor-button-text\">Retour au sommaire<\/span>\n\t\t\t\t\t<\/span>\n\t\t\t\t\t<\/a>\n\t\t\t\t\t\t\t\t<\/div>\n\t\t\t\t\t<\/div>\n\t\t\t\t<\/div>\n\t\t\t\t<\/div>\n\t\t","protected":false},"excerpt":{"rendered":"<p>Menassi: Une r\u00e9ponse qui questionne. Le pr\u00e9sident de l&rsquo;Association des Maires de l&rsquo;Aude, Eric Menassi \u00a0 \u00a0 \u00a0R\u00e9cemment une photo rassemblant madame C.Delga, madame Sandragn\u00e9, et monsieur M\u00e9nassi, illustrait, dans [&hellip;]<\/p>\n","protected":false},"author":4,"featured_media":0,"parent":0,"menu_order":0,"comment_status":"closed","ping_status":"closed","template":"template-page-builder.php","meta":{"om_disable_all_campaigns":false,"_monsterinsights_skip_tracking":false,"_monsterinsights_sitenote_active":false,"_monsterinsights_sitenote_note":"","_monsterinsights_sitenote_category":0,"ocean_post_layout":"","ocean_both_sidebars_style":"","ocean_both_sidebars_content_width":0,"ocean_both_sidebars_sidebars_width":0,"ocean_sidebar":"","ocean_second_sidebar":"","ocean_disable_margins":"enable","ocean_add_body_class":"","ocean_shortcode_before_top_bar":"","ocean_shortcode_after_top_bar":"","ocean_shortcode_before_header":"","ocean_shortcode_after_header":"","ocean_has_shortcode":"","ocean_shortcode_after_title":"","ocean_shortcode_before_footer_widgets":"","ocean_shortcode_after_footer_widgets":"","ocean_shortcode_before_footer_bottom":"","ocean_shortcode_after_footer_bottom":"","ocean_display_top_bar":"default","ocean_display_header":"default","ocean_header_style":"","ocean_center_header_left_menu":"","ocean_custom_header_template":"","ocean_custom_logo":0,"ocean_custom_retina_logo":0,"ocean_custom_logo_max_width":0,"ocean_custom_logo_tablet_max_width":0,"ocean_custom_logo_mobile_max_width":0,"ocean_custom_logo_max_height":0,"ocean_custom_logo_tablet_max_height":0,"ocean_custom_logo_mobile_max_height":0,"ocean_header_custom_menu":"","ocean_menu_typo_font_family":"","ocean_menu_typo_font_subset":"","ocean_menu_typo_font_size":0,"ocean_menu_typo_font_size_tablet":0,"ocean_menu_typo_font_size_mobile":0,"ocean_menu_typo_font_size_unit":"px","ocean_menu_typo_font_weight":"","ocean_menu_typo_font_weight_tablet":"","ocean_menu_typo_font_weight_mobile":"","ocean_menu_typo_transform":"","ocean_menu_typo_transform_tablet":"","ocean_menu_typo_transform_mobile":"","ocean_menu_typo_line_height":0,"ocean_menu_typo_line_height_tablet":0,"ocean_menu_typo_line_height_mobile":0,"ocean_menu_typo_line_height_unit":"","ocean_menu_typo_spacing":0,"ocean_menu_typo_spacing_tablet":0,"ocean_menu_typo_spacing_mobile":0,"ocean_menu_typo_spacing_unit":"","ocean_menu_link_color":"","ocean_menu_link_color_hover":"","ocean_menu_link_color_active":"","ocean_menu_link_background":"","ocean_menu_link_hover_background":"","ocean_menu_link_active_background":"","ocean_menu_social_links_bg":"","ocean_menu_social_hover_links_bg":"","ocean_menu_social_links_color":"","ocean_menu_social_hover_links_color":"","ocean_disable_title":"default","ocean_disable_heading":"default","ocean_post_title":"","ocean_post_subheading":"","ocean_post_title_style":"","ocean_post_title_background_color":"","ocean_post_title_background":0,"ocean_post_title_bg_image_position":"","ocean_post_title_bg_image_attachment":"","ocean_post_title_bg_image_repeat":"","ocean_post_title_bg_image_size":"","ocean_post_title_height":0,"ocean_post_title_bg_overlay":0.5,"ocean_post_title_bg_overlay_color":"","ocean_disable_breadcrumbs":"default","ocean_breadcrumbs_color":"","ocean_breadcrumbs_separator_color":"","ocean_breadcrumbs_links_color":"","ocean_breadcrumbs_links_hover_color":"","ocean_display_footer_widgets":"default","ocean_display_footer_bottom":"default","ocean_custom_footer_template":"","footnotes":""},"class_list":["post-2225","page","type-page","status-publish","hentry","entry"],"aioseo_notices":[],"rttpg_featured_image_url":null,"rttpg_author":{"display_name":"Bernard Colin","author_link":"https:\/\/aude-insoumise.fr\/?author=4"},"rttpg_comment":0,"rttpg_category":null,"rttpg_excerpt":"Menassi: Une r\u00e9ponse qui questionne. Le pr\u00e9sident de l&rsquo;Association des Maires de l&rsquo;Aude, Eric Menassi \u00a0 \u00a0 \u00a0R\u00e9cemment une photo rassemblant madame C.Delga, madame Sandragn\u00e9, et monsieur M\u00e9nassi, illustrait, dans [&hellip;]","_links":{"self":[{"href":"https:\/\/aude-insoumise.fr\/index.php?rest_route=\/wp\/v2\/pages\/2225","targetHints":{"allow":["GET"]}}],"collection":[{"href":"https:\/\/aude-insoumise.fr\/index.php?rest_route=\/wp\/v2\/pages"}],"about":[{"href":"https:\/\/aude-insoumise.fr\/index.php?rest_route=\/wp\/v2\/types\/page"}],"author":[{"embeddable":true,"href":"https:\/\/aude-insoumise.fr\/index.php?rest_route=\/wp\/v2\/users\/4"}],"replies":[{"embeddable":true,"href":"https:\/\/aude-insoumise.fr\/index.php?rest_route=%2Fwp%2Fv2%2Fcomments&post=2225"}],"version-history":[{"count":19,"href":"https:\/\/aude-insoumise.fr\/index.php?rest_route=\/wp\/v2\/pages\/2225\/revisions"}],"predecessor-version":[{"id":3675,"href":"https:\/\/aude-insoumise.fr\/index.php?rest_route=\/wp\/v2\/pages\/2225\/revisions\/3675"}],"wp:attachment":[{"href":"https:\/\/aude-insoumise.fr\/index.php?rest_route=%2Fwp%2Fv2%2Fmedia&parent=2225"}],"curies":[{"name":"wp","href":"https:\/\/api.w.org\/{rel}","templated":true}]}}