{"id":2233,"date":"2025-11-20T19:24:06","date_gmt":"2025-11-20T18:24:06","guid":{"rendered":"https:\/\/aude-insoumise.fr\/?page_id=2233"},"modified":"2025-12-12T15:44:09","modified_gmt":"2025-12-12T14:44:09","slug":"24-3","status":"publish","type":"page","link":"https:\/\/aude-insoumise.fr\/?page_id=2233","title":{"rendered":"24-3"},"content":{"rendered":"\t\t<div data-elementor-type=\"wp-page\" data-elementor-id=\"2233\" class=\"elementor elementor-2233\">\n\t\t\t\t<div class=\"elementor-element elementor-element-a0e647c e-flex e-con-boxed e-con e-parent\" data-id=\"a0e647c\" data-element_type=\"container\" data-e-type=\"container\">\n\t\t\t\t\t<div class=\"e-con-inner\">\n\t\t\t\t<div class=\"elementor-element elementor-element-447c580 elementor-widget elementor-widget-heading\" data-id=\"447c580\" data-element_type=\"widget\" data-e-type=\"widget\" data-widget_type=\"heading.default\">\n\t\t\t\t\t<h1 class=\"elementor-heading-title elementor-size-default\">Sant\u00e9<\/h1>\t\t\t\t<\/div>\n\t\t\t\t\t<\/div>\n\t\t\t\t<\/div>\n\t\t<div class=\"elementor-element elementor-element-d90501d e-flex e-con-boxed e-con e-parent\" data-id=\"d90501d\" data-element_type=\"container\" data-e-type=\"container\">\n\t\t\t\t\t<div class=\"e-con-inner\">\n\t\t\t\t<div class=\"elementor-element elementor-element-92cfde2 elementor-widget elementor-widget-text-editor\" data-id=\"92cfde2\" data-element_type=\"widget\" data-e-type=\"widget\" data-widget_type=\"text-editor.default\">\n\t\t\t\t\t\t\t\t\t<p><b>\u00a0 \u00a0 \u00a0<\/b><strong>\u00a0La presse locale a largement rapport\u00e9 la campagne de G.Larrat, maire LR (pacte de stabilit\u00e9 non censure) de Carcassonne et de Alix Alcazar t\u00eate de liste socialiste (pacte de stabilit\u00e9 non censure), du bloc local, Radicaux de Gauche, PCF, Gluksmann et sa place publique, EELV, Parti occitan, avec le soutien de JC.Perez.<\/strong><\/p>\t\t\t\t\t\t\t\t<\/div>\n\t\t\t\t<div class=\"elementor-element elementor-element-593e234 elementor-widget elementor-widget-image\" data-id=\"593e234\" data-element_type=\"widget\" data-e-type=\"widget\" data-widget_type=\"image.default\">\n\t\t\t\t\t\t\t\t\t\t\t\t\t\t\t<img fetchpriority=\"high\" decoding=\"async\" width=\"290\" height=\"272\" src=\"https:\/\/aude-insoumise.fr\/wp-content\/uploads\/2025\/11\/Image4-1.png\" class=\"attachment-large size-large wp-image-2191\" alt=\"\" \/>\t\t\t\t\t\t\t\t\t\t\t\t\t\t\t<\/div>\n\t\t\t\t\t<\/div>\n\t\t\t\t<\/div>\n\t\t<div class=\"elementor-element elementor-element-d72b946 e-flex e-con-boxed e-con e-parent\" data-id=\"d72b946\" data-element_type=\"container\" data-e-type=\"container\">\n\t\t\t\t\t<div class=\"e-con-inner\">\n\t\t\t\t<div class=\"elementor-element elementor-element-d793b8e elementor-widget elementor-widget-heading\" data-id=\"d793b8e\" data-element_type=\"widget\" data-e-type=\"widget\" data-widget_type=\"heading.default\">\n\t\t\t\t\t<h2 class=\"elementor-heading-title elementor-size-default\">Embrouille et esbrouf<\/h2>\t\t\t\t<\/div>\n\t\t\t\t\t<\/div>\n\t\t\t\t<\/div>\n\t\t<div class=\"elementor-element elementor-element-1fd5331 e-flex e-con-boxed e-con e-parent\" data-id=\"1fd5331\" data-element_type=\"container\" data-e-type=\"container\" data-settings=\"{&quot;background_background&quot;:&quot;classic&quot;}\">\n\t\t\t\t\t<div class=\"e-con-inner\">\n\t\t\t\t<div class=\"elementor-element elementor-element-65980d5 elementor-widget elementor-widget-spacer\" data-id=\"65980d5\" data-element_type=\"widget\" data-e-type=\"widget\" data-widget_type=\"spacer.default\">\n\t\t\t\t\t\t\t<div class=\"elementor-spacer\">\n\t\t\t<div class=\"elementor-spacer-inner\"><\/div>\n\t\t<\/div>\n\t\t\t\t\t\t<\/div>\n\t\t\t\t<div class=\"elementor-element elementor-element-8cf2a69 elementor-widget elementor-widget-text-editor\" data-id=\"8cf2a69\" data-element_type=\"widget\" data-e-type=\"widget\" data-widget_type=\"text-editor.default\">\n\t\t\t\t\t\t\t\t\t<p><b>\u00a0 \u00a0 \u00a0G<\/b>.Larrat d\u00e9clare que Carcassonne n\u2019est pas un d\u00e9sert m\u00e9dical, juste en situation de p\u00e9nurie. Il encense l\u2019action de sa municipalit\u00e9 mettant en avant la premi\u00e8re bourse attribu\u00e9e \u00e0 un \u00e9tudiant pour, qu\u2019\u00e9tudes termin\u00e9es, il s\u2019installe \u00e0 Carcassonne.<\/p><p><b>\u00a0 \u00a0 \u00a0L<\/b>e lendemain Alix Alcazar promeut un futur cabinet m\u00e9dical pluri-professionnel, en pr\u00e9cisant qu\u2019il fallait trouver les m\u00e9decins et que la municipalit\u00e9 n\u2019aurait pas fait assez en ce sens. La repr\u00e9sentante du PCF entend par ce projet garantir l\u2019acc\u00e8s aux soins de qualit\u00e9 dans un centre regroupant g\u00e9n\u00e9ralistes\u00a0 sp\u00e9cialistes&#8230;les m\u00e9decins seraient salari\u00e9s \u2026(Les s\u00e9niors \u00e0 temps partiels!). La t\u00e9t\u00e9 m\u00e9decine serait d\u00e9ploy\u00e9e\u2026\u2026\u2026. On dirait Perrette et le pot au lait!!!\u00a0 Comment le PCF qui, il y a quelques mois \u00e0 peine alertait, \u00e0 juste titre, sur une situation catastrophique par <b>insuffisance<\/b> <b>\u00a0cruciale de g\u00e9n\u00e9ralistes\u00a0 et de sp\u00e9cialistes <\/b>peut-il croire cela aujourd\u2019hui ?<\/p><p><b>\u00a0 \u00a0 \u00a0E<\/b>t l\u2019article de conclure que l\u2019objectif\u00a0 est de cr\u00e9er un climat de confiance favorable \u00e0 l\u2019installation des m\u00e9decins.<\/p><p><b>\u00a0\u00a0\u00a0\u00a0\u00a0\u00a0\u00a0\u00a0\u00a0\u00a0\u00a0\u00a0\u00a0\u00a0\u00a0\u00a0\u00a0\u00a0\u00a0 <\/b><span style=\"color: #000000;\"><b>C\u2019est d\u00e9lirant!<\/b><\/span><\/p>\t\t\t\t\t\t\t\t<\/div>\n\t\t\t\t<div class=\"elementor-element elementor-element-cff6cc2 elementor-widget elementor-widget-heading\" data-id=\"cff6cc2\" data-element_type=\"widget\" data-e-type=\"widget\" data-widget_type=\"heading.default\">\n\t\t\t\t\t<h2 class=\"elementor-heading-title elementor-size-default\">Ou comment cacher une r\u00e9alit\u00e9 pourtant simple.<\/h2>\t\t\t\t<\/div>\n\t\t\t\t<div class=\"elementor-element elementor-element-9f766b6 elementor-widget elementor-widget-spacer\" data-id=\"9f766b6\" data-element_type=\"widget\" data-e-type=\"widget\" data-widget_type=\"spacer.default\">\n\t\t\t\t\t\t\t<div class=\"elementor-spacer\">\n\t\t\t<div class=\"elementor-spacer-inner\"><\/div>\n\t\t<\/div>\n\t\t\t\t\t\t<\/div>\n\t\t\t\t<div class=\"elementor-element elementor-element-800d086 elementor-widget elementor-widget-text-editor\" data-id=\"800d086\" data-element_type=\"widget\" data-e-type=\"widget\" data-widget_type=\"text-editor.default\">\n\t\t\t\t\t\t\t\t\t<p><b>\u00a0 \u00a0 \u00a0C<\/b>e n\u2019est pas par manque de confiance que les m\u00e9decins ne viennent pas. C\u2019EST PARCE QU\u2019IL N\u2019Y EN A PAS ASSEZ EN FORMATION! C\u2019est parce que le budget que Macron-Lecornu s\u2019appr\u00eate \u00e0 imposer aux Fran\u00e7ais, apr\u00e8s l\u2019avoir fait avaler si possible \u00e0 l\u2019Assembl\u00e9e, ne pr\u00e9voit pas d\u2019en former. Au contraire. Et cela la t\u00eate de liste Alix Alcazar le sait pertinemment. Comme il sait que ce budget, tout comme ceux de Bayrou et Barnier, comprend la fermeture de lits, le doublement des franchises m\u00e9dicales\u2026.et tous les mauvais coups contre la s\u00e9cu et les services de sant\u00e9.<\/p><p><b>\u00a0 \u00a0 \u00a0T<\/b>ravaillant au Conseil D\u00e9partemental, il ne peut ignorer non plus que de Castelnaudary \u00e0 Narbonne,\u00a0 et de Limoux \u00e0 Coursan, les m\u00e9decins font cruellement d\u00e9faut dans les services de protection de l\u2019enfance. (Bien s\u00fbr, on apprend aux \u00e9quipes \u00e0 s\u2019en passer! )<\/p><p><strong>Il ne peut ignorer\u2026.mais il n\u2019en dit mot.<\/strong> Et pendant ce temps \u00ab\u00a0la non censure\u00a0\u00bb laisse Macron-Lecornu gouverner.<\/p>\t\t\t\t\t\t\t\t<\/div>\n\t\t\t\t<div class=\"elementor-element elementor-element-9b3fe51 elementor-widget__width-initial elementor-widget-mobile__width-initial elementor-widget elementor-widget-image\" data-id=\"9b3fe51\" data-element_type=\"widget\" data-e-type=\"widget\" data-widget_type=\"image.default\">\n\t\t\t\t\t\t\t\t\t\t\t\t\t\t\t<img decoding=\"async\" width=\"300\" height=\"144\" src=\"https:\/\/aude-insoumise.fr\/wp-content\/uploads\/2025\/11\/Image6-300x144.png\" class=\"attachment-medium size-medium wp-image-2193\" alt=\"\" srcset=\"https:\/\/aude-insoumise.fr\/wp-content\/uploads\/2025\/11\/Image6-300x144.png 300w, https:\/\/aude-insoumise.fr\/wp-content\/uploads\/2025\/11\/Image6.png 577w\" sizes=\"(max-width: 300px) 100vw, 300px\" \/>\t\t\t\t\t\t\t\t\t\t\t\t\t\t\t<\/div>\n\t\t\t\t<div class=\"elementor-element elementor-element-3224352 elementor-widget elementor-widget-text-editor\" data-id=\"3224352\" data-element_type=\"widget\" data-e-type=\"widget\" data-widget_type=\"text-editor.default\">\n\t\t\t\t\t\t\t\t\t<p><b>\u00a0 \u00a0 \u00a0L<\/b>es collectivit\u00e9s voient leurs dotations diminuer et elles devraient se mettre en concurrence pour financer les projets d\u2019installation de m\u00e9decins?\u00a0 S\u2019ils vont l\u00e0, ils feront d\u00e9faut ailleurs. Tout le monde comprend cela. Vu les d\u00e9parts \u00e0 la retraite, et le nombre de nouveaux m\u00e9decins disponibles, dans l\u2019avenir\u00a0 il en manquera PARTOUT. Le budget Macron-Lecornu ne pr\u00e9voit rien contre cela, bien au contraire.<\/p><p><b>\u00a0 \u00a0 \u00a0P<\/b>ourquoi embrouiller.? Il suffit\u00a0 de d\u00e9terminer le nombre de m\u00e9decins n\u00e9cessaire, (nombre de malades, temps de travail) et sans plus tarder mettre en \u0153uvre la formation.<\/p>\t\t\t\t\t\t\t\t<\/div>\n\t\t\t\t<div class=\"elementor-element elementor-element-82fc2fc elementor-widget elementor-widget-heading\" data-id=\"82fc2fc\" data-element_type=\"widget\" data-e-type=\"widget\" data-widget_type=\"heading.default\">\n\t\t\t\t\t<h2 class=\"elementor-heading-title elementor-size-default\">Quelques-unes de nos propositions <\/h2>\t\t\t\t<\/div>\n\t\t\t\t<div class=\"elementor-element elementor-element-ae25eb4 elementor-widget elementor-widget-text-editor\" data-id=\"ae25eb4\" data-element_type=\"widget\" data-e-type=\"widget\" data-widget_type=\"text-editor.default\">\n\t\t\t\t\t\t\t\t\t<ul><li><b>Engager un plan de formation massif des professionnel\u00b7les de sant\u00e9<\/b>. Augmenter les moyens allou\u00e9s aux facult\u00e9s de m\u00e9decine et r\u00e9former la formation pratique pour rendre effectif la fin du <i>numerus clausus<\/i>. R\u00e9habiliter la possibilit\u00e9 de redoublement pour l\u2019entr\u00e9e en facult\u00e9 de m\u00e9decine<\/li><li>G\u00e9n\u00e9raliser les contrats d\u2019\u00e9tudes dans toutes les formations param\u00e9dicales (infirmier\u00b7es, aides-soignant\u00b7es, ambulancier\u00b7es, etc.) avec une r\u00e9mun\u00e9ration au SMIC pendant la formation contre un engagement \u00e0 servir dans un \u00e9tablissement ou dans un territoire pendant un certain nombre d\u2019ann\u00e9es<\/li><li><b>Permettre aux \u00e9tudiant\u00b7es en m\u00e9decine d\u2019\u00e9tudier dans des conditions correctes<\/b> jusqu\u2019\u00e0 la fin de leur internat gr\u00e2ce \u00e0 une garantie d\u2019autonomie de 1063 euros et reconna\u00eetre leur travail de stage.\u00a0<\/li><li><b>Augmenter le recours au contrat d\u2019engagement de service public (CESP) <\/b>pour les \u00e9tudiant\u00b7es en m\u00e9decine avec un objectif de 10 000 contrats conclus \u00e0 la fin du quinquennat.<\/li><\/ul>\t\t\t\t\t\t\t\t<\/div>\n\t\t\t\t<div class=\"elementor-element elementor-element-6d2e099 elementor-widget elementor-widget-text-editor\" data-id=\"6d2e099\" data-element_type=\"widget\" data-e-type=\"widget\" data-widget_type=\"text-editor.default\">\n\t\t\t\t\t\t\t\t\t<p>\u00a0 Une fois cela fait, des mesures \u00ab\u00a0en attendant\u00a0\u00bb seront bien s\u00fbr indispensables. Qui peut croire cela possible avec Macron ?<\/p>\t\t\t\t\t\t\t\t<\/div>\n\t\t\t\t<div class=\"elementor-element elementor-element-00ef778 elementor-widget elementor-widget-text-editor\" data-id=\"00ef778\" data-element_type=\"widget\" data-e-type=\"widget\" data-widget_type=\"text-editor.default\">\n\t\t\t\t\t\t\t\t\t<p><b>\u00a0 \u00a0 P<\/b><b>eut-on d\u00e9fendre les collectivit\u00e9s locales sans condamner le budget qui les \u00e9trangle? Peut-on commencer \u00e0 r\u00e9tablir un v\u00e9ritable droit \u00e0 se faire soigner, tout en permettant \u00e0 Macron-Lecornu de continuer\u00a0 leur politique ? Pour notre part, nous pensons que non.<\/b><\/p>\t\t\t\t\t\t\t\t<\/div>\n\t\t\t\t\t<\/div>\n\t\t\t\t<\/div>\n\t\t<div class=\"elementor-element elementor-element-f453671 e-flex e-con-boxed e-con e-parent\" data-id=\"f453671\" data-element_type=\"container\" data-e-type=\"container\">\n\t\t\t\t\t<div class=\"e-con-inner\">\n\t\t\t\t<div class=\"elementor-element elementor-element-07660f1 elementor-widget elementor-widget-button\" data-id=\"07660f1\" data-element_type=\"widget\" data-e-type=\"widget\" data-widget_type=\"button.default\">\n\t\t\t\t\t\t\t\t\t\t<a class=\"elementor-button elementor-button-link elementor-size-sm\" href=\"https:\/\/aude-insoumise.fr\/?page_id=2184\">\n\t\t\t\t\t\t<span class=\"elementor-button-content-wrapper\">\n\t\t\t\t\t\t\t\t\t<span class=\"elementor-button-text\">Retour au sommaire<\/span>\n\t\t\t\t\t<\/span>\n\t\t\t\t\t<\/a>\n\t\t\t\t\t\t\t\t<\/div>\n\t\t\t\t\t<\/div>\n\t\t\t\t<\/div>\n\t\t<div class=\"elementor-element elementor-element-d4425c1 e-flex e-con-boxed e-con e-parent\" data-id=\"d4425c1\" data-element_type=\"container\" data-e-type=\"container\">\n\t\t\t\t\t<div class=\"e-con-inner\">\n\t\t\t\t\t<\/div>\n\t\t\t\t<\/div>\n\t\t\t\t<\/div>\n\t\t","protected":false},"excerpt":{"rendered":"<p>Sant\u00e9 \u00a0 \u00a0 \u00a0\u00a0La presse locale a largement rapport\u00e9 la campagne de G.Larrat, maire LR (pacte de stabilit\u00e9 non censure) de Carcassonne et de Alix Alcazar t\u00eate de liste socialiste [&hellip;]<\/p>\n","protected":false},"author":4,"featured_media":0,"parent":0,"menu_order":0,"comment_status":"closed","ping_status":"closed","template":"template-page-builder.php","meta":{"om_disable_all_campaigns":false,"_monsterinsights_skip_tracking":false,"_monsterinsights_sitenote_active":false,"_monsterinsights_sitenote_note":"","_monsterinsights_sitenote_category":0,"ocean_post_layout":"","ocean_both_sidebars_style":"","ocean_both_sidebars_content_width":0,"ocean_both_sidebars_sidebars_width":0,"ocean_sidebar":"","ocean_second_sidebar":"","ocean_disable_margins":"enable","ocean_add_body_class":"","ocean_shortcode_before_top_bar":"","ocean_shortcode_after_top_bar":"","ocean_shortcode_before_header":"","ocean_shortcode_after_header":"","ocean_has_shortcode":"","ocean_shortcode_after_title":"","ocean_shortcode_before_footer_widgets":"","ocean_shortcode_after_footer_widgets":"","ocean_shortcode_before_footer_bottom":"","ocean_shortcode_after_footer_bottom":"","ocean_display_top_bar":"default","ocean_display_header":"default","ocean_header_style":"","ocean_center_header_left_menu":"","ocean_custom_header_template":"","ocean_custom_logo":0,"ocean_custom_retina_logo":0,"ocean_custom_logo_max_width":0,"ocean_custom_logo_tablet_max_width":0,"ocean_custom_logo_mobile_max_width":0,"ocean_custom_logo_max_height":0,"ocean_custom_logo_tablet_max_height":0,"ocean_custom_logo_mobile_max_height":0,"ocean_header_custom_menu":"","ocean_menu_typo_font_family":"","ocean_menu_typo_font_subset":"","ocean_menu_typo_font_size":0,"ocean_menu_typo_font_size_tablet":0,"ocean_menu_typo_font_size_mobile":0,"ocean_menu_typo_font_size_unit":"px","ocean_menu_typo_font_weight":"","ocean_menu_typo_font_weight_tablet":"","ocean_menu_typo_font_weight_mobile":"","ocean_menu_typo_transform":"","ocean_menu_typo_transform_tablet":"","ocean_menu_typo_transform_mobile":"","ocean_menu_typo_line_height":0,"ocean_menu_typo_line_height_tablet":0,"ocean_menu_typo_line_height_mobile":0,"ocean_menu_typo_line_height_unit":"","ocean_menu_typo_spacing":0,"ocean_menu_typo_spacing_tablet":0,"ocean_menu_typo_spacing_mobile":0,"ocean_menu_typo_spacing_unit":"","ocean_menu_link_color":"","ocean_menu_link_color_hover":"","ocean_menu_link_color_active":"","ocean_menu_link_background":"","ocean_menu_link_hover_background":"","ocean_menu_link_active_background":"","ocean_menu_social_links_bg":"","ocean_menu_social_hover_links_bg":"","ocean_menu_social_links_color":"","ocean_menu_social_hover_links_color":"","ocean_disable_title":"default","ocean_disable_heading":"default","ocean_post_title":"","ocean_post_subheading":"","ocean_post_title_style":"","ocean_post_title_background_color":"","ocean_post_title_background":0,"ocean_post_title_bg_image_position":"","ocean_post_title_bg_image_attachment":"","ocean_post_title_bg_image_repeat":"","ocean_post_title_bg_image_size":"","ocean_post_title_height":0,"ocean_post_title_bg_overlay":0.5,"ocean_post_title_bg_overlay_color":"","ocean_disable_breadcrumbs":"default","ocean_breadcrumbs_color":"","ocean_breadcrumbs_separator_color":"","ocean_breadcrumbs_links_color":"","ocean_breadcrumbs_links_hover_color":"","ocean_display_footer_widgets":"default","ocean_display_footer_bottom":"default","ocean_custom_footer_template":"","footnotes":""},"class_list":["post-2233","page","type-page","status-publish","hentry","entry"],"aioseo_notices":[],"rttpg_featured_image_url":null,"rttpg_author":{"display_name":"Bernard Colin","author_link":"https:\/\/aude-insoumise.fr\/?author=4"},"rttpg_comment":0,"rttpg_category":null,"rttpg_excerpt":"Sant\u00e9 \u00a0 \u00a0 \u00a0\u00a0La presse locale a largement rapport\u00e9 la campagne de G.Larrat, maire LR (pacte de stabilit\u00e9 non censure) de Carcassonne et de Alix Alcazar t\u00eate de liste socialiste [&hellip;]","_links":{"self":[{"href":"https:\/\/aude-insoumise.fr\/index.php?rest_route=\/wp\/v2\/pages\/2233","targetHints":{"allow":["GET"]}}],"collection":[{"href":"https:\/\/aude-insoumise.fr\/index.php?rest_route=\/wp\/v2\/pages"}],"about":[{"href":"https:\/\/aude-insoumise.fr\/index.php?rest_route=\/wp\/v2\/types\/page"}],"author":[{"embeddable":true,"href":"https:\/\/aude-insoumise.fr\/index.php?rest_route=\/wp\/v2\/users\/4"}],"replies":[{"embeddable":true,"href":"https:\/\/aude-insoumise.fr\/index.php?rest_route=%2Fwp%2Fv2%2Fcomments&post=2233"}],"version-history":[{"count":28,"href":"https:\/\/aude-insoumise.fr\/index.php?rest_route=\/wp\/v2\/pages\/2233\/revisions"}],"predecessor-version":[{"id":3679,"href":"https:\/\/aude-insoumise.fr\/index.php?rest_route=\/wp\/v2\/pages\/2233\/revisions\/3679"}],"wp:attachment":[{"href":"https:\/\/aude-insoumise.fr\/index.php?rest_route=%2Fwp%2Fv2%2Fmedia&parent=2233"}],"curies":[{"name":"wp","href":"https:\/\/api.w.org\/{rel}","templated":true}]}}