{"id":3865,"date":"2025-12-16T18:20:20","date_gmt":"2025-12-16T17:20:20","guid":{"rendered":"https:\/\/aude-insoumise.fr\/?page_id=3865"},"modified":"2025-12-23T00:32:36","modified_gmt":"2025-12-22T23:32:36","slug":"n-28-17-dec-2025","status":"publish","type":"page","link":"https:\/\/aude-insoumise.fr\/?page_id=3865","title":{"rendered":"N\u00b0 28. 17 dec 2025"},"content":{"rendered":"\t\t<div data-elementor-type=\"wp-page\" data-elementor-id=\"3865\" class=\"elementor elementor-3865\">\n\t\t\t\t<div class=\"elementor-element elementor-element-c26b4c8 e-flex e-con-boxed e-con e-parent\" data-id=\"c26b4c8\" data-element_type=\"container\" data-e-type=\"container\">\n\t\t\t\t\t<div class=\"e-con-inner\">\n\t\t\t\t<div class=\"elementor-element elementor-element-c011edb elementor-widget elementor-widget-spacer\" data-id=\"c011edb\" data-element_type=\"widget\" data-e-type=\"widget\" data-widget_type=\"spacer.default\">\n\t\t\t\t\t\t\t<div class=\"elementor-spacer\">\n\t\t\t<div class=\"elementor-spacer-inner\"><\/div>\n\t\t<\/div>\n\t\t\t\t\t\t<\/div>\n\t\t\t\t<div class=\"elementor-element elementor-element-c4cb591 elementor-widget elementor-widget-image\" data-id=\"c4cb591\" data-element_type=\"widget\" data-e-type=\"widget\" data-widget_type=\"image.default\">\n\t\t\t\t\t\t\t\t\t\t\t\t\t\t\t<img fetchpriority=\"high\" decoding=\"async\" width=\"1024\" height=\"185\" src=\"https:\/\/aude-insoumise.fr\/wp-content\/uploads\/2025\/11\/bandeau-alpha-dpt-2-quintet-1024x185.jpg\" class=\"attachment-large size-large wp-image-2039\" alt=\"\" srcset=\"https:\/\/aude-insoumise.fr\/wp-content\/uploads\/2025\/11\/bandeau-alpha-dpt-2-quintet-1024x185.jpg 1024w, https:\/\/aude-insoumise.fr\/wp-content\/uploads\/2025\/11\/bandeau-alpha-dpt-2-quintet-300x54.jpg 300w, https:\/\/aude-insoumise.fr\/wp-content\/uploads\/2025\/11\/bandeau-alpha-dpt-2-quintet-768x139.jpg 768w, https:\/\/aude-insoumise.fr\/wp-content\/uploads\/2025\/11\/bandeau-alpha-dpt-2-quintet-1536x277.jpg 1536w, https:\/\/aude-insoumise.fr\/wp-content\/uploads\/2025\/11\/bandeau-alpha-dpt-2-quintet-2048x369.jpg 2048w\" sizes=\"(max-width: 1024px) 100vw, 1024px\" \/>\t\t\t\t\t\t\t\t\t\t\t\t\t\t\t<\/div>\n\t\t\t\t<div class=\"elementor-element elementor-element-db72035 elementor-widget elementor-widget-spacer\" data-id=\"db72035\" data-element_type=\"widget\" data-e-type=\"widget\" data-widget_type=\"spacer.default\">\n\t\t\t\t\t\t\t<div class=\"elementor-spacer\">\n\t\t\t<div class=\"elementor-spacer-inner\"><\/div>\n\t\t<\/div>\n\t\t\t\t\t\t<\/div>\n\t\t\t\t\t<\/div>\n\t\t\t\t<\/div>\n\t\t<div class=\"elementor-element elementor-element-03493e0 e-flex e-con-boxed e-con e-parent\" data-id=\"03493e0\" data-element_type=\"container\" data-e-type=\"container\">\n\t\t\t\t\t<div class=\"e-con-inner\">\n\t\t\t\t<div class=\"elementor-element elementor-element-e846740 elementor-widget elementor-widget-text-editor\" data-id=\"e846740\" data-element_type=\"widget\" data-e-type=\"widget\" data-widget_type=\"text-editor.default\">\n\t\t\t\t\t\t\t\t\t<p class=\"MsoNormal\" style=\"mso-pagination: none;\"><em><span lang=\"fr\" style=\"font-size: 12pt; font-family: Calibri;\">\u00a0 \u00a0 \u00a0Suite au rassemblement devant la pr\u00e9fecture, l\u2019Association des Maires Ruraux de l\u2019Ari\u00e8ge a envoy\u00e9 \u00e0 tous les maires de son d\u00e9partement le protocole adopt\u00e9 par les syndicats d\u2019\u00e9leveurs signataires et communiqu\u00e9 \u00e0 madame la ministre. Elle propose aux maires de signer ce protocole et de le retourner \u00e0 la pr\u00e9fecture.<\/span><\/em><\/p><p class=\"MsoNormal\" style=\"mso-pagination: none;\"><em><span lang=\"fr\" style=\"font-size: 12pt; font-family: Calibri;\">\u00a0 \u00a0 \u00a0Devant l\u2019urgence de la situation, nous prenons la responsabilit\u00e9 de<span style=\"mso-spacerun: yes;\">\u00a0 <\/span>faire parvenir , pour information, ce protocole aux maires et conseillers d\u00e9partementaux de l\u2019Aude.<\/span><\/em><\/p>\t\t\t\t\t\t\t\t<\/div>\n\t\t\t\t<div class=\"elementor-element elementor-element-6fa87b1 elementor-widget elementor-widget-spacer\" data-id=\"6fa87b1\" data-element_type=\"widget\" data-e-type=\"widget\" data-widget_type=\"spacer.default\">\n\t\t\t\t\t\t\t<div class=\"elementor-spacer\">\n\t\t\t<div class=\"elementor-spacer-inner\"><\/div>\n\t\t<\/div>\n\t\t\t\t\t\t<\/div>\n\t\t\t\t<div class=\"elementor-element elementor-element-b1badab elementor-widget elementor-widget-image\" data-id=\"b1badab\" data-element_type=\"widget\" data-e-type=\"widget\" data-widget_type=\"image.default\">\n\t\t\t\t\t\t\t\t\t\t\t\t\t\t\t<img decoding=\"async\" width=\"604\" height=\"108\" src=\"https:\/\/aude-insoumise.fr\/wp-content\/uploads\/2025\/12\/facebook_1765827392994_7406416897745512931.png\" class=\"attachment-large size-large wp-image-3873\" alt=\"\" srcset=\"https:\/\/aude-insoumise.fr\/wp-content\/uploads\/2025\/12\/facebook_1765827392994_7406416897745512931.png 604w, https:\/\/aude-insoumise.fr\/wp-content\/uploads\/2025\/12\/facebook_1765827392994_7406416897745512931-300x54.png 300w, https:\/\/aude-insoumise.fr\/wp-content\/uploads\/2025\/12\/facebook_1765827392994_7406416897745512931-600x108.png 600w\" sizes=\"(max-width: 604px) 100vw, 604px\" \/>\t\t\t\t\t\t\t\t\t\t\t\t\t\t\t<\/div>\n\t\t\t\t\t<\/div>\n\t\t\t\t<\/div>\n\t\t<div class=\"elementor-element elementor-element-79e8f36 e-flex e-con-boxed e-con e-parent\" data-id=\"79e8f36\" data-element_type=\"container\" data-e-type=\"container\">\n\t\t\t\t\t<div class=\"e-con-inner\">\n\t\t\t\t<div class=\"elementor-element elementor-element-7c32bbd elementor-widget elementor-widget-text-editor\" data-id=\"7c32bbd\" data-element_type=\"widget\" data-e-type=\"widget\" data-widget_type=\"text-editor.default\">\n\t\t\t\t\t\t\t\t\t<p style=\"text-align: right;\">Fait \u00e0 Foix le 10 12 2025.<\/p><p style=\"text-align: right;\">\u00a0<\/p><p style=\"text-align: right;\">Madame Annie Genevard<\/p><p style=\"text-align: right;\">Ministre de l\u2019agriculture, de l\u2019Agro-alimentaire<\/p><p style=\"text-align: right;\">et de la Souverainet\u00e9 alimentaire<\/p><p>\u00a0<\/p><p>\u00a0<\/p><p>Madame la ministre,<\/p><p>\u00a0<\/p><p>\u00a0<\/p><p>\u00a0<\/p><p>\u00a0 Faisant suite \u00e0 la d\u00e9claration, hier, d\u2019un cas positif de dermatose nodulaire contagieuse (DNC) en Ari\u00e8ge, nous souhaitons attirer votre attention sur le constat alarmant que r\u00e9v\u00e8le de nouvel \u00e9pisode sanitaire. En d\u00e9pit des mesures actuellement mises en \u0153uvre par l\u2019\u00e9tat, il appara\u00eet que le protocole de lutte en vigueur n\u2019a pas permis d\u2019emp\u00eacher l\u2019\u00e9mergence de ce nouveau foyer.<\/p><p>\u00a0<\/p><p>\u00a0\u00a0\u00a0\u00a0 Cette exploitation ari\u00e8geoise pr\u00e9sente pourtant un ensemble de caract\u00e9ristiques qui, en principe, r\u00e9duisent le risque d\u2019introduction de la maladie.<\/p><p>\u00a0<\/p><ul><li>Le foyer d\u00e9tect\u00e9 se situe \u00e0 plus de 100 km des foyers connus dans le d\u00e9partement des Pyr\u00e9n\u00e9es-Orientales\u00a0;<\/li><li>Aucun mouvement ni introduction d\u2019animaux issus des zones proches des foyers ou des zones r\u00e8glement\u00e9es n\u2019a eu lieu\u00a0;<\/li><li>Il s\u2019agit d\u2019un \u00e9levage strictement s\u00e9dentaire\u00a0;<\/li><li>La contamination survient en p\u00e9riode de faible activit\u00e9 vectorielle\u00a0;<\/li><li>L\u2019exploitation est \u00e9loign\u00e9e des grands axes routiers.<\/li><li>Les sorties et mouvements r\u00e9cents d\u2019animaux ont \u00e9t\u00e9 r\u00e9alis\u00e9s dans des conditions rigoureuses de bios\u00e9curit\u00e9\u00a0;<\/li><li>Aucun contact direct n\u2019a \u00e9t\u00e9 constat\u00e9 avec les animaux des \u00e9levages voisins\u00a0;<\/li><li>Ces \u00e9l\u00e9ments r\u00e9v\u00e8lent un dysfonctionnement majeur du dispositif actuel et interrogent sur l\u2019efficacit\u00e9 des mesures appliqu\u00e9es dans le cadre de la lutte nationale contre la DNC.<\/li><\/ul><p>\u00a0<\/p>\t\t\t\t\t\t\t\t<\/div>\n\t\t\t\t\t<\/div>\n\t\t\t\t<\/div>\n\t\t<div class=\"elementor-element elementor-element-1513339 e-flex e-con-boxed e-con e-parent\" data-id=\"1513339\" data-element_type=\"container\" data-e-type=\"container\">\n\t\t\t\t\t<div class=\"e-con-inner\">\n\t\t\t\t<div class=\"elementor-element elementor-element-f79e4bd elementor-widget elementor-widget-text-editor\" data-id=\"f79e4bd\" data-element_type=\"widget\" data-e-type=\"widget\" data-widget_type=\"text-editor.default\">\n\t\t\t\t\t\t\t\t\t<p>\u00a0 \u00a0 \u00a0Dans ce contexte, et afin de pr\u00e9venir l\u2019extension de la maladie tout en adaptant les mesures au terrain, nous sollicitons la mise en place par le minist\u00e8re de l\u2019agriculture d\u2019un protocole exp\u00e9rimental en compl\u00e9ment des dispositions pr\u00e9vues par l\u2019arr\u00eat\u00e9 pr\u00e9fectoral, reposant sur les actions suivantes :<\/p><ol><li>Suspension du d\u00e9peuplement syst\u00e9matique des \u00e9levages touch\u00e9s.<\/li><li>Abattage strictement limit\u00e9 aux seuls animaux PCR positifs issus de suspicions av\u00e9r\u00e9es.<\/li><li>Surveillance PCR hebdomadaire, pendant 4 \u00e0 6 semaines, des animaux appartenant \u00e0 la m\u00eame unit\u00e9 \u00e9pid\u00e9miologique que les cas d\u00e9tect\u00e9s.<\/li><li>Renforcement de la surveillance v\u00e9t\u00e9rinaire dans les autres unit\u00e9s \u00e9pid\u00e9miologiques du cheptel.<\/li><li>Intensification de la lutte contre les vecteurs en coh\u00e9rence avec les recommandations scientifiques.<\/li><li>Recherche approfondie de l\u2019origine de la contamination, incluant une analyse \u00e9pid\u00e9miologique compl\u00e8te et une investigation sur les voies potentielles d\u2019introduction.<\/li><li>D\u00e9ploiement rapide et massif de la vaccination, avec des moyens op\u00e9rationnels adapt\u00e9s \u00e0 l\u2019urgence sanitaire.<\/li><li>Instauration d\u2019une zone de protection renforc\u00e9e de 5 km autour du foyer, assortie d\u2019une surveillance v\u00e9t\u00e9rinaire hebdomadaire durant 4 semaines.<\/li><\/ol><p>\u00a0\u00a0\u00a0\u00a0 Il nous para\u00eet essentiel que ce protocole exp\u00e9rimental, indispensable pour comprendre et maitriser la dynamique actuelle de la maladie, soit enti\u00e8rement pris en charge par l\u2019Etat, tant dans sa mise en \u0153uvre que dans son suivi.<\/p><p>\u00a0\u00a0\u00a0\u00a0 Enfin, nous demandons que ce protocole puisse \u00eatre g\u00e9n\u00e9ralis\u00e9 \u00e0 l\u2019ensemble du territoire en cas d\u2019apparition de nouveaux foyers, afin d\u2019assurer une r\u00e9ponse coh\u00e9rente, efficace et scientifiquement encadr\u00e9e \u00e0 la progression de la dermatose nodulaire contagieuse.<\/p><p>\u00a0\u00a0\u00a0\u00a0 Nous souhaitons vivement vous avoir convaincue Madame la ministre du bien fonc\u00e9 de notre d\u00e9marche.<\/p><p>\u00a0\u00a0\u00a0\u00a0 Restant \u00e0 votre disposition pour tout \u00e9change ou pr\u00e9cision, nous vous prions d\u2019agr\u00e9er, madame la Ministre, l\u2019expression de notre haute consid\u00e9ration.<\/p>\t\t\t\t\t\t\t\t<\/div>\n\t\t\t\t<div class=\"elementor-element elementor-element-8c710eb elementor-widget elementor-widget-spacer\" data-id=\"8c710eb\" data-element_type=\"widget\" data-e-type=\"widget\" data-widget_type=\"spacer.default\">\n\t\t\t\t\t\t\t<div class=\"elementor-spacer\">\n\t\t\t<div class=\"elementor-spacer-inner\"><\/div>\n\t\t<\/div>\n\t\t\t\t\t\t<\/div>\n\t\t\t\t<div class=\"elementor-element elementor-element-e1e498b elementor-widget elementor-widget-heading\" data-id=\"e1e498b\" data-element_type=\"widget\" data-e-type=\"widget\" data-widget_type=\"heading.default\">\n\t\t\t\t\t<h1 class=\"elementor-heading-title elementor-size-default\">Le d\u00e9put\u00e9 LFI de la Haute-Garonne, Christophe BEX, d\u00e9fend le protocole de l'intersyndicale ari\u00e8geoise \u00e0 l'Assembl\u00e9e Nationale.<\/h1>\t\t\t\t<\/div>\n\t\t\t\t\t<\/div>\n\t\t\t\t<\/div>\n\t\t<div class=\"elementor-element elementor-element-871f83a e-con-full e-flex e-con e-parent\" data-id=\"871f83a\" data-element_type=\"container\" data-e-type=\"container\">\n\t\t\t\t<div class=\"elementor-element elementor-element-1a6f625 elementor-widget__width-initial elementor-widget-mobile__width-initial elementor-widget elementor-widget-video\" data-id=\"1a6f625\" data-element_type=\"widget\" data-e-type=\"widget\" data-settings=\"{&quot;youtube_url&quot;:&quot;https:\\\/\\\/youtu.be\\\/LAWZ0K_PaNU&quot;,&quot;video_type&quot;:&quot;youtube&quot;,&quot;controls&quot;:&quot;yes&quot;}\" data-widget_type=\"video.default\">\n\t\t\t\t\t\t\t<div class=\"elementor-wrapper elementor-open-inline\">\n\t\t\t<div class=\"elementor-video\"><\/div>\t\t<\/div>\n\t\t\t\t\t\t<\/div>\n\t\t\t\t<\/div>\n\t\t<div class=\"elementor-element elementor-element-c4f46f4 e-flex e-con-boxed e-con e-parent\" data-id=\"c4f46f4\" data-element_type=\"container\" data-e-type=\"container\">\n\t\t\t\t\t<div class=\"e-con-inner\">\n\t\t\t\t<div class=\"elementor-element elementor-element-2697317 elementor-widget elementor-widget-button\" data-id=\"2697317\" data-element_type=\"widget\" data-e-type=\"widget\" data-widget_type=\"button.default\">\n\t\t\t\t\t\t\t\t\t\t<a class=\"elementor-button elementor-button-link elementor-size-sm\" href=\"https:\/\/aude-insoumise.fr\/?page_id=1385\">\n\t\t\t\t\t\t<span class=\"elementor-button-content-wrapper\">\n\t\t\t\t\t\t\t\t\t<span class=\"elementor-button-text\">Retour au sommaire<\/span>\n\t\t\t\t\t<\/span>\n\t\t\t\t\t<\/a>\n\t\t\t\t\t\t\t\t<\/div>\n\t\t\t\t\t<\/div>\n\t\t\t\t<\/div>\n\t\t\t\t<\/div>\n\t\t","protected":false},"excerpt":{"rendered":"<p>\u00a0 \u00a0 \u00a0Suite au rassemblement devant la pr\u00e9fecture, l\u2019Association des Maires Ruraux de l\u2019Ari\u00e8ge a envoy\u00e9 \u00e0 tous les maires de son d\u00e9partement le protocole adopt\u00e9 par les syndicats d\u2019\u00e9leveurs [&hellip;]<\/p>\n","protected":false},"author":4,"featured_media":0,"parent":0,"menu_order":0,"comment_status":"closed","ping_status":"closed","template":"","meta":{"om_disable_all_campaigns":false,"_monsterinsights_skip_tracking":false,"_monsterinsights_sitenote_active":false,"_monsterinsights_sitenote_note":"","_monsterinsights_sitenote_category":0,"ocean_post_layout":"","ocean_both_sidebars_style":"","ocean_both_sidebars_content_width":0,"ocean_both_sidebars_sidebars_width":0,"ocean_sidebar":"","ocean_second_sidebar":"","ocean_disable_margins":"enable","ocean_add_body_class":"","ocean_shortcode_before_top_bar":"","ocean_shortcode_after_top_bar":"","ocean_shortcode_before_header":"","ocean_shortcode_after_header":"","ocean_has_shortcode":"","ocean_shortcode_after_title":"","ocean_shortcode_before_footer_widgets":"","ocean_shortcode_after_footer_widgets":"","ocean_shortcode_before_footer_bottom":"","ocean_shortcode_after_footer_bottom":"","ocean_display_top_bar":"default","ocean_display_header":"default","ocean_header_style":"","ocean_center_header_left_menu":"","ocean_custom_header_template":"","ocean_custom_logo":0,"ocean_custom_retina_logo":0,"ocean_custom_logo_max_width":0,"ocean_custom_logo_tablet_max_width":0,"ocean_custom_logo_mobile_max_width":0,"ocean_custom_logo_max_height":0,"ocean_custom_logo_tablet_max_height":0,"ocean_custom_logo_mobile_max_height":0,"ocean_header_custom_menu":"","ocean_menu_typo_font_family":"","ocean_menu_typo_font_subset":"","ocean_menu_typo_font_size":0,"ocean_menu_typo_font_size_tablet":0,"ocean_menu_typo_font_size_mobile":0,"ocean_menu_typo_font_size_unit":"px","ocean_menu_typo_font_weight":"","ocean_menu_typo_font_weight_tablet":"","ocean_menu_typo_font_weight_mobile":"","ocean_menu_typo_transform":"","ocean_menu_typo_transform_tablet":"","ocean_menu_typo_transform_mobile":"","ocean_menu_typo_line_height":0,"ocean_menu_typo_line_height_tablet":0,"ocean_menu_typo_line_height_mobile":0,"ocean_menu_typo_line_height_unit":"","ocean_menu_typo_spacing":0,"ocean_menu_typo_spacing_tablet":0,"ocean_menu_typo_spacing_mobile":0,"ocean_menu_typo_spacing_unit":"","ocean_menu_link_color":"","ocean_menu_link_color_hover":"","ocean_menu_link_color_active":"","ocean_menu_link_background":"","ocean_menu_link_hover_background":"","ocean_menu_link_active_background":"","ocean_menu_social_links_bg":"","ocean_menu_social_hover_links_bg":"","ocean_menu_social_links_color":"","ocean_menu_social_hover_links_color":"","ocean_disable_title":"default","ocean_disable_heading":"default","ocean_post_title":"","ocean_post_subheading":"","ocean_post_title_style":"","ocean_post_title_background_color":"","ocean_post_title_background":0,"ocean_post_title_bg_image_position":"","ocean_post_title_bg_image_attachment":"","ocean_post_title_bg_image_repeat":"","ocean_post_title_bg_image_size":"","ocean_post_title_height":0,"ocean_post_title_bg_overlay":0.5,"ocean_post_title_bg_overlay_color":"","ocean_disable_breadcrumbs":"default","ocean_breadcrumbs_color":"","ocean_breadcrumbs_separator_color":"","ocean_breadcrumbs_links_color":"","ocean_breadcrumbs_links_hover_color":"","ocean_display_footer_widgets":"default","ocean_display_footer_bottom":"default","ocean_custom_footer_template":"","footnotes":""},"class_list":["post-3865","page","type-page","status-publish","hentry","entry"],"aioseo_notices":[],"rttpg_featured_image_url":null,"rttpg_author":{"display_name":"Bernard Colin","author_link":"https:\/\/aude-insoumise.fr\/?author=4"},"rttpg_comment":0,"rttpg_category":null,"rttpg_excerpt":"\u00a0 \u00a0 \u00a0Suite au rassemblement devant la pr\u00e9fecture, l\u2019Association des Maires Ruraux de l\u2019Ari\u00e8ge a envoy\u00e9 \u00e0 tous les maires de son d\u00e9partement le protocole adopt\u00e9 par les syndicats d\u2019\u00e9leveurs [&hellip;]","_links":{"self":[{"href":"https:\/\/aude-insoumise.fr\/index.php?rest_route=\/wp\/v2\/pages\/3865","targetHints":{"allow":["GET"]}}],"collection":[{"href":"https:\/\/aude-insoumise.fr\/index.php?rest_route=\/wp\/v2\/pages"}],"about":[{"href":"https:\/\/aude-insoumise.fr\/index.php?rest_route=\/wp\/v2\/types\/page"}],"author":[{"embeddable":true,"href":"https:\/\/aude-insoumise.fr\/index.php?rest_route=\/wp\/v2\/users\/4"}],"replies":[{"embeddable":true,"href":"https:\/\/aude-insoumise.fr\/index.php?rest_route=%2Fwp%2Fv2%2Fcomments&post=3865"}],"version-history":[{"count":25,"href":"https:\/\/aude-insoumise.fr\/index.php?rest_route=\/wp\/v2\/pages\/3865\/revisions"}],"predecessor-version":[{"id":4356,"href":"https:\/\/aude-insoumise.fr\/index.php?rest_route=\/wp\/v2\/pages\/3865\/revisions\/4356"}],"wp:attachment":[{"href":"https:\/\/aude-insoumise.fr\/index.php?rest_route=%2Fwp%2Fv2%2Fmedia&parent=3865"}],"curies":[{"name":"wp","href":"https:\/\/api.w.org\/{rel}","templated":true}]}}