{"id":3949,"date":"2025-12-20T15:38:01","date_gmt":"2025-12-20T14:38:01","guid":{"rendered":"https:\/\/aude-insoumise.fr\/?page_id=3949"},"modified":"2026-03-30T15:47:15","modified_gmt":"2026-03-30T13:47:15","slug":"travail-a-lan","status":"publish","type":"page","link":"https:\/\/aude-insoumise.fr\/?page_id=3949","title":{"rendered":"Travail \u00e0 l&rsquo;AN"},"content":{"rendered":"\t\t<div data-elementor-type=\"wp-page\" data-elementor-id=\"3949\" class=\"elementor elementor-3949\">\n\t\t\t\t<div class=\"elementor-element elementor-element-e9ba087 e-flex e-con-boxed e-con e-parent\" data-id=\"e9ba087\" data-element_type=\"container\" data-e-type=\"container\">\n\t\t\t\t\t<div class=\"e-con-inner\">\n\t\t<div class=\"elementor-element elementor-element-a4df394 e-con-full e-flex e-con e-child\" data-id=\"a4df394\" data-element_type=\"container\" data-e-type=\"container\">\n\t\t\t\t<div class=\"elementor-element elementor-element-a1721a9 elementor-widget elementor-widget-video\" data-id=\"a1721a9\" data-element_type=\"widget\" data-e-type=\"widget\" data-settings=\"{&quot;youtube_url&quot;:&quot;https:\\\/\\\/youtu.be\\\/VxpUq8UyR7Y&quot;,&quot;video_type&quot;:&quot;youtube&quot;,&quot;controls&quot;:&quot;yes&quot;}\" data-widget_type=\"video.default\">\n\t\t\t\t\t\t\t<div class=\"elementor-wrapper elementor-open-inline\">\n\t\t\t<div class=\"elementor-video\"><\/div>\t\t<\/div>\n\t\t\t\t\t\t<\/div>\n\t\t\t\t<\/div>\n\t\t<div class=\"elementor-element elementor-element-cc2fda6 e-con-full e-flex e-con e-child\" data-id=\"cc2fda6\" data-element_type=\"container\" data-e-type=\"container\">\n\t\t\t\t<div class=\"elementor-element elementor-element-bb66bb3 elementor-widget elementor-widget-video\" data-id=\"bb66bb3\" data-element_type=\"widget\" data-e-type=\"widget\" data-settings=\"{&quot;youtube_url&quot;:&quot;https:\\\/\\\/youtu.be\\\/KrQaPYra5dY&quot;,&quot;video_type&quot;:&quot;youtube&quot;,&quot;controls&quot;:&quot;yes&quot;}\" data-widget_type=\"video.default\">\n\t\t\t\t\t\t\t<div class=\"elementor-wrapper elementor-open-inline\">\n\t\t\t<div class=\"elementor-video\"><\/div>\t\t<\/div>\n\t\t\t\t\t\t<\/div>\n\t\t\t\t<\/div>\n\t\t\t\t\t<\/div>\n\t\t\t\t<\/div>\n\t\t<div class=\"elementor-element elementor-element-89bfc0f e-flex e-con-boxed e-con e-parent\" data-id=\"89bfc0f\" data-element_type=\"container\" data-e-type=\"container\">\n\t\t\t\t\t<div class=\"e-con-inner\">\n\t\t<div class=\"elementor-element elementor-element-3fd2ca3 e-con-full e-flex e-con e-child\" data-id=\"3fd2ca3\" data-element_type=\"container\" data-e-type=\"container\">\n\t\t\t\t<div class=\"elementor-element elementor-element-5dcc6c6 elementor-widget elementor-widget-video\" data-id=\"5dcc6c6\" data-element_type=\"widget\" data-e-type=\"widget\" data-settings=\"{&quot;youtube_url&quot;:&quot;https:\\\/\\\/www.youtube.com\\\/watch?v=4f5Qqz58_Yo&quot;,&quot;video_type&quot;:&quot;youtube&quot;,&quot;controls&quot;:&quot;yes&quot;}\" data-widget_type=\"video.default\">\n\t\t\t\t\t\t\t<div class=\"elementor-wrapper elementor-open-inline\">\n\t\t\t<div class=\"elementor-video\"><\/div>\t\t<\/div>\n\t\t\t\t\t\t<\/div>\n\t\t\t\t<\/div>\n\t\t<div class=\"elementor-element elementor-element-6a3f0d9 e-con-full e-flex e-con e-child\" data-id=\"6a3f0d9\" data-element_type=\"container\" data-e-type=\"container\">\n\t\t\t\t<div class=\"elementor-element elementor-element-bf86c8d elementor-widget elementor-widget-video\" data-id=\"bf86c8d\" data-element_type=\"widget\" data-e-type=\"widget\" data-settings=\"{&quot;youtube_url&quot;:&quot;https:\\\/\\\/www.youtube.com\\\/watch?v=HY4kc5-mJhs&quot;,&quot;video_type&quot;:&quot;youtube&quot;,&quot;controls&quot;:&quot;yes&quot;}\" data-widget_type=\"video.default\">\n\t\t\t\t\t\t\t<div class=\"elementor-wrapper elementor-open-inline\">\n\t\t\t<div class=\"elementor-video\"><\/div>\t\t<\/div>\n\t\t\t\t\t\t<\/div>\n\t\t\t\t<\/div>\n\t\t\t\t\t<\/div>\n\t\t\t\t<\/div>\n\t\t<div class=\"elementor-element elementor-element-9d949e5 e-flex e-con-boxed e-con e-parent\" data-id=\"9d949e5\" data-element_type=\"container\" data-e-type=\"container\">\n\t\t\t\t\t<div class=\"e-con-inner\">\n\t\t<div class=\"elementor-element elementor-element-7e5e096 e-con-full e-flex e-con e-child\" data-id=\"7e5e096\" data-element_type=\"container\" data-e-type=\"container\">\n\t\t\t\t<div class=\"elementor-element elementor-element-c9ade9f elementor-widget elementor-widget-heading\" data-id=\"c9ade9f\" data-element_type=\"widget\" data-e-type=\"widget\" data-widget_type=\"heading.default\">\n\t\t\t\t\t<h2 class=\"elementor-heading-title elementor-size-default\">A l'assembl\u00e9e Nationale<\/h2>\t\t\t\t<\/div>\n\t\t\t\t<div class=\"elementor-element elementor-element-21b5596 meta-visibility-show title_position_default title_hover_border_default title-default img_hover_animation_default meta_position_default readmore-btn-default-style grid-hover-overlay-type-always tpg-el-box-border-enable tpg-border-bottom-disable elementor-widget elementor-widget-tpg-grid-layout\" data-id=\"21b5596\" data-element_type=\"widget\" data-e-type=\"widget\" data-widget_type=\"tpg-grid-layout.default\">\n\t\t\t\t<div class=\"elementor-widget-container\">\n\t\t\t\t\t\t\t<div class=\"rt-container-fluid rt-tpg-container tpg-el-main-wrapper clearfix grid-layout1-main \"\n\t\t\t id=\"rt-tpg-container-1483427710\"\n\t\t\t data-layout=\"grid-layout1\"\n\t\t\t data-grid-style=\"tpg-full-height\"\n\t\t\t data-sc-id=\"elementor\"\n\t\t\t data-el-settings=''\n\t\t\t data-el-query=''\n\t\t\t data-el-path=''\n\t\t>\n\t\t\t\t\t\t<div class='tpg-header-wrapper '>\n\t\t\t\t\t\t\t<\/div>\n\n\t\t\t<div data-title=\"Loading ...\" class=\"rt-row rt-content-loader grid-layout1 grid-behaviour tpg-full-height grid_layout_wrapper\">\n\t\t\t\t<div class=\"rt-col-md-6 rt-col-sm-6 rt-col-xs-12 default rt-grid-item post-5802 post type-post status-publish format-standard hentry category-lfi-a-lan entry\"        data-id=\"5802\">\n    <div class=\"rt-holder tpg-post-holder \">\n        <div class=\"rt-detail rt-el-content-wrapper\">\n\t\t\t                <div class=\"rt-img-holder tpg-el-image-wrap has-no-thumbnail\">\n\t\t\t\t\t<a data-id=\"5802\" href=\"https:\/\/aude-insoumise.fr\/?p=5802\" class=\"tpg-post-link\" target=\"_self\"><img class='rt-img-responsive' src='https:\/\/aude-insoumise.fr\/wp-content\/uploads\/2026\/01\/Capture-decran-2026-01-16-182154.png' width=\"189\" height=\"115\" alt='Affaire Epstein'>\t\t\n\t\t<\/a>\n\t\t        <div class=\"overlay grid-hover-content\"><\/div>\n\t\t                <\/div>\n\t\t\t\n\t\t\t<div class=\"entry-title-wrapper\"><h3 class=\"entry-title\"><a data-id=\"5802\" href=\"https:\/\/aude-insoumise.fr\/?p=5802\" class=\"tpg-post-link\" target=\"_self\">Affaire Epstein<\/a><\/h3><\/div>\n\t\t\t                <div class=\"post-meta-tags rt-el-post-meta\">\n\t\t\t\t\t            <span class='date'>\n\t\t\t\t<i class='far fa-calendar-alt '><\/i>\t\t\t\t                    <a href=\"https:\/\/aude-insoumise.fr\/?m=20260213\">\n\t\t\t\t\t13 f\u00e9vrier 2026\t\t\t\t<\/a>\n\t\t\t\t\t\t\t<\/span>\n\t\t\t                <\/div>\n\t\t\t\n\n\t\t\t                <div class=\"tpg-excerpt tpg-el-excerpt\">\n\t\t\t\t\t                        <div class=\"tpg-excerpt-inner\">\n\t\t\t\t\t\t\tAffaire Epstein \u00a0Les insoumis proposent l\u2019inscription de leur commission d\u2019enqu\u00eate \u00e0 l\u2019ordre du jour transpartisan...                        <\/div>\n\t\t\t\t\t\t\t\t\t\t                <\/div>\n\t\t\t\n\t\t\t        <div class=\"post-footer\">\n            <div class=\"post-footer\">\n                <div class=\"read-more\">\n\t\t\t\t\t<a data-id=\"5802\" href=\"https:\/\/aude-insoumise.fr\/?p=5802\" class=\"tpg-post-link\" target=\"_self\">Lire la suite<\/a>                <\/div>\n            <\/div>\n        <\/div>\n\t\t        <\/div>\n    <\/div>\n<\/div>\n<div class=\"rt-col-md-6 rt-col-sm-6 rt-col-xs-12 default rt-grid-item post-5541 post type-post status-publish format-standard hentry category-lfi-a-lan entry\"        data-id=\"5541\">\n    <div class=\"rt-holder tpg-post-holder \">\n        <div class=\"rt-detail rt-el-content-wrapper\">\n\t\t\t                <div class=\"rt-img-holder tpg-el-image-wrap has-no-thumbnail\">\n\t\t\t\t\t<a data-id=\"5541\" href=\"https:\/\/aude-insoumise.fr\/?p=5541\" class=\"tpg-post-link\" target=\"_self\"><img fetchpriority=\"high\" class='rt-img-responsive' src='https:\/\/aude-insoumise.fr\/wp-content\/uploads\/2026\/01\/29eme-49-3.gif' width=\"312\" height=\"390\" alt='Cons\u00e9quences du budget Lecornu'>\t\t\n\t\t<\/a>\n\t\t        <div class=\"overlay grid-hover-content\"><\/div>\n\t\t                <\/div>\n\t\t\t\n\t\t\t<div class=\"entry-title-wrapper\"><h3 class=\"entry-title\"><a data-id=\"5541\" href=\"https:\/\/aude-insoumise.fr\/?p=5541\" class=\"tpg-post-link\" target=\"_self\">Cons\u00e9quences du budget Lecornu<\/a><\/h3><\/div>\n\t\t\t                <div class=\"post-meta-tags rt-el-post-meta\">\n\t\t\t\t\t            <span class='date'>\n\t\t\t\t<i class='far fa-calendar-alt '><\/i>\t\t\t\t                    <a href=\"https:\/\/aude-insoumise.fr\/?m=20260205\">\n\t\t\t\t\t5 f\u00e9vrier 2026\t\t\t\t<\/a>\n\t\t\t\t\t\t\t<\/span>\n\t\t\t                <\/div>\n\t\t\t\n\n\t\t\t                <div class=\"tpg-excerpt tpg-el-excerpt\">\n\t\t\t\t\t                        <div class=\"tpg-excerpt-inner\">\n\t\t\t\t\t\t\tCons\u00e9quences du budget Lecornu \u00a0Christophe Bex, d\u00e9put\u00e9 de la Haute Garonne dresse un inventaire des...                        <\/div>\n\t\t\t\t\t\t\t\t\t\t                <\/div>\n\t\t\t\n\t\t\t        <div class=\"post-footer\">\n            <div class=\"post-footer\">\n                <div class=\"read-more\">\n\t\t\t\t\t<a data-id=\"5541\" href=\"https:\/\/aude-insoumise.fr\/?p=5541\" class=\"tpg-post-link\" target=\"_self\">Lire la suite<\/a>                <\/div>\n            <\/div>\n        <\/div>\n\t\t        <\/div>\n    <\/div>\n<\/div>\n<div class=\"rt-col-md-6 rt-col-sm-6 rt-col-xs-12 default rt-grid-item post-5529 post type-post status-publish format-standard hentry category-lfi-a-lan entry\"        data-id=\"5529\">\n    <div class=\"rt-holder tpg-post-holder \">\n        <div class=\"rt-detail rt-el-content-wrapper\">\n\t\t\t                <div class=\"rt-img-holder tpg-el-image-wrap has-no-thumbnail\">\n\t\t\t\t\t<a data-id=\"5529\" href=\"https:\/\/aude-insoumise.fr\/?p=5529\" class=\"tpg-post-link\" target=\"_self\"><img class='rt-img-responsive' src='https:\/\/aude-insoumise.fr\/wp-content\/uploads\/2025\/12\/bompard.webp' width=\"612\" height=\"408\" alt='Proposition LFI pour le PLFSS'>\t\t\n\t\t<\/a>\n\t\t        <div class=\"overlay grid-hover-content\"><\/div>\n\t\t                <\/div>\n\t\t\t\n\t\t\t<div class=\"entry-title-wrapper\"><h3 class=\"entry-title\"><a data-id=\"5529\" href=\"https:\/\/aude-insoumise.fr\/?p=5529\" class=\"tpg-post-link\" target=\"_self\">Proposition LFI pour le PLFSS<\/a><\/h3><\/div>\n\t\t\t                <div class=\"post-meta-tags rt-el-post-meta\">\n\t\t\t\t\t            <span class='date'>\n\t\t\t\t<i class='far fa-calendar-alt '><\/i>\t\t\t\t                    <a href=\"https:\/\/aude-insoumise.fr\/?m=20260205\">\n\t\t\t\t\t5 f\u00e9vrier 2026\t\t\t\t<\/a>\n\t\t\t\t\t\t\t<\/span>\n\t\t\t                <\/div>\n\t\t\t\n\n\t\t\t                <div class=\"tpg-excerpt tpg-el-excerpt\">\n\t\t\t\t\t                        <div class=\"tpg-excerpt-inner\">\n\t\t\t\t\t\t\tProposition LFI pour le PLFSS Le groupe La France Insoumise (LFI) a d\u00e9pos\u00e9 un recours...                        <\/div>\n\t\t\t\t\t\t\t\t\t\t                <\/div>\n\t\t\t\n\t\t\t        <div class=\"post-footer\">\n            <div class=\"post-footer\">\n                <div class=\"read-more\">\n\t\t\t\t\t<a data-id=\"5529\" href=\"https:\/\/aude-insoumise.fr\/?p=5529\" class=\"tpg-post-link\" target=\"_self\">Lire la suite<\/a>                <\/div>\n            <\/div>\n        <\/div>\n\t\t        <\/div>\n    <\/div>\n<\/div>\n<div class=\"rt-col-md-6 rt-col-sm-6 rt-col-xs-12 default rt-grid-item post-5516 post type-post status-publish format-standard hentry category-lfi-a-lan entry\"        data-id=\"5516\">\n    <div class=\"rt-holder tpg-post-holder \">\n        <div class=\"rt-detail rt-el-content-wrapper\">\n\t\t\t                <div class=\"rt-img-holder tpg-el-image-wrap has-no-thumbnail\">\n\t\t\t\t\t<a data-id=\"5516\" href=\"https:\/\/aude-insoumise.fr\/?p=5516\" class=\"tpg-post-link\" target=\"_self\"><img loading=\"lazy\" class='rt-img-responsive' src='https:\/\/aude-insoumise.fr\/wp-content\/uploads\/2025\/12\/coquerel.webp' width=\"500\" height=\"312\" alt='Proposition LFI Budget 2026'>\t\t\n\t\t<\/a>\n\t\t        <div class=\"overlay grid-hover-content\"><\/div>\n\t\t                <\/div>\n\t\t\t\n\t\t\t<div class=\"entry-title-wrapper\"><h3 class=\"entry-title\"><a data-id=\"5516\" href=\"https:\/\/aude-insoumise.fr\/?p=5516\" class=\"tpg-post-link\" target=\"_self\">Proposition LFI Budget 2026<\/a><\/h3><\/div>\n\t\t\t                <div class=\"post-meta-tags rt-el-post-meta\">\n\t\t\t\t\t            <span class='date'>\n\t\t\t\t<i class='far fa-calendar-alt '><\/i>\t\t\t\t                    <a href=\"https:\/\/aude-insoumise.fr\/?m=20260204\">\n\t\t\t\t\t4 f\u00e9vrier 2026\t\t\t\t<\/a>\n\t\t\t\t\t\t\t<\/span>\n\t\t\t                <\/div>\n\t\t\t\n\n\t\t\t                <div class=\"tpg-excerpt tpg-el-excerpt\">\n\t\t\t\t\t                        <div class=\"tpg-excerpt-inner\">\n\t\t\t\t\t\t\tProposition LFI pour le budget 2026 La France insoumise (LFI) a pr\u00e9sent\u00e9 un contre-budget ambitieux...                        <\/div>\n\t\t\t\t\t\t\t\t\t\t                <\/div>\n\t\t\t\n\t\t\t        <div class=\"post-footer\">\n            <div class=\"post-footer\">\n                <div class=\"read-more\">\n\t\t\t\t\t<a data-id=\"5516\" href=\"https:\/\/aude-insoumise.fr\/?p=5516\" class=\"tpg-post-link\" target=\"_self\">Lire la suite<\/a>                <\/div>\n            <\/div>\n        <\/div>\n\t\t        <\/div>\n    <\/div>\n<\/div>\n<div class=\"rt-col-md-6 rt-col-sm-6 rt-col-xs-12 default rt-grid-item post-5506 post type-post status-publish format-standard hentry category-lfi-a-lan entry\"        data-id=\"5506\">\n    <div class=\"rt-holder tpg-post-holder \">\n        <div class=\"rt-detail rt-el-content-wrapper\">\n\t\t\t                <div class=\"rt-img-holder tpg-el-image-wrap has-no-thumbnail\">\n\t\t\t\t\t<a data-id=\"5506\" href=\"https:\/\/aude-insoumise.fr\/?p=5506\" class=\"tpg-post-link\" target=\"_self\"><img loading=\"lazy\" class='rt-img-responsive' src='https:\/\/aude-insoumise.fr\/wp-content\/uploads\/2025\/12\/mathilde-panot.webp' width=\"200\" height=\"133\" alt='Niche parlementaire LFI'>\t\t\n\t\t<\/a>\n\t\t        <div class=\"overlay grid-hover-content\"><\/div>\n\t\t                <\/div>\n\t\t\t\n\t\t\t<div class=\"entry-title-wrapper\"><h3 class=\"entry-title\"><a data-id=\"5506\" href=\"https:\/\/aude-insoumise.fr\/?p=5506\" class=\"tpg-post-link\" target=\"_self\">Niche parlementaire LFI<\/a><\/h3><\/div>\n\t\t\t                <div class=\"post-meta-tags rt-el-post-meta\">\n\t\t\t\t\t            <span class='date'>\n\t\t\t\t<i class='far fa-calendar-alt '><\/i>\t\t\t\t                    <a href=\"https:\/\/aude-insoumise.fr\/?m=20260204\">\n\t\t\t\t\t4 f\u00e9vrier 2026\t\t\t\t<\/a>\n\t\t\t\t\t\t\t<\/span>\n\t\t\t                <\/div>\n\t\t\t\n\n\t\t\t                <div class=\"tpg-excerpt tpg-el-excerpt\">\n\t\t\t\t\t                        <div class=\"tpg-excerpt-inner\">\n\t\t\t\t\t\t\tNiche parlementaire LFI La France insoumise (LFI) a men\u00e9 sa journ\u00e9e de niche parlementaire \u00e0...                        <\/div>\n\t\t\t\t\t\t\t\t\t\t                <\/div>\n\t\t\t\n\t\t\t        <div class=\"post-footer\">\n            <div class=\"post-footer\">\n                <div class=\"read-more\">\n\t\t\t\t\t<a data-id=\"5506\" href=\"https:\/\/aude-insoumise.fr\/?p=5506\" class=\"tpg-post-link\" target=\"_self\">Lire la suite<\/a>                <\/div>\n            <\/div>\n        <\/div>\n\t\t        <\/div>\n    <\/div>\n<\/div>\n\t\t\t<\/div>\n\t\t\t\n\t\t<\/div>\n\t\t\t\t\t\t<\/div>\n\t\t\t\t<\/div>\n\t\t\t\t<\/div>\n\t\t<div class=\"elementor-element elementor-element-9de97a8 e-con-full e-flex e-con e-child\" data-id=\"9de97a8\" data-element_type=\"container\" data-e-type=\"container\">\n\t\t\t\t<div class=\"elementor-element elementor-element-100d1d3 elementor-widget elementor-widget-heading\" data-id=\"100d1d3\" data-element_type=\"widget\" data-e-type=\"widget\" data-widget_type=\"heading.default\">\n\t\t\t\t\t<h2 class=\"elementor-heading-title elementor-size-default\">Au parlement europ\u00e9en<\/h2>\t\t\t\t<\/div>\n\t\t\t\t<div class=\"elementor-element elementor-element-0b4805c grid-hover-overlay-height-auto hover-overlay-height-auto meta-visibility-show title_position_default title_hover_border_default title-default img_hover_animation_default meta_position_default readmore-btn-default-style grid-hover-overlay-type-always tpg-border-bottom-disable elementor-widget elementor-widget-tpg-grid-hover-layout\" data-id=\"0b4805c\" data-element_type=\"widget\" data-e-type=\"widget\" data-widget_type=\"tpg-grid-hover-layout.default\">\n\t\t\t\t<div class=\"elementor-widget-container\">\n\t\t\t\t\t\n        <div class=\"rt-container-fluid rt-tpg-container tpg-el-main-wrapper grid_hover-layout1-main \"\n             id=\"rt-tpg-container-453480359\"\n             data-layout=\"grid_hover-layout1\"\n             data-sc-id=\"elementor\"\n             data-el-settings=''\n             data-el-query=''\n             data-el-path=''\n        >\n\t\t\t            <div class='tpg-header-wrapper '>\n\t\t\t\t            <\/div>\n\n            <div data-title=\"Loading ...\"\n                 class=\"rt-row rt-content-loader grid_hover-layout1 tpg-even grid-behaviour grid_hover_layout_wrapper\">\n\t\t\t\t\n<div class=\"rt-col-md-12 rt-col-sm-6 rt-col-xs-12 default rt-grid-hover-item rt-grid-item\" data-id=\"5579\">\n\t<div class=\"rt-holder tpg-post-holder \">\n\t\t<div class=\"rt-detail rt-el-content-wrapper\">\n\t\t\t\t\t\t\t<div class=\"rt-img-holder tpg-el-image-wrap has-no-thumbnail\">\n\t\t\t\t\t<a data-id=\"5579\" href=\"https:\/\/aude-insoumise.fr\/?p=5579\" class=\"tpg-post-link\" target=\"_self\"><img loading=\"lazy\" class='rt-img-responsive' src='https:\/\/aude-insoumise.fr\/wp-content\/uploads\/2026\/01\/hemicycle-parlement-europeen-150x150.jpg' width=\"150\" height=\"150\" alt='Accord UE-Mercosur'>\t\t\n\t\t<\/a>\n\t\t        <div class=\"overlay grid-hover-content\"><\/div>\n\t\t\t\t\t\t<\/div>\n\t\t\t\n\t\t\t<div class=\"grid-hover-content\">\n\t\t\t\t<div class=\"entry-title-wrapper\"><h3 class=\"entry-title\"><a data-id=\"5579\" href=\"https:\/\/aude-insoumise.fr\/?p=5579\" class=\"tpg-post-link\" target=\"_self\">Accord UE-Mercosur<\/a><\/h3><\/div>\n\t\t\t\t\t\t\t\t\t<div class=\"post-meta-tags rt-el-post-meta\">\n\t\t\t\t\t\t            <span class='date'>\n\t\t\t\t<i class='far fa-calendar-alt '><\/i>\t\t\t\t                    <a href=\"https:\/\/aude-insoumise.fr\/?m=20260205\">\n\t\t\t\t\t5 f\u00e9vrier 2026\t\t\t\t<\/a>\n\t\t\t\t\t\t\t<\/span>\n\t\t\t\t\t\t\t\t<\/div>\n\t\t\t\t\n\t\t\t\t\t\t\t\t\t<div class=\"tpg-excerpt tpg-el-excerpt\">\n\t\t\t\t\t\t\t\t\t\t\t\t\t<div class=\"tpg-excerpt-inner\">\n\t\t\t\t\t\t\t\tAccord UE-Mercosur Manon Aubry, eurod\u00e9put\u00e9e de\u00a0La France Insoumise...\t\t\t\t\t\t\t<\/div>\n\t\t\t\t\t\t\t\t\t\t\t\t\t\t\t\t\t<\/div>\n\t\t\t\t\n\t\t\t\t        <div class=\"post-footer\">\n            <div class=\"post-footer\">\n                <div class=\"read-more\">\n\t\t\t\t\t<a data-id=\"5579\" href=\"https:\/\/aude-insoumise.fr\/?p=5579\" class=\"tpg-post-link\" target=\"_self\">lire la suite<\/a>                <\/div>\n            <\/div>\n        <\/div>\n\t\t\t\t\t<\/div>\n\t\t<\/div>\n\t<\/div>\n<\/div>\n\n<div class=\"rt-col-md-12 rt-col-sm-6 rt-col-xs-12 default rt-grid-hover-item rt-grid-item\" data-id=\"5568\">\n\t<div class=\"rt-holder tpg-post-holder \">\n\t\t<div class=\"rt-detail rt-el-content-wrapper\">\n\t\t\t\t\t\t\t<div class=\"rt-img-holder tpg-el-image-wrap has-no-thumbnail\">\n\t\t\t\t\t<a data-id=\"5568\" href=\"https:\/\/aude-insoumise.fr\/?p=5568\" class=\"tpg-post-link\" target=\"_self\"><img loading=\"lazy\" class='rt-img-responsive' src='https:\/\/aude-insoumise.fr\/wp-content\/uploads\/2026\/02\/5462748-300x200.jpg' width=\"300\" height=\"200\" alt='Violations des droits de l\u2019homme par Isra\u00ebl'>\t\t\n\t\t<\/a>\n\t\t        <div class=\"overlay grid-hover-content\"><\/div>\n\t\t\t\t\t\t<\/div>\n\t\t\t\n\t\t\t<div class=\"grid-hover-content\">\n\t\t\t\t<div class=\"entry-title-wrapper\"><h3 class=\"entry-title\"><a data-id=\"5568\" href=\"https:\/\/aude-insoumise.fr\/?p=5568\" class=\"tpg-post-link\" target=\"_self\">Violations des droits de l\u2019homme par Isra\u00ebl<\/a><\/h3><\/div>\n\t\t\t\t\t\t\t\t\t<div class=\"post-meta-tags rt-el-post-meta\">\n\t\t\t\t\t\t            <span class='date'>\n\t\t\t\t<i class='far fa-calendar-alt '><\/i>\t\t\t\t                    <a href=\"https:\/\/aude-insoumise.fr\/?m=20260205\">\n\t\t\t\t\t5 f\u00e9vrier 2026\t\t\t\t<\/a>\n\t\t\t\t\t\t\t<\/span>\n\t\t\t\t\t\t\t\t<\/div>\n\t\t\t\t\n\t\t\t\t\t\t\t\t\t<div class=\"tpg-excerpt tpg-el-excerpt\">\n\t\t\t\t\t\t\t\t\t\t\t\t\t<div class=\"tpg-excerpt-inner\">\n\t\t\t\t\t\t\t\tViolation des droits de l\u2019homme par Isra\u00ebl Selon...\t\t\t\t\t\t\t<\/div>\n\t\t\t\t\t\t\t\t\t\t\t\t\t\t\t\t\t<\/div>\n\t\t\t\t\n\t\t\t\t        <div class=\"post-footer\">\n            <div class=\"post-footer\">\n                <div class=\"read-more\">\n\t\t\t\t\t<a data-id=\"5568\" href=\"https:\/\/aude-insoumise.fr\/?p=5568\" class=\"tpg-post-link\" target=\"_self\">lire la suite<\/a>                <\/div>\n            <\/div>\n        <\/div>\n\t\t\t\t\t<\/div>\n\t\t<\/div>\n\t<\/div>\n<\/div>\n            <\/div>\n\n\t\t\t        <\/div>\n\t\t\t\t\t\t<\/div>\n\t\t\t\t<\/div>\n\t\t\t\t<\/div>\n\t\t\t\t\t<\/div>\n\t\t\t\t<\/div>\n\t\t\t\t<\/div>\n\t\t","protected":false},"excerpt":{"rendered":"<p>https:\/\/youtu.be\/VxpUq8UyR7Yhttps:\/\/youtu.be\/KrQaPYra5dYhttps:\/\/www.youtube.com\/watch?v=4f5Qqz58_Yohttps:\/\/www.youtube.com\/watch?v=HY4kc5-mJhs A l&rsquo;assembl\u00e9e Nationale Affaire Epstein 13 f\u00e9vrier 2026 Affaire Epstein \u00a0Les insoumis proposent l\u2019inscription de leur commission d\u2019enqu\u00eate \u00e0 l\u2019ordre du jour transpartisan&#8230; Lire la suite Cons\u00e9quences du budget [&hellip;]<\/p>\n","protected":false},"author":3,"featured_media":0,"parent":0,"menu_order":0,"comment_status":"closed","ping_status":"closed","template":"template-page-builder.php","meta":{"om_disable_all_campaigns":false,"_monsterinsights_skip_tracking":false,"_monsterinsights_sitenote_active":false,"_monsterinsights_sitenote_note":"","_monsterinsights_sitenote_category":0,"ocean_post_layout":"","ocean_both_sidebars_style":"","ocean_both_sidebars_content_width":0,"ocean_both_sidebars_sidebars_width":0,"ocean_sidebar":"","ocean_second_sidebar":"","ocean_disable_margins":"enable","ocean_add_body_class":"","ocean_shortcode_before_top_bar":"","ocean_shortcode_after_top_bar":"","ocean_shortcode_before_header":"","ocean_shortcode_after_header":"","ocean_has_shortcode":"","ocean_shortcode_after_title":"","ocean_shortcode_before_footer_widgets":"","ocean_shortcode_after_footer_widgets":"","ocean_shortcode_before_footer_bottom":"","ocean_shortcode_after_footer_bottom":"","ocean_display_top_bar":"default","ocean_display_header":"default","ocean_header_style":"","ocean_center_header_left_menu":"","ocean_custom_header_template":"","ocean_custom_logo":0,"ocean_custom_retina_logo":0,"ocean_custom_logo_max_width":0,"ocean_custom_logo_tablet_max_width":0,"ocean_custom_logo_mobile_max_width":0,"ocean_custom_logo_max_height":0,"ocean_custom_logo_tablet_max_height":0,"ocean_custom_logo_mobile_max_height":0,"ocean_header_custom_menu":"","ocean_menu_typo_font_family":"","ocean_menu_typo_font_subset":"","ocean_menu_typo_font_size":0,"ocean_menu_typo_font_size_tablet":0,"ocean_menu_typo_font_size_mobile":0,"ocean_menu_typo_font_size_unit":"px","ocean_menu_typo_font_weight":"","ocean_menu_typo_font_weight_tablet":"","ocean_menu_typo_font_weight_mobile":"","ocean_menu_typo_transform":"","ocean_menu_typo_transform_tablet":"","ocean_menu_typo_transform_mobile":"","ocean_menu_typo_line_height":0,"ocean_menu_typo_line_height_tablet":0,"ocean_menu_typo_line_height_mobile":0,"ocean_menu_typo_line_height_unit":"","ocean_menu_typo_spacing":0,"ocean_menu_typo_spacing_tablet":0,"ocean_menu_typo_spacing_mobile":0,"ocean_menu_typo_spacing_unit":"","ocean_menu_link_color":"","ocean_menu_link_color_hover":"","ocean_menu_link_color_active":"","ocean_menu_link_background":"","ocean_menu_link_hover_background":"","ocean_menu_link_active_background":"","ocean_menu_social_links_bg":"","ocean_menu_social_hover_links_bg":"","ocean_menu_social_links_color":"","ocean_menu_social_hover_links_color":"","ocean_disable_title":"default","ocean_disable_heading":"default","ocean_post_title":"","ocean_post_subheading":"","ocean_post_title_style":"","ocean_post_title_background_color":"","ocean_post_title_background":0,"ocean_post_title_bg_image_position":"","ocean_post_title_bg_image_attachment":"","ocean_post_title_bg_image_repeat":"","ocean_post_title_bg_image_size":"","ocean_post_title_height":0,"ocean_post_title_bg_overlay":0.5,"ocean_post_title_bg_overlay_color":"","ocean_disable_breadcrumbs":"default","ocean_breadcrumbs_color":"","ocean_breadcrumbs_separator_color":"","ocean_breadcrumbs_links_color":"","ocean_breadcrumbs_links_hover_color":"","ocean_display_footer_widgets":"default","ocean_display_footer_bottom":"default","ocean_custom_footer_template":"","footnotes":""},"class_list":["post-3949","page","type-page","status-publish","hentry","entry"],"aioseo_notices":[],"rttpg_featured_image_url":null,"rttpg_author":{"display_name":"Andr\u00e9 Rainier","author_link":"https:\/\/aude-insoumise.fr\/?author=3"},"rttpg_comment":0,"rttpg_category":"","rttpg_excerpt":"https:\/\/youtu.be\/VxpUq8UyR7Yhttps:\/\/youtu.be\/KrQaPYra5dYhttps:\/\/www.youtube.com\/watch?v=4f5Qqz58_Yohttps:\/\/www.youtube.com\/watch?v=HY4kc5-mJhs A l&rsquo;assembl\u00e9e Nationale Affaire Epstein 13 f\u00e9vrier 2026 Affaire Epstein \u00a0Les insoumis proposent l\u2019inscription de leur commission d\u2019enqu\u00eate \u00e0 l\u2019ordre du jour transpartisan&#8230; Lire la suite Cons\u00e9quences du budget [&hellip;]","_links":{"self":[{"href":"https:\/\/aude-insoumise.fr\/index.php?rest_route=\/wp\/v2\/pages\/3949","targetHints":{"allow":["GET"]}}],"collection":[{"href":"https:\/\/aude-insoumise.fr\/index.php?rest_route=\/wp\/v2\/pages"}],"about":[{"href":"https:\/\/aude-insoumise.fr\/index.php?rest_route=\/wp\/v2\/types\/page"}],"author":[{"embeddable":true,"href":"https:\/\/aude-insoumise.fr\/index.php?rest_route=\/wp\/v2\/users\/3"}],"replies":[{"embeddable":true,"href":"https:\/\/aude-insoumise.fr\/index.php?rest_route=%2Fwp%2Fv2%2Fcomments&post=3949"}],"version-history":[{"count":46,"href":"https:\/\/aude-insoumise.fr\/index.php?rest_route=\/wp\/v2\/pages\/3949\/revisions"}],"predecessor-version":[{"id":6533,"href":"https:\/\/aude-insoumise.fr\/index.php?rest_route=\/wp\/v2\/pages\/3949\/revisions\/6533"}],"wp:attachment":[{"href":"https:\/\/aude-insoumise.fr\/index.php?rest_route=%2Fwp%2Fv2%2Fmedia&parent=3949"}],"curies":[{"name":"wp","href":"https:\/\/api.w.org\/{rel}","templated":true}]}}