{"id":4051,"date":"2025-12-21T16:26:20","date_gmt":"2025-12-21T15:26:20","guid":{"rendered":"https:\/\/aude-insoumise.fr\/?page_id=4051"},"modified":"2025-12-24T15:18:46","modified_gmt":"2025-12-24T14:18:46","slug":"mentions-legales","status":"publish","type":"page","link":"https:\/\/aude-insoumise.fr\/?page_id=4051","title":{"rendered":"Mentions l\u00e9gales"},"content":{"rendered":"\t\t<div data-elementor-type=\"wp-page\" data-elementor-id=\"4051\" class=\"elementor elementor-4051\">\n\t\t\t\t<div class=\"elementor-element elementor-element-f20392e e-flex e-con-boxed e-con e-parent\" data-id=\"f20392e\" data-element_type=\"container\" data-e-type=\"container\">\n\t\t\t\t\t<div class=\"e-con-inner\">\n\t\t\t\t<div class=\"elementor-element elementor-element-1df7010 elementor-widget elementor-widget-text-editor\" data-id=\"1df7010\" data-element_type=\"widget\" data-e-type=\"widget\" data-widget_type=\"text-editor.default\">\n\t\t\t\t\t\t\t\t\t<p>\u00a0<\/p><h3 align=\"center\"><b>Mentions l\u00e9gales<\/b><\/h3><p><b>Responsables<\/b><br \/><b>\u00c9diteur :<\/b> Marc Zavagno (Groupe d&rsquo;action LFI Limoux)<br \/><b>\u00c9diteur adjoint :<\/b> Jean Brosselin (Groupe d&rsquo;action LFI Limoux)<br \/><b>Directeur de la publication :<\/b> Bernard Colin (Groupe d&rsquo;action LFI Limoux)<br \/><b>Directeur adjoint de la publication :<\/b> Andr\u00e9 Rainier (Groupe d&rsquo;action LFI Limoux)<br \/><b>H\u00e9bergement<\/b><br \/>Ce site est h\u00e9berg\u00e9 par la soci\u00e9t\u00e9 : OVH<br \/><b>Adresse web : <\/b><a href=\"https:\/\/www.ovh.com\">https:\/\/www.ovh.com<\/a><br \/><b>Adresse Postale :<\/b> 2 rue Kellermann, BP 80157, 59053 ROUBAIX Cedex 1, France<br \/><b>T\u00e9l\u00e9phone :<\/b> +33 (0)8 203 203 63<br \/><b>Adresse \u00e9lectronique (E-mail) : <\/b><a href=\"mailto:support@ovh.com\">support@ovh.com<\/a><br \/><b>Licence : <\/b><br \/>Sauf mention contraire, tous les textes de ce site sont prot\u00e9g\u00e9s par la licence Creative<br \/>Commons Attribution \u2013 Pas d\u2019Utilisation Commerciale \u2013 Partage dans les M\u00eames Conditions 4.0<br \/>International, ce qui signifie que vous \u00eates libres de reproduire, diffuser et communiquer cette<br \/>cr\u00e9ation au public dans les conditions de la licence.<br \/><b>Donn\u00e9es personnelles<\/b><br \/>Les informations que vous nous communiquez sont uniquement utilis\u00e9es dans le cadre de<br \/>l\u2019envoi de la newsletter ou pour vous permettre de laisser des commentaires sur ce blog. En<br \/>application des articles 38 et suivants de la loi du 6 janvier 1978, vous b\u00e9n\u00e9ficiez des droits<br \/>d\u2019acc\u00e8s, de rectification, de suppression et d\u2019opposition aux informations vous concernant.<br \/>Vous pouvez exercer ces droits en nous \u00e9crivant \u00e0 l\u2019adresse <a href=\"mailto:contact@aude-insoumise.fr\">contact@aude-insoumise.fr<\/a><br \/><b>Commentaires :<\/b><br \/>Vous \u00eates libre d\u2019utiliser l\u2019espace des commentaires. Nous nous r\u00e9servons le droit d\u2019appliquer<br \/>une mod\u00e9ration \u00e0 ces commentaires afin de conserver une continuit\u00e9 de th\u00e8mes entre un<br \/>article et les commentaires qui sont d\u00e9pos\u00e9s sur cet article. Les propos interdits par la loi ne<br \/>seront pas publi\u00e9s ou seront supprim\u00e9s.<br \/><b>Cookies :<\/b><br \/>Nous vous informons \u00e9galement de la pr\u00e9sence d\u2019un cookie non d\u00e9truit \u00e0 la fin de votre<br \/>consultation. Ce cookie nous permet d\u2019affiner l\u2019analyse de la fr\u00e9quentation de notre site. Tous<br \/>les r\u00e9sultats obtenus sont compil\u00e9s et totalement anonymes. Dans tous les cas, vous avez le<br \/>contr\u00f4le de ces cookies. Vous avez la possibilit\u00e9 de les lire, de les filtrer, de les refuser et de les<br \/>d\u00e9truire dans la configuration de votre navigateur interne comme suit :<\/p><ul><li><b>Sous Internet Explorer :<\/b> Menu \u00ab Outils &gt; Options Internet \u00bb. Cliquez sur<br \/>\u00ab Confidentialit\u00e9 \u00bb et choisissez \u00ab Bloquer tous les cookies \u00bb. Validez sur \u00ab OK \u00bb<\/li><li><b>Sous Firefox :<\/b> Menu \u00ab Outils &gt; Options \u00bb. Cliquez sur l\u2019option \u00ab Vie priv\u00e9e \u00bb puis<br \/>d\u00e9sactivez les cookies dans la rubrique \u00ab Cookies \u00bb<\/li><li><b>Sous Chrome :<\/b> Menu \u00ab Outils \u00bb. Cliquez sur \u00ab Effacer les donn\u00e9es de navigation \u00bb et<br \/>choisissez \u00ab Supprimer les cookies et autres donn\u00e9es de site et de plug-in \u00bb. Validez sur<p class=\"p3\">\u00ab Effacer les donn\u00e9es de navigation \u00bb.<\/p><\/li><\/ul>\t\t\t\t\t\t\t\t<\/div>\n\t\t\t\t\t<\/div>\n\t\t\t\t<\/div>\n\t\t\t\t<\/div>\n\t\t","protected":false},"excerpt":{"rendered":"<p>\u00a0 Mentions l\u00e9gales Responsables\u00c9diteur : Marc Zavagno (Groupe d&rsquo;action LFI Limoux)\u00c9diteur adjoint : Jean Brosselin (Groupe d&rsquo;action LFI Limoux)Directeur de la publication : Bernard Colin (Groupe d&rsquo;action LFI Limoux)Directeur adjoint [&hellip;]<\/p>\n","protected":false},"author":1,"featured_media":0,"parent":0,"menu_order":0,"comment_status":"closed","ping_status":"closed","template":"template-page-builder.php","meta":{"om_disable_all_campaigns":false,"_monsterinsights_skip_tracking":false,"_monsterinsights_sitenote_active":false,"_monsterinsights_sitenote_note":"","_monsterinsights_sitenote_category":0,"ocean_post_layout":"","ocean_both_sidebars_style":"","ocean_both_sidebars_content_width":0,"ocean_both_sidebars_sidebars_width":0,"ocean_sidebar":"","ocean_second_sidebar":"","ocean_disable_margins":"enable","ocean_add_body_class":"","ocean_shortcode_before_top_bar":"","ocean_shortcode_after_top_bar":"","ocean_shortcode_before_header":"","ocean_shortcode_after_header":"","ocean_has_shortcode":"","ocean_shortcode_after_title":"","ocean_shortcode_before_footer_widgets":"","ocean_shortcode_after_footer_widgets":"","ocean_shortcode_before_footer_bottom":"","ocean_shortcode_after_footer_bottom":"","ocean_display_top_bar":"default","ocean_display_header":"default","ocean_header_style":"","ocean_center_header_left_menu":"","ocean_custom_header_template":"","ocean_custom_logo":0,"ocean_custom_retina_logo":0,"ocean_custom_logo_max_width":0,"ocean_custom_logo_tablet_max_width":0,"ocean_custom_logo_mobile_max_width":0,"ocean_custom_logo_max_height":0,"ocean_custom_logo_tablet_max_height":0,"ocean_custom_logo_mobile_max_height":0,"ocean_header_custom_menu":"","ocean_menu_typo_font_family":"","ocean_menu_typo_font_subset":"","ocean_menu_typo_font_size":0,"ocean_menu_typo_font_size_tablet":0,"ocean_menu_typo_font_size_mobile":0,"ocean_menu_typo_font_size_unit":"px","ocean_menu_typo_font_weight":"","ocean_menu_typo_font_weight_tablet":"","ocean_menu_typo_font_weight_mobile":"","ocean_menu_typo_transform":"","ocean_menu_typo_transform_tablet":"","ocean_menu_typo_transform_mobile":"","ocean_menu_typo_line_height":0,"ocean_menu_typo_line_height_tablet":0,"ocean_menu_typo_line_height_mobile":0,"ocean_menu_typo_line_height_unit":"","ocean_menu_typo_spacing":0,"ocean_menu_typo_spacing_tablet":0,"ocean_menu_typo_spacing_mobile":0,"ocean_menu_typo_spacing_unit":"","ocean_menu_link_color":"","ocean_menu_link_color_hover":"","ocean_menu_link_color_active":"","ocean_menu_link_background":"","ocean_menu_link_hover_background":"","ocean_menu_link_active_background":"","ocean_menu_social_links_bg":"","ocean_menu_social_hover_links_bg":"","ocean_menu_social_links_color":"","ocean_menu_social_hover_links_color":"","ocean_disable_title":"default","ocean_disable_heading":"default","ocean_post_title":"","ocean_post_subheading":"","ocean_post_title_style":"","ocean_post_title_background_color":"","ocean_post_title_background":0,"ocean_post_title_bg_image_position":"","ocean_post_title_bg_image_attachment":"","ocean_post_title_bg_image_repeat":"","ocean_post_title_bg_image_size":"","ocean_post_title_height":0,"ocean_post_title_bg_overlay":0.5,"ocean_post_title_bg_overlay_color":"","ocean_disable_breadcrumbs":"default","ocean_breadcrumbs_color":"","ocean_breadcrumbs_separator_color":"","ocean_breadcrumbs_links_color":"","ocean_breadcrumbs_links_hover_color":"","ocean_display_footer_widgets":"default","ocean_display_footer_bottom":"default","ocean_custom_footer_template":"","footnotes":""},"class_list":["post-4051","page","type-page","status-publish","hentry","entry"],"aioseo_notices":[],"rttpg_featured_image_url":null,"rttpg_author":{"display_name":"jrbross","author_link":"https:\/\/aude-insoumise.fr\/?author=1"},"rttpg_comment":0,"rttpg_category":null,"rttpg_excerpt":"\u00a0 Mentions l\u00e9gales Responsables\u00c9diteur : Marc Zavagno (Groupe d&rsquo;action LFI Limoux)\u00c9diteur adjoint : Jean Brosselin (Groupe d&rsquo;action LFI Limoux)Directeur de la publication : Bernard Colin (Groupe d&rsquo;action LFI Limoux)Directeur adjoint [&hellip;]","_links":{"self":[{"href":"https:\/\/aude-insoumise.fr\/index.php?rest_route=\/wp\/v2\/pages\/4051","targetHints":{"allow":["GET"]}}],"collection":[{"href":"https:\/\/aude-insoumise.fr\/index.php?rest_route=\/wp\/v2\/pages"}],"about":[{"href":"https:\/\/aude-insoumise.fr\/index.php?rest_route=\/wp\/v2\/types\/page"}],"author":[{"embeddable":true,"href":"https:\/\/aude-insoumise.fr\/index.php?rest_route=\/wp\/v2\/users\/1"}],"replies":[{"embeddable":true,"href":"https:\/\/aude-insoumise.fr\/index.php?rest_route=%2Fwp%2Fv2%2Fcomments&post=4051"}],"version-history":[{"count":7,"href":"https:\/\/aude-insoumise.fr\/index.php?rest_route=\/wp\/v2\/pages\/4051\/revisions"}],"predecessor-version":[{"id":4491,"href":"https:\/\/aude-insoumise.fr\/index.php?rest_route=\/wp\/v2\/pages\/4051\/revisions\/4491"}],"wp:attachment":[{"href":"https:\/\/aude-insoumise.fr\/index.php?rest_route=%2Fwp%2Fv2%2Fmedia&parent=4051"}],"curies":[{"name":"wp","href":"https:\/\/api.w.org\/{rel}","templated":true}]}}