{"id":4290,"date":"2025-12-22T20:59:37","date_gmt":"2025-12-22T19:59:37","guid":{"rendered":"https:\/\/aude-insoumise.fr\/?page_id=4290"},"modified":"2026-03-08T19:13:02","modified_gmt":"2026-03-08T18:13:02","slug":"dossiers-2","status":"publish","type":"page","link":"https:\/\/aude-insoumise.fr\/?page_id=4290","title":{"rendered":"Dossiers"},"content":{"rendered":"\t\t<div data-elementor-type=\"wp-page\" data-elementor-id=\"4290\" class=\"elementor elementor-4290\">\n\t\t\t\t<div class=\"elementor-element elementor-element-081c0d3 e-flex e-con-boxed e-con e-parent\" data-id=\"081c0d3\" data-element_type=\"container\" data-e-type=\"container\">\n\t\t\t\t\t<div class=\"e-con-inner\">\n\t\t\t\t<div class=\"elementor-element elementor-element-5731f91 elementor-widget elementor-widget-image\" data-id=\"5731f91\" data-element_type=\"widget\" data-e-type=\"widget\" data-widget_type=\"image.default\">\n\t\t\t\t\t\t\t\t\t\t\t\t\t\t\t<img fetchpriority=\"high\" decoding=\"async\" width=\"567\" height=\"259\" src=\"https:\/\/aude-insoumise.fr\/wp-content\/uploads\/2025\/11\/DOSSIERS.jpeg\" class=\"attachment-large size-large wp-image-2878\" alt=\"\" srcset=\"https:\/\/aude-insoumise.fr\/wp-content\/uploads\/2025\/11\/DOSSIERS.jpeg 567w, https:\/\/aude-insoumise.fr\/wp-content\/uploads\/2025\/11\/DOSSIERS-300x137.jpeg 300w\" sizes=\"(max-width: 567px) 100vw, 567px\" \/>\t\t\t\t\t\t\t\t\t\t\t\t\t\t\t<\/div>\n\t\t\t\t\t<\/div>\n\t\t\t\t<\/div>\n\t\t<div class=\"elementor-element elementor-element-a784b88 e-flex e-con-boxed e-con e-parent\" data-id=\"a784b88\" data-element_type=\"container\" data-e-type=\"container\">\n\t\t\t\t\t<div class=\"e-con-inner\">\n\t\t\t\t<div class=\"elementor-element elementor-element-a25f0a0 elementor-widget elementor-widget-text-editor\" data-id=\"a25f0a0\" data-element_type=\"widget\" data-e-type=\"widget\" data-widget_type=\"text-editor.default\">\n\t\t\t\t\t\t\t\t\t<p align=\"JUSTIFY\"><span style=\"font-family: Verdana, sans-serif;\">Face au projet x\u00e9nophobe, liberticide et anti-social du Rassemblement National, face aux atermoiements, aux compromissions et aux renoncements des repr\u00e9sentants du Bloc bourgeois, nous repr\u00e9sentons la grande force de la Gauche de transformation.<\/span><\/p><p align=\"JUSTIFY\"><span style=\"font-family: Verdana, sans-serif;\">Nous voulons participer au d\u00e9bat public en affirmant haut et fort nos convictions et nos propositions, sans trembler, sans reculer, sans transiger. Notre but, la transformation \u00e9conomique, sociale, \u00e9cologique et d\u00e9mocratique de notre soci\u00e9t\u00e9, pour la rendre plus juste, plus solidaire, plus libre.<\/span><\/p><p align=\"JUSTIFY\"><span style=\"font-family: Verdana, sans-serif;\">L&rsquo;ambition de ces pages \u00ab\u00a0dossiers\u00a0\u00bb est de porter cette parole dans tous les domaines de notre vie de tous les jours\u00a0: l&rsquo;alimentation et l&rsquo;eau, les transformations de l&rsquo;agriculture, la sant\u00e9, les luttes sociales, l&rsquo;accueil des exil\u00e9s, l&rsquo;ins\u00e9curit\u00e9 suppos\u00e9e ou l&rsquo;ins\u00e9curit\u00e9 sociale, l&rsquo;\u00e9ducation, la justice internationale, l&rsquo;information et les m\u00e9dias, et bien d&rsquo;autres encore&#8230;<\/span><\/p><p align=\"JUSTIFY\"><span style=\"font-family: Verdana, sans-serif;\">Nous le ferons au travers d&rsquo;exp\u00e9riences concr\u00e8tes, de rencontres, de d\u00e9bats, d&rsquo;analyses.<\/span><\/p>\t\t\t\t\t\t\t\t<\/div>\n\t\t\t\t\t<\/div>\n\t\t\t\t<\/div>\n\t\t<div class=\"elementor-element elementor-element-13d561c e-flex e-con-boxed e-con e-parent\" data-id=\"13d561c\" data-element_type=\"container\" data-e-type=\"container\">\n\t\t\t\t\t<div class=\"e-con-inner\">\n\t\t\t\t<div class=\"elementor-element elementor-element-9028c7a title-alignment-center title_position_default title_hover_border_default title-default img_hover_animation_default readmore-btn-default-style grid-hover-overlay-type-always tpg-el-box-border-enable tpg-border-bottom-disable elementor-widget elementor-widget-tpg-grid-layout\" data-id=\"9028c7a\" data-element_type=\"widget\" data-e-type=\"widget\" data-widget_type=\"tpg-grid-layout.default\">\n\t\t\t\t<div class=\"elementor-widget-container\">\n\t\t\t\t\t\t\t<div class=\"rt-container-fluid rt-tpg-container tpg-el-main-wrapper clearfix grid-layout1-main \"\n\t\t\t id=\"rt-tpg-container-987258000\"\n\t\t\t data-layout=\"grid-layout1\"\n\t\t\t data-grid-style=\"tpg-full-height\"\n\t\t\t data-sc-id=\"elementor\"\n\t\t\t data-el-settings=''\n\t\t\t data-el-query=''\n\t\t\t data-el-path=''\n\t\t>\n\t\t\t\t\t\t<div class='tpg-header-wrapper '>\n\t\t\t\t\t\t\t<\/div>\n\n\t\t\t<div data-title=\"Loading ...\" class=\"rt-row rt-content-loader grid-layout1 grid-behaviour tpg-full-height grid_layout_wrapper\">\n\t\t\t\t<div class=\"rt-col-md-4 rt-col-sm-6 rt-col-xs-12 default rt-grid-item post-6367 post type-post status-publish format-standard hentry category-dossiers entry\"        data-id=\"6367\">\n    <div class=\"rt-holder tpg-post-holder \">\n        <div class=\"rt-detail rt-el-content-wrapper\">\n\t\t\t                <div class=\"rt-img-holder tpg-el-image-wrap has-no-thumbnail\">\n\t\t\t\t\t<a data-id=\"6367\" href=\"https:\/\/aude-insoumise.fr\/?p=6367\" class=\"tpg-post-link\" target=\"_self\"><img class='rt-img-responsive' src='https:\/\/aude-insoumise.fr\/wp-content\/uploads\/2026\/02\/Capture-decran-2026-01-30-115546-300x186.png' width=\"300\" height=\"186\" alt='\u00ab\u00a0Malvesi\u00a0\u00bb. Inondations, que s&rsquo;est-il pass\u00e9 ?'>\t\t\n\t\t<\/a>\n\t\t        <div class=\"overlay grid-hover-content\"><\/div>\n\t\t                <\/div>\n\t\t\t\n\t\t\t<div class=\"entry-title-wrapper\"><h3 class=\"entry-title\"><a data-id=\"6367\" href=\"https:\/\/aude-insoumise.fr\/?p=6367\" class=\"tpg-post-link\" target=\"_self\">\u00ab\u00a0Malvesi\u00a0\u00bb. Inondations, que s&rsquo;est-il pass\u00e9 ?<\/a><\/h3><\/div>\n\t\t\t\n\n\t\t\t                <div class=\"tpg-excerpt tpg-el-excerpt\">\n\t\t\t\t\t                        <div class=\"tpg-excerpt-inner\">\n\t\t\t\t\t\t\tLes fortes pluies peuvent entra\u00eener un d\u00e9bordement des bassins et les vents violents une dispersion des \u00e9l\u00e9ments radioactifs sous forme...                        <\/div>\n\t\t\t\t\t\t\t\t\t\t                <\/div>\n\t\t\t\n\t\t\t        <div class=\"post-footer\">\n            <div class=\"post-footer\">\n                <div class=\"read-more\">\n\t\t\t\t\t<a data-id=\"6367\" href=\"https:\/\/aude-insoumise.fr\/?p=6367\" class=\"tpg-post-link\" target=\"_self\">Lire la suite<\/a>                <\/div>\n            <\/div>\n        <\/div>\n\t\t        <\/div>\n    <\/div>\n<\/div>\n<div class=\"rt-col-md-4 rt-col-sm-6 rt-col-xs-12 default rt-grid-item post-5848 post type-post status-publish format-standard hentry category-dossiers entry\"        data-id=\"5848\">\n    <div class=\"rt-holder tpg-post-holder \">\n        <div class=\"rt-detail rt-el-content-wrapper\">\n\t\t\t                <div class=\"rt-img-holder tpg-el-image-wrap has-no-thumbnail\">\n\t\t\t\t\t<a data-id=\"5848\" href=\"https:\/\/aude-insoumise.fr\/?p=5848\" class=\"tpg-post-link\" target=\"_self\"><img class='rt-img-responsive' src='https:\/\/aude-insoumise.fr\/wp-content\/uploads\/2026\/02\/OIP.yODUJ_3UlGqk30Spf1s8RQHaLG-200x300.jpg' width=\"200\" height=\"300\" alt='Les 80 ans de la S\u00e9curit\u00e9 Sociale'>\t\t\n\t\t<\/a>\n\t\t        <div class=\"overlay grid-hover-content\"><\/div>\n\t\t                <\/div>\n\t\t\t\n\t\t\t<div class=\"entry-title-wrapper\"><h3 class=\"entry-title\"><a data-id=\"5848\" href=\"https:\/\/aude-insoumise.fr\/?p=5848\" class=\"tpg-post-link\" target=\"_self\">Les 80 ans de la S\u00e9curit\u00e9 Sociale<\/a><\/h3><\/div>\n\t\t\t\n\n\t\t\t                <div class=\"tpg-excerpt tpg-el-excerpt\">\n\t\t\t\t\t                        <div class=\"tpg-excerpt-inner\">\n\t\t\t\t\t\t\tEn 2026, dans l&rsquo;Aude comme partout en France, nous c\u00e9l\u00e9brons le 80\u00e8me anniversaire de la S\u00e9curit\u00e9 Sociale. Le Vendredi 30...                        <\/div>\n\t\t\t\t\t\t\t\t\t\t                <\/div>\n\t\t\t\n\t\t\t        <div class=\"post-footer\">\n            <div class=\"post-footer\">\n                <div class=\"read-more\">\n\t\t\t\t\t<a data-id=\"5848\" href=\"https:\/\/aude-insoumise.fr\/?p=5848\" class=\"tpg-post-link\" target=\"_self\">Lire la suite<\/a>                <\/div>\n            <\/div>\n        <\/div>\n\t\t        <\/div>\n    <\/div>\n<\/div>\n<div class=\"rt-col-md-4 rt-col-sm-6 rt-col-xs-12 default rt-grid-item post-5832 post type-post status-publish format-standard hentry category-dossiers entry\"        data-id=\"5832\">\n    <div class=\"rt-holder tpg-post-holder \">\n        <div class=\"rt-detail rt-el-content-wrapper\">\n\t\t\t                <div class=\"rt-img-holder tpg-el-image-wrap has-no-thumbnail\">\n\t\t\t\t\t<a data-id=\"5832\" href=\"https:\/\/aude-insoumise.fr\/?p=5832\" class=\"tpg-post-link\" target=\"_self\"><img loading=\"lazy\" class='rt-img-responsive' src='https:\/\/aude-insoumise.fr\/wp-content\/uploads\/2026\/02\/OIP.yI-aA6zC4wYGkoKemm1iQgHaFj.webp' width=\"474\" height=\"355\" alt='La fabrique de la peur'>\t\t\n\t\t<\/a>\n\t\t        <div class=\"overlay grid-hover-content\"><\/div>\n\t\t                <\/div>\n\t\t\t\n\t\t\t<div class=\"entry-title-wrapper\"><h3 class=\"entry-title\"><a data-id=\"5832\" href=\"https:\/\/aude-insoumise.fr\/?p=5832\" class=\"tpg-post-link\" target=\"_self\">La fabrique de la peur<\/a><\/h3><\/div>\n\t\t\t\n\n\t\t\t                <div class=\"tpg-excerpt tpg-el-excerpt\">\n\t\t\t\t\t                        <div class=\"tpg-excerpt-inner\">\n\t\t\t\t\t\t\t\u00ab\u00a0Ensauvagement, jeunes barbares, la France a peur, le trafic de drogue est partout, racailles, guerre de gangs, d\u00e9-civilisation, la s\u00e9curit\u00e9...                        <\/div>\n\t\t\t\t\t\t\t\t\t\t                <\/div>\n\t\t\t\n\t\t\t        <div class=\"post-footer\">\n            <div class=\"post-footer\">\n                <div class=\"read-more\">\n\t\t\t\t\t<a data-id=\"5832\" href=\"https:\/\/aude-insoumise.fr\/?p=5832\" class=\"tpg-post-link\" target=\"_self\">Lire la suite<\/a>                <\/div>\n            <\/div>\n        <\/div>\n\t\t        <\/div>\n    <\/div>\n<\/div>\n<div class=\"rt-col-md-4 rt-col-sm-6 rt-col-xs-12 default rt-grid-item post-5827 post type-post status-publish format-standard hentry category-dossiers entry\"        data-id=\"5827\">\n    <div class=\"rt-holder tpg-post-holder \">\n        <div class=\"rt-detail rt-el-content-wrapper\">\n\t\t\t                <div class=\"rt-img-holder tpg-el-image-wrap has-no-thumbnail\">\n\t\t\t\t\t<a data-id=\"5827\" href=\"https:\/\/aude-insoumise.fr\/?p=5827\" class=\"tpg-post-link\" target=\"_self\"><img loading=\"lazy\" class='rt-img-responsive' src='https:\/\/aude-insoumise.fr\/wp-content\/uploads\/2025\/11\/DOSSIERS-REFUGIES-300x265.jpg' width=\"300\" height=\"265\" alt='Journ\u00e9e mondiale des r\u00e9fugi\u00e9s'>\t\t\n\t\t<\/a>\n\t\t        <div class=\"overlay grid-hover-content\"><\/div>\n\t\t                <\/div>\n\t\t\t\n\t\t\t<div class=\"entry-title-wrapper\"><h3 class=\"entry-title\"><a data-id=\"5827\" href=\"https:\/\/aude-insoumise.fr\/?p=5827\" class=\"tpg-post-link\" target=\"_self\">Journ\u00e9e mondiale des r\u00e9fugi\u00e9s<\/a><\/h3><\/div>\n\t\t\t\n\n\t\t\t                <div class=\"tpg-excerpt tpg-el-excerpt\">\n\t\t\t\t\t                        <div class=\"tpg-excerpt-inner\">\n\t\t\t\t\t\t\tLe 20 juin 2025 \u00e0 Limoux, une f\u00eate avant la f\u00eate de la musique. Dans le jardin de la maison...                        <\/div>\n\t\t\t\t\t\t\t\t\t\t                <\/div>\n\t\t\t\n\t\t\t        <div class=\"post-footer\">\n            <div class=\"post-footer\">\n                <div class=\"read-more\">\n\t\t\t\t\t<a data-id=\"5827\" href=\"https:\/\/aude-insoumise.fr\/?p=5827\" class=\"tpg-post-link\" target=\"_self\">Lire la suite<\/a>                <\/div>\n            <\/div>\n        <\/div>\n\t\t        <\/div>\n    <\/div>\n<\/div>\n<div class=\"rt-col-md-4 rt-col-sm-6 rt-col-xs-12 default rt-grid-item post-5821 post type-post status-publish format-standard hentry category-dossiers entry\"        data-id=\"5821\">\n    <div class=\"rt-holder tpg-post-holder \">\n        <div class=\"rt-detail rt-el-content-wrapper\">\n\t\t\t                <div class=\"rt-img-holder tpg-el-image-wrap has-no-thumbnail\">\n\t\t\t\t\t<a data-id=\"5821\" href=\"https:\/\/aude-insoumise.fr\/?p=5821\" class=\"tpg-post-link\" target=\"_self\"><img loading=\"lazy\" class='rt-img-responsive' src='https:\/\/aude-insoumise.fr\/wp-content\/uploads\/2026\/01\/OIF.nkoHZ0m857TodtDisdUXdg.webp' width=\"300\" height=\"300\" alt='Gaza, un sondage oubli\u00e9'>\t\t\n\t\t<\/a>\n\t\t        <div class=\"overlay grid-hover-content\"><\/div>\n\t\t                <\/div>\n\t\t\t\n\t\t\t<div class=\"entry-title-wrapper\"><h3 class=\"entry-title\"><a data-id=\"5821\" href=\"https:\/\/aude-insoumise.fr\/?p=5821\" class=\"tpg-post-link\" target=\"_self\">Gaza, un sondage oubli\u00e9<\/a><\/h3><\/div>\n\t\t\t\n\n\t\t\t                <div class=\"tpg-excerpt tpg-el-excerpt\">\n\t\t\t\t\t                        <div class=\"tpg-excerpt-inner\">\n\t\t\t\t\t\t\tLa th\u00e8se selon laquelle toute la bande de Gaza soutiendrait le Hamas, et que par cons\u00e9quent tous les gazaouis devraient...                        <\/div>\n\t\t\t\t\t\t\t\t\t\t                <\/div>\n\t\t\t\n\t\t\t        <div class=\"post-footer\">\n            <div class=\"post-footer\">\n                <div class=\"read-more\">\n\t\t\t\t\t<a data-id=\"5821\" href=\"https:\/\/aude-insoumise.fr\/?p=5821\" class=\"tpg-post-link\" target=\"_self\">Lire la suite<\/a>                <\/div>\n            <\/div>\n        <\/div>\n\t\t        <\/div>\n    <\/div>\n<\/div>\n<div class=\"rt-col-md-4 rt-col-sm-6 rt-col-xs-12 default rt-grid-item post-5814 post type-post status-publish format-standard hentry category-dossiers entry\"        data-id=\"5814\">\n    <div class=\"rt-holder tpg-post-holder \">\n        <div class=\"rt-detail rt-el-content-wrapper\">\n\t\t\t                <div class=\"rt-img-holder tpg-el-image-wrap has-no-thumbnail\">\n\t\t\t\t\t<a data-id=\"5814\" href=\"https:\/\/aude-insoumise.fr\/?p=5814\" class=\"tpg-post-link\" target=\"_self\"><img loading=\"lazy\" class='rt-img-responsive' src='https:\/\/aude-insoumise.fr\/wp-content\/uploads\/2025\/12\/DOSSIERS-VENTRE-ECOLE.jpeg' width=\"413\" height=\"294\" alt='Le ventre de l&rsquo;\u00e9cole'>\t\t\n\t\t<\/a>\n\t\t        <div class=\"overlay grid-hover-content\"><\/div>\n\t\t                <\/div>\n\t\t\t\n\t\t\t<div class=\"entry-title-wrapper\"><h3 class=\"entry-title\"><a data-id=\"5814\" href=\"https:\/\/aude-insoumise.fr\/?p=5814\" class=\"tpg-post-link\" target=\"_self\">Le ventre de l&rsquo;\u00e9cole<\/a><\/h3><\/div>\n\t\t\t\n\n\t\t\t                <div class=\"tpg-excerpt tpg-el-excerpt\">\n\t\t\t\t\t                        <div class=\"tpg-excerpt-inner\">\n\t\t\t\t\t\t\t\u00a0Le Samedi 13 Septembre, dans le cadre de la F\u00eate Paysanne annuelle \u00e0 la Maison Paysanne de Limoux s&rsquo;est tenue...                        <\/div>\n\t\t\t\t\t\t\t\t\t\t                <\/div>\n\t\t\t\n\t\t\t        <div class=\"post-footer\">\n            <div class=\"post-footer\">\n                <div class=\"read-more\">\n\t\t\t\t\t<a data-id=\"5814\" href=\"https:\/\/aude-insoumise.fr\/?p=5814\" class=\"tpg-post-link\" target=\"_self\">Lire la suite<\/a>                <\/div>\n            <\/div>\n        <\/div>\n\t\t        <\/div>\n    <\/div>\n<\/div>\n\t\t\t<\/div>\n\t\t\t\n\t\t<\/div>\n\t\t\t\t\t\t<\/div>\n\t\t\t\t<\/div>\n\t\t\t\t\t<\/div>\n\t\t\t\t<\/div>\n\t\t\t\t<\/div>\n\t\t","protected":false},"excerpt":{"rendered":"<p>Face au projet x\u00e9nophobe, liberticide et anti-social du Rassemblement National, face aux atermoiements, aux compromissions et aux renoncements des repr\u00e9sentants du Bloc bourgeois, nous repr\u00e9sentons la grande force de la [&hellip;]<\/p>\n","protected":false},"author":1,"featured_media":0,"parent":0,"menu_order":0,"comment_status":"closed","ping_status":"closed","template":"template-page-builder.php","meta":{"om_disable_all_campaigns":false,"_monsterinsights_skip_tracking":false,"_monsterinsights_sitenote_active":false,"_monsterinsights_sitenote_note":"","_monsterinsights_sitenote_category":0,"ocean_post_layout":"","ocean_both_sidebars_style":"","ocean_both_sidebars_content_width":0,"ocean_both_sidebars_sidebars_width":0,"ocean_sidebar":"","ocean_second_sidebar":"","ocean_disable_margins":"enable","ocean_add_body_class":"","ocean_shortcode_before_top_bar":"","ocean_shortcode_after_top_bar":"","ocean_shortcode_before_header":"","ocean_shortcode_after_header":"","ocean_has_shortcode":"","ocean_shortcode_after_title":"","ocean_shortcode_before_footer_widgets":"","ocean_shortcode_after_footer_widgets":"","ocean_shortcode_before_footer_bottom":"","ocean_shortcode_after_footer_bottom":"","ocean_display_top_bar":"default","ocean_display_header":"default","ocean_header_style":"","ocean_center_header_left_menu":"","ocean_custom_header_template":"","ocean_custom_logo":0,"ocean_custom_retina_logo":0,"ocean_custom_logo_max_width":0,"ocean_custom_logo_tablet_max_width":0,"ocean_custom_logo_mobile_max_width":0,"ocean_custom_logo_max_height":0,"ocean_custom_logo_tablet_max_height":0,"ocean_custom_logo_mobile_max_height":0,"ocean_header_custom_menu":"","ocean_menu_typo_font_family":"","ocean_menu_typo_font_subset":"","ocean_menu_typo_font_size":0,"ocean_menu_typo_font_size_tablet":0,"ocean_menu_typo_font_size_mobile":0,"ocean_menu_typo_font_size_unit":"px","ocean_menu_typo_font_weight":"","ocean_menu_typo_font_weight_tablet":"","ocean_menu_typo_font_weight_mobile":"","ocean_menu_typo_transform":"","ocean_menu_typo_transform_tablet":"","ocean_menu_typo_transform_mobile":"","ocean_menu_typo_line_height":0,"ocean_menu_typo_line_height_tablet":0,"ocean_menu_typo_line_height_mobile":0,"ocean_menu_typo_line_height_unit":"","ocean_menu_typo_spacing":0,"ocean_menu_typo_spacing_tablet":0,"ocean_menu_typo_spacing_mobile":0,"ocean_menu_typo_spacing_unit":"","ocean_menu_link_color":"","ocean_menu_link_color_hover":"","ocean_menu_link_color_active":"","ocean_menu_link_background":"","ocean_menu_link_hover_background":"","ocean_menu_link_active_background":"","ocean_menu_social_links_bg":"","ocean_menu_social_hover_links_bg":"","ocean_menu_social_links_color":"","ocean_menu_social_hover_links_color":"","ocean_disable_title":"default","ocean_disable_heading":"default","ocean_post_title":"","ocean_post_subheading":"","ocean_post_title_style":"","ocean_post_title_background_color":"","ocean_post_title_background":0,"ocean_post_title_bg_image_position":"","ocean_post_title_bg_image_attachment":"","ocean_post_title_bg_image_repeat":"","ocean_post_title_bg_image_size":"","ocean_post_title_height":0,"ocean_post_title_bg_overlay":0.5,"ocean_post_title_bg_overlay_color":"","ocean_disable_breadcrumbs":"default","ocean_breadcrumbs_color":"","ocean_breadcrumbs_separator_color":"","ocean_breadcrumbs_links_color":"","ocean_breadcrumbs_links_hover_color":"","ocean_display_footer_widgets":"default","ocean_display_footer_bottom":"default","ocean_custom_footer_template":"","footnotes":""},"class_list":["post-4290","page","type-page","status-publish","hentry","entry"],"aioseo_notices":[],"rttpg_featured_image_url":null,"rttpg_author":{"display_name":"jrbross","author_link":"https:\/\/aude-insoumise.fr\/?author=1"},"rttpg_comment":0,"rttpg_category":"","rttpg_excerpt":"Face au projet x\u00e9nophobe, liberticide et anti-social du Rassemblement National, face aux atermoiements, aux compromissions et aux renoncements des repr\u00e9sentants du Bloc bourgeois, nous repr\u00e9sentons la grande force de la [&hellip;]","_links":{"self":[{"href":"https:\/\/aude-insoumise.fr\/index.php?rest_route=\/wp\/v2\/pages\/4290","targetHints":{"allow":["GET"]}}],"collection":[{"href":"https:\/\/aude-insoumise.fr\/index.php?rest_route=\/wp\/v2\/pages"}],"about":[{"href":"https:\/\/aude-insoumise.fr\/index.php?rest_route=\/wp\/v2\/types\/page"}],"author":[{"embeddable":true,"href":"https:\/\/aude-insoumise.fr\/index.php?rest_route=\/wp\/v2\/users\/1"}],"replies":[{"embeddable":true,"href":"https:\/\/aude-insoumise.fr\/index.php?rest_route=%2Fwp%2Fv2%2Fcomments&post=4290"}],"version-history":[{"count":43,"href":"https:\/\/aude-insoumise.fr\/index.php?rest_route=\/wp\/v2\/pages\/4290\/revisions"}],"predecessor-version":[{"id":6393,"href":"https:\/\/aude-insoumise.fr\/index.php?rest_route=\/wp\/v2\/pages\/4290\/revisions\/6393"}],"wp:attachment":[{"href":"https:\/\/aude-insoumise.fr\/index.php?rest_route=%2Fwp%2Fv2%2Fmedia&parent=4290"}],"curies":[{"name":"wp","href":"https:\/\/api.w.org\/{rel}","templated":true}]}}