{"id":4425,"date":"2025-12-23T13:04:44","date_gmt":"2025-12-23T12:04:44","guid":{"rendered":"https:\/\/aude-insoumise.fr\/?page_id=4425"},"modified":"2026-03-30T15:33:08","modified_gmt":"2026-03-30T13:33:08","slug":"elections","status":"publish","type":"page","link":"https:\/\/aude-insoumise.fr\/?page_id=4425","title":{"rendered":"Elections"},"content":{"rendered":"\t\t<div data-elementor-type=\"wp-page\" data-elementor-id=\"4425\" class=\"elementor elementor-4425\">\n\t\t\t\t<div class=\"elementor-element elementor-element-1ff47ad e-flex e-con-boxed e-con e-parent\" data-id=\"1ff47ad\" data-element_type=\"container\" data-e-type=\"container\">\n\t\t\t\t\t<div class=\"e-con-inner\">\n\t\t\t\t<div class=\"elementor-element elementor-element-fc5c027 elementor-widget elementor-widget-heading\" data-id=\"fc5c027\" data-element_type=\"widget\" data-e-type=\"widget\" data-widget_type=\"heading.default\">\n\t\t\t\t\t<h2 class=\"elementor-heading-title elementor-size-default\">Elections municipales\n<\/h2>\t\t\t\t<\/div>\n\t\t\t\t<div class=\"elementor-element elementor-element-7aa4677 elementor-widget elementor-widget-heading\" data-id=\"7aa4677\" data-element_type=\"widget\" data-e-type=\"widget\" data-widget_type=\"heading.default\">\n\t\t\t\t\t<h2 class=\"elementor-heading-title elementor-size-default\">Analyse des r\u00e9sultats au niveau national<\/h2>\t\t\t\t<\/div>\n\t\t\t\t\t<\/div>\n\t\t\t\t<\/div>\n\t\t<div class=\"elementor-element elementor-element-8f2cfcb e-flex e-con-boxed e-con e-parent\" data-id=\"8f2cfcb\" data-element_type=\"container\" data-e-type=\"container\">\n\t\t\t\t\t<div class=\"e-con-inner\">\n\t\t<div class=\"elementor-element elementor-element-7836d40 e-con-full e-flex e-con e-child\" data-id=\"7836d40\" data-element_type=\"container\" data-e-type=\"container\">\n\t\t\t\t<div class=\"elementor-element elementor-element-87ce645 elementor-widget elementor-widget-image\" data-id=\"87ce645\" data-element_type=\"widget\" data-e-type=\"widget\" data-widget_type=\"image.default\">\n\t\t\t\t\t\t\t\t\t\t\t\t\t\t\t<img fetchpriority=\"high\" decoding=\"async\" width=\"500\" height=\"261\" src=\"https:\/\/aude-insoumise.fr\/wp-content\/uploads\/2026\/03\/photo-municipales.webp\" class=\"attachment-large size-large wp-image-6503\" alt=\"\" srcset=\"https:\/\/aude-insoumise.fr\/wp-content\/uploads\/2026\/03\/photo-municipales.webp 500w, https:\/\/aude-insoumise.fr\/wp-content\/uploads\/2026\/03\/photo-municipales-300x157.webp 300w\" sizes=\"(max-width: 500px) 100vw, 500px\" \/>\t\t\t\t\t\t\t\t\t\t\t\t\t\t\t<\/div>\n\t\t\t\t<\/div>\n\t\t<div class=\"elementor-element elementor-element-b488506 e-con-full e-flex e-con e-child\" data-id=\"b488506\" data-element_type=\"container\" data-e-type=\"container\">\n\t\t\t\t<div class=\"elementor-element elementor-element-82a0515 elementor-widget elementor-widget-text-editor\" data-id=\"82a0515\" data-element_type=\"widget\" data-e-type=\"widget\" data-widget_type=\"text-editor.default\">\n\t\t\t\t\t\t\t\t\t<div class=\"x14z9mp xat24cr x1lziwak x1vvkbs xtlvy1s x126k92a\"><div dir=\"auto\">Ceci est un tour d\u2019horizon sur le deuxi\u00e8me tour des \u00e9lections municipales.<\/div><\/div><div class=\"x14z9mp xat24cr x1lziwak x1vvkbs xtlvy1s x126k92a\"><div dir=\"auto\">Cette journ\u00e9e de vote auraconfirm\u00e9 et amplifi\u00e9 la perc\u00e9e au premier tour des listes pr\u00e9sent\u00e9es par le Mouvement insoumis. Manuel Bompard r\u00e9sume bien notre r\u00e9sultat.<\/div><\/div><div class=\"x14z9mp xat24cr x1lziwak x1vvkbs xtlvy1s x126k92a\"><div dir=\"auto\">\u00ab D\u2019ores et d\u00e9j\u00e0, apr\u00e8s Saint-Denis (150 000 habitants) la semaine derni\u00e8re, les listes pr\u00e9sent\u00e9es par la France insoumise\u00a0<\/div><div dir=\"auto\"><a title=\"\ud835\udc12\ud835\udc28\ud835\udc22\ud835\udc2b \ud835\udc1d\u2019\ud835\udc1e\u0301\ud835\udc25\ud835\udc1e\ud835\udc1c\ud835\udc2d\ud835\udc22\ud835\udc28\ud835\udc27, \ud835\udc2d\ud835\udc28\ud835\udc2e\ud835\udc2b \ud835\udc1d\u2019\ud835\udc21\ud835\udc28\ud835\udc2b\ud835\udc22\ud835\udc33\ud835\udc28\ud835\udc27 \ud835\udc1a\u0300 \ud835\udc1c\ud835\udc21\ud835\udc1a\ud835\udc2e\ud835\udc1d\" href=\"https:\/\/aude-insoumise.fr\/?page_id=6507\">Lire la suite<\/a><\/div><\/div>\t\t\t\t\t\t\t\t<\/div>\n\t\t\t\t<\/div>\n\t\t\t\t\t<\/div>\n\t\t\t\t<\/div>\n\t\t<div class=\"elementor-element elementor-element-50de905 e-flex e-con-boxed e-con e-parent\" data-id=\"50de905\" data-element_type=\"container\" data-e-type=\"container\">\n\t\t\t\t\t<div class=\"e-con-inner\">\n\t\t\t\t<div class=\"elementor-element elementor-element-4d1d466 elementor-widget elementor-widget-heading\" data-id=\"4d1d466\" data-element_type=\"widget\" data-e-type=\"widget\" data-widget_type=\"heading.default\">\n\t\t\t\t\t<h2 class=\"elementor-heading-title elementor-size-default\">Perc\u00e9e insoumise et bobards m\u00e9diatiques<\/h2>\t\t\t\t<\/div>\n\t\t\t\t\t<\/div>\n\t\t\t\t<\/div>\n\t\t<div class=\"elementor-element elementor-element-fe03f06 e-flex e-con-boxed e-con e-parent\" data-id=\"fe03f06\" data-element_type=\"container\" data-e-type=\"container\">\n\t\t\t\t\t<div class=\"e-con-inner\">\n\t\t<div class=\"elementor-element elementor-element-d289346 e-con-full e-flex e-con e-child\" data-id=\"d289346\" data-element_type=\"container\" data-e-type=\"container\">\n\t\t\t\t<div class=\"elementor-element elementor-element-bcf9fe0 elementor-widget elementor-widget-image\" data-id=\"bcf9fe0\" data-element_type=\"widget\" data-e-type=\"widget\" data-widget_type=\"image.default\">\n\t\t\t\t\t\t\t\t\t\t\t\t\t\t\t<img decoding=\"async\" width=\"500\" height=\"281\" src=\"https:\/\/aude-insoumise.fr\/wp-content\/uploads\/2026\/03\/photo-bompard.webp\" class=\"attachment-large size-large wp-image-6521\" alt=\"\" srcset=\"https:\/\/aude-insoumise.fr\/wp-content\/uploads\/2026\/03\/photo-bompard.webp 500w, https:\/\/aude-insoumise.fr\/wp-content\/uploads\/2026\/03\/photo-bompard-300x169.webp 300w\" sizes=\"(max-width: 500px) 100vw, 500px\" \/>\t\t\t\t\t\t\t\t\t\t\t\t\t\t\t<\/div>\n\t\t\t\t<\/div>\n\t\t<div class=\"elementor-element elementor-element-d09a420 e-con-full e-flex e-con e-child\" data-id=\"d09a420\" data-element_type=\"container\" data-e-type=\"container\">\n\t\t\t\t<div class=\"elementor-element elementor-element-af68d72 elementor-widget elementor-widget-text-editor\" data-id=\"af68d72\" data-element_type=\"widget\" data-e-type=\"widget\" data-widget_type=\"text-editor.default\">\n\t\t\t\t\t\t\t\t\t<p>\u00c0 l\u2019issue de cette campagne, le bilan est remarquable pour la France insoumise.\u00a0<strong>Elle fait son entr\u00e9e dans plus de 400 conseils municipaux, soit plus de 16 millions de Fran\u00e7ais\u00b7es qui auront des conseillers municipaux insoumis.<\/strong>\u00a0<strong>Elle l\u2019emporte dans une dizaine de communes, dont 2 des 50 communes les plus peupl\u00e9es de France (Roubaix et Saint-Denis).\u00a0<\/strong><\/p><p>Ces victoires ne sont pas anodines. Alors qu\u2019environ &#8230;<\/p><p><a title=\"Perc\u00e9e insoumise et bobards m\u00e9diatiques\" href=\"https:\/\/aude-insoumise.fr\/?page_id=6518\">Lire la suite<\/a><\/p>\t\t\t\t\t\t\t\t<\/div>\n\t\t\t\t<\/div>\n\t\t\t\t\t<\/div>\n\t\t\t\t<\/div>\n\t\t<div class=\"elementor-element elementor-element-af5d77c e-flex e-con-boxed e-con e-parent\" data-id=\"af5d77c\" data-element_type=\"container\" data-e-type=\"container\">\n\t\t\t\t\t<div class=\"e-con-inner\">\n\t\t\t\t<div class=\"elementor-element elementor-element-c58cb86 elementor-widget elementor-widget-image\" data-id=\"c58cb86\" data-element_type=\"widget\" data-e-type=\"widget\" data-widget_type=\"image.default\">\n\t\t\t\t\t\t\t\t\t\t\t\t\t\t\t<img decoding=\"async\" width=\"768\" height=\"432\" src=\"https:\/\/aude-insoumise.fr\/wp-content\/uploads\/2025\/12\/AFFICHES-JLM2022-768x432.png\" class=\"attachment-medium_large size-medium_large wp-image-4110\" alt=\"\" srcset=\"https:\/\/aude-insoumise.fr\/wp-content\/uploads\/2025\/12\/AFFICHES-JLM2022-768x432.png 768w, https:\/\/aude-insoumise.fr\/wp-content\/uploads\/2025\/12\/AFFICHES-JLM2022-300x169.png 300w, https:\/\/aude-insoumise.fr\/wp-content\/uploads\/2025\/12\/AFFICHES-JLM2022-1080x608.png 1080w, https:\/\/aude-insoumise.fr\/wp-content\/uploads\/2025\/12\/AFFICHES-JLM2022-800x450.png 800w, https:\/\/aude-insoumise.fr\/wp-content\/uploads\/2025\/12\/AFFICHES-JLM2022.png 1536w\" sizes=\"(max-width: 768px) 100vw, 768px\" \/>\t\t\t\t\t\t\t\t\t\t\t\t\t\t\t<\/div>\n\t\t\t\t\t<\/div>\n\t\t\t\t<\/div>\n\t\t<div class=\"elementor-element elementor-element-ecb992c e-flex e-con-boxed e-con e-parent\" data-id=\"ecb992c\" data-element_type=\"container\" data-e-type=\"container\">\n\t\t\t\t\t<div class=\"e-con-inner\">\n\t\t\t\t<div class=\"elementor-element elementor-element-e2fa9e7 elementor-widget elementor-widget-heading\" data-id=\"e2fa9e7\" data-element_type=\"widget\" data-e-type=\"widget\" data-widget_type=\"heading.default\">\n\t\t\t\t\t<h2 class=\"elementor-heading-title elementor-size-default\">TOP 10 DES COMMUNES DE L'AUDE AYANT VOTE JEAN-LUC MELENCHON EN 2022<\/h2>\t\t\t\t<\/div>\n\t\t\t\t\t<\/div>\n\t\t\t\t<\/div>\n\t\t<div class=\"elementor-element elementor-element-d808057 e-flex e-con-boxed e-con e-parent\" data-id=\"d808057\" data-element_type=\"container\" data-e-type=\"container\">\n\t\t\t\t\t<div class=\"e-con-inner\">\n\t\t<div class=\"elementor-element elementor-element-aac01e7 e-con-full e-flex e-con e-child\" data-id=\"aac01e7\" data-element_type=\"container\" data-e-type=\"container\">\n\t\t\t\t<div class=\"elementor-element elementor-element-2cd1005 elementor-widget elementor-widget-text-editor\" data-id=\"2cd1005\" data-element_type=\"widget\" data-e-type=\"widget\" data-widget_type=\"text-editor.default\">\n\t\t\t\t\t\t\t\t\t<p><strong>1ere CIRCONSCRIPTION<\/strong><\/p><p>1 &#8211; Cabrespine (42,59%)<\/p><p>2 &#8211; Lespinassi\u00e8re (42,45%)<\/p><p>3 &#8211; La Tourette Cabard\u00e8s (41,67%)<\/p><p>4 &#8211; Castans (37,50%)<\/p><p>5 &#8211; Jonqui\u00e8res (31,11%)<\/p><p>6 &#8211; Pradelles-Cabard\u00e8s (31,06%)<\/p><p>7 &#8211; Villardonnel (30,66%)<\/p><p>8 &#8211; Quintillan (26,67%)<\/p><p>9 &#8211; Monts\u00e9ret (25,98%)<\/p><p>10 &#8211; St Couat d&rsquo;Aude (25,51%)<\/p><p>CIRCONSCRIPTION : 19,46%<\/p>\t\t\t\t\t\t\t\t<\/div>\n\t\t\t\t<\/div>\n\t\t<div class=\"elementor-element elementor-element-958720f e-con-full e-flex e-con e-child\" data-id=\"958720f\" data-element_type=\"container\" data-e-type=\"container\">\n\t\t\t\t<div class=\"elementor-element elementor-element-4ae12c4 elementor-widget elementor-widget-text-editor\" data-id=\"4ae12c4\" data-element_type=\"widget\" data-e-type=\"widget\" data-widget_type=\"text-editor.default\">\n\t\t\t\t\t\t\t\t\t<p><strong>2\u00e8me CIRCONSCRIPTION<\/strong><\/p><p>1 &#8211; Treilles (27,80%)<\/p><p>2 &#8211; Feuilla (26,23%)<\/p><p>3 &#8211; Bages (25,09%)<\/p><p>4 &#8211; Narbonne (22,31%)<\/p><p>5 &#8211; Marcorignan (21,27%)<\/p><p>6 &#8211; Montredon-des-C. (20,32%)<\/p><p>7 &#8211; Coursan (20,03%)<\/p><p>8 &#8211; Armissan (19,64%)<\/p><p>9 &#8211; Peyriac-de-Mer (19,51%)<\/p><p>10 &#8211; Cuxac d&rsquo;Aude (19,33%)<\/p><p>CIRCONSCRIPTION: 18,89%<\/p>\t\t\t\t\t\t\t\t<\/div>\n\t\t\t\t<\/div>\n\t\t<div class=\"elementor-element elementor-element-a7001ed e-con-full e-flex e-con e-child\" data-id=\"a7001ed\" data-element_type=\"container\" data-e-type=\"container\">\n\t\t\t\t<div class=\"elementor-element elementor-element-d5ee9b0 elementor-widget elementor-widget-text-editor\" data-id=\"d5ee9b0\" data-element_type=\"widget\" data-e-type=\"widget\" data-widget_type=\"text-editor.default\">\n\t\t\t\t\t\t\t\t\t<p><strong>3\u00e8me CIRCONSCRIPTION<\/strong><\/p><p>1 &#8211; Quirbajou (67,57%)<\/p><p>2 &#8211; Festes-et-St-Andr\u00e9 (63,44%)<\/p><p>3 &#8211; St Jean-de-Paracol (62,67%)<\/p><p>4 &#8211; St Louis-et-Parahou (59,57%)<\/p><p>5 &#8211; P\u00e9charic-et-le-Py (56,52%)<\/p><p>6 &#8211; Termes (54,76%)<\/p><p>7 &#8211; Mayronnes (52,94%)<\/p><p>8 &#8211; Dernacueillette (52,78%)<\/p><p>\u00a0 \u00a0 \u00a0Greffeil (52,78%)<\/p><p>\u00a0 \u00a0 \u00a0Lairi\u00e8re (52,78%)<\/p><p>CIRCONSCRIPTION: 21,02%<\/p>\t\t\t\t\t\t\t\t<\/div>\n\t\t\t\t<\/div>\n\t\t\t\t\t<\/div>\n\t\t\t\t<\/div>\n\t\t\t\t<\/div>\n\t\t","protected":false},"excerpt":{"rendered":"<p>Elections municipales Analyse des r\u00e9sultats au niveau national Ceci est un tour d\u2019horizon sur le deuxi\u00e8me tour des \u00e9lections municipales.Cette journ\u00e9e de vote auraconfirm\u00e9 et amplifi\u00e9 la perc\u00e9e au premier [&hellip;]<\/p>\n","protected":false},"author":2,"featured_media":0,"parent":0,"menu_order":0,"comment_status":"closed","ping_status":"closed","template":"template-page-builder.php","meta":{"om_disable_all_campaigns":false,"_monsterinsights_skip_tracking":false,"_monsterinsights_sitenote_active":false,"_monsterinsights_sitenote_note":"","_monsterinsights_sitenote_category":0,"ocean_post_layout":"","ocean_both_sidebars_style":"","ocean_both_sidebars_content_width":0,"ocean_both_sidebars_sidebars_width":0,"ocean_sidebar":"","ocean_second_sidebar":"","ocean_disable_margins":"enable","ocean_add_body_class":"","ocean_shortcode_before_top_bar":"","ocean_shortcode_after_top_bar":"","ocean_shortcode_before_header":"","ocean_shortcode_after_header":"","ocean_has_shortcode":"","ocean_shortcode_after_title":"","ocean_shortcode_before_footer_widgets":"","ocean_shortcode_after_footer_widgets":"","ocean_shortcode_before_footer_bottom":"","ocean_shortcode_after_footer_bottom":"","ocean_display_top_bar":"default","ocean_display_header":"default","ocean_header_style":"","ocean_center_header_left_menu":"","ocean_custom_header_template":"","ocean_custom_logo":0,"ocean_custom_retina_logo":0,"ocean_custom_logo_max_width":0,"ocean_custom_logo_tablet_max_width":0,"ocean_custom_logo_mobile_max_width":0,"ocean_custom_logo_max_height":0,"ocean_custom_logo_tablet_max_height":0,"ocean_custom_logo_mobile_max_height":0,"ocean_header_custom_menu":"","ocean_menu_typo_font_family":"","ocean_menu_typo_font_subset":"","ocean_menu_typo_font_size":0,"ocean_menu_typo_font_size_tablet":0,"ocean_menu_typo_font_size_mobile":0,"ocean_menu_typo_font_size_unit":"px","ocean_menu_typo_font_weight":"","ocean_menu_typo_font_weight_tablet":"","ocean_menu_typo_font_weight_mobile":"","ocean_menu_typo_transform":"","ocean_menu_typo_transform_tablet":"","ocean_menu_typo_transform_mobile":"","ocean_menu_typo_line_height":0,"ocean_menu_typo_line_height_tablet":0,"ocean_menu_typo_line_height_mobile":0,"ocean_menu_typo_line_height_unit":"","ocean_menu_typo_spacing":0,"ocean_menu_typo_spacing_tablet":0,"ocean_menu_typo_spacing_mobile":0,"ocean_menu_typo_spacing_unit":"","ocean_menu_link_color":"","ocean_menu_link_color_hover":"","ocean_menu_link_color_active":"","ocean_menu_link_background":"","ocean_menu_link_hover_background":"","ocean_menu_link_active_background":"","ocean_menu_social_links_bg":"","ocean_menu_social_hover_links_bg":"","ocean_menu_social_links_color":"","ocean_menu_social_hover_links_color":"","ocean_disable_title":"default","ocean_disable_heading":"default","ocean_post_title":"","ocean_post_subheading":"","ocean_post_title_style":"","ocean_post_title_background_color":"","ocean_post_title_background":0,"ocean_post_title_bg_image_position":"","ocean_post_title_bg_image_attachment":"","ocean_post_title_bg_image_repeat":"","ocean_post_title_bg_image_size":"","ocean_post_title_height":0,"ocean_post_title_bg_overlay":0.5,"ocean_post_title_bg_overlay_color":"","ocean_disable_breadcrumbs":"default","ocean_breadcrumbs_color":"","ocean_breadcrumbs_separator_color":"","ocean_breadcrumbs_links_color":"","ocean_breadcrumbs_links_hover_color":"","ocean_display_footer_widgets":"default","ocean_display_footer_bottom":"default","ocean_custom_footer_template":"","footnotes":""},"class_list":["post-4425","page","type-page","status-publish","hentry","entry"],"aioseo_notices":[],"rttpg_featured_image_url":null,"rttpg_author":{"display_name":"Marc Zavagno","author_link":"https:\/\/aude-insoumise.fr\/?author=2"},"rttpg_comment":0,"rttpg_category":null,"rttpg_excerpt":"Elections municipales Analyse des r\u00e9sultats au niveau national Ceci est un tour d\u2019horizon sur le deuxi\u00e8me tour des \u00e9lections municipales.Cette journ\u00e9e de vote auraconfirm\u00e9 et amplifi\u00e9 la perc\u00e9e au premier [&hellip;]","_links":{"self":[{"href":"https:\/\/aude-insoumise.fr\/index.php?rest_route=\/wp\/v2\/pages\/4425","targetHints":{"allow":["GET"]}}],"collection":[{"href":"https:\/\/aude-insoumise.fr\/index.php?rest_route=\/wp\/v2\/pages"}],"about":[{"href":"https:\/\/aude-insoumise.fr\/index.php?rest_route=\/wp\/v2\/types\/page"}],"author":[{"embeddable":true,"href":"https:\/\/aude-insoumise.fr\/index.php?rest_route=\/wp\/v2\/users\/2"}],"replies":[{"embeddable":true,"href":"https:\/\/aude-insoumise.fr\/index.php?rest_route=%2Fwp%2Fv2%2Fcomments&post=4425"}],"version-history":[{"count":94,"href":"https:\/\/aude-insoumise.fr\/index.php?rest_route=\/wp\/v2\/pages\/4425\/revisions"}],"predecessor-version":[{"id":6527,"href":"https:\/\/aude-insoumise.fr\/index.php?rest_route=\/wp\/v2\/pages\/4425\/revisions\/6527"}],"wp:attachment":[{"href":"https:\/\/aude-insoumise.fr\/index.php?rest_route=%2Fwp%2Fv2%2Fmedia&parent=4425"}],"curies":[{"name":"wp","href":"https:\/\/api.w.org\/{rel}","templated":true}]}}