{"id":4584,"date":"2025-12-28T15:26:53","date_gmt":"2025-12-28T14:26:53","guid":{"rendered":"https:\/\/aude-insoumise.fr\/?page_id=4584"},"modified":"2025-12-28T15:36:58","modified_gmt":"2025-12-28T14:36:58","slug":"qui-sommes-nous","status":"publish","type":"page","link":"https:\/\/aude-insoumise.fr\/?page_id=4584","title":{"rendered":"qui sommes nous"},"content":{"rendered":"\t\t<div data-elementor-type=\"wp-page\" data-elementor-id=\"4584\" class=\"elementor elementor-4584\">\n\t\t\t\t<div class=\"elementor-element elementor-element-90b1c57 e-con-full e-flex e-con e-parent\" data-id=\"90b1c57\" data-element_type=\"container\" data-e-type=\"container\">\n\t\t\t\t<div class=\"elementor-element elementor-element-15f34d9 elementor-widget elementor-widget-heading\" data-id=\"15f34d9\" data-element_type=\"widget\" data-e-type=\"widget\" data-widget_type=\"heading.default\">\n\t\t\t\t\t<h2 class=\"elementor-heading-title elementor-size-default\">Qui sommes nous<\/h2>\t\t\t\t<\/div>\n\t\t\t\t<div class=\"elementor-element elementor-element-fa7a733 elementor-widget elementor-widget-text-editor\" data-id=\"fa7a733\" data-element_type=\"widget\" data-e-type=\"widget\" data-widget_type=\"text-editor.default\">\n\t\t\t\t\t\t\t\t\t<p class=\"western\" align=\"left\"><span style=\"font-family: Verdana, sans-serif;\"><span style=\"color: #000000;\"><span style=\"font-size: medium;\"><b>Nous sommes un groupe de militants de La France insoumise<\/b><\/span><\/span><\/span><span style=\"color: #000000;\"><span style=\"font-size: medium;\">\u00a0qui est un mouvement politique ouvert, populaire et inclusif, organis\u00e9 autour d\u2019un r\u00e9seau de militants agissant localement \u00e0 travers des groupes d\u2019action et des boucles d\u00e9partementales, sans f\u00e9d\u00e9rations ou adh\u00e9sions formelles.\u00a0Ce mod\u00e8le repose sur l\u2019engagement volontaire et la participation citoyenne, avec une structure territoriale fond\u00e9e sur des groupes d\u2019action autonomes, r\u00e9unissant des militants \u00e0 l\u2019\u00e9chelle d\u2019une ville ou d\u2019un quartier, et des boucles d\u00e9partementales qui coordonnent les efforts \u00e0 un niveau sup\u00e9rieur.<\/span><\/span><\/p><p class=\"western\" align=\"left\"><span style=\"font-family: Verdana, sans-serif;\"><span style=\"color: #000000;\"><span style=\"font-size: medium;\">Les\u00a0<\/span><\/span><span style=\"color: #000000;\"><span style=\"font-size: medium;\"><b>groupes d\u2019action<\/b><\/span><\/span><span style=\"color: #000000;\"><span style=\"font-size: medium;\">\u00a0sont les unit\u00e9s fondamentales du mouvement, compos\u00e9s de militants, qui <\/span><\/span><span style=\"color: #000000;\">se retrouvent pour \u00e9changer sur la situation politique et d\u00e9cident ensemble d<\/span><span style=\"color: #000000;\">\u2019<\/span><span style=\"color: #000000;\">\u00e9ventuelles actions\u00a0: la diffusion de tracts, le porte-\u00e0-porte, caf\u00e9s populaires, affichages, participation \u00e0 des regroupements, manifs&#8230;<\/span><span style=\"color: #000000;\"> ,<\/span><span style=\"color: #000000;\"><span style=\"font-size: medium;\"> actions pour promouvoir le programme\u00a0Avenir en commun.\u00a0Tout individu peut rejoindre ou cr\u00e9er un groupe d\u2019action en s\u2019engageant \u00e0 respecter les principes du mouvement, sans cotisation ni adh\u00e9sion obligatoire.<\/span><\/span><\/span><\/p><p class=\"western\" align=\"left\"><span style=\"font-family: Verdana, sans-serif;\"><span style=\"color: #000000;\"><span style=\"font-size: medium;\">Les\u00a0<\/span><\/span><span style=\"color: #000000;\"><span style=\"font-size: medium;\"><b>boucles d\u00e9partementales<\/b><\/span><\/span><span style=\"color: #000000;\"><span style=\"font-size: medium;\">, introduites pour renforcer l\u2019implantation locale, assurent une coordination territoriale \u00e0 l\u2019\u00e9chelle des d\u00e9partements.\u00a0Elles permettent de structurer les actions en vue d\u2019actions d\u00e9partementales, des \u00e9ch\u00e9ances \u00e9lectorales et de soutenir les groupes d\u2019action avec des ressources et des outils.<\/span><\/span><\/span><\/p><p class=\"western\" align=\"left\"><span style=\"font-family: Verdana, sans-serif;\"><span style=\"color: #000000;\"><span style=\"font-size: medium;\">Ce r\u00e9seau est pilot\u00e9 par une\u00a0<\/span><\/span><span style=\"color: #000000;\"><span style=\"font-size: medium;\"><b>Coordination des Espaces<\/b><\/span><\/span><span style=\"color: #000000;\"><span style=\"font-size: medium;\">, compos\u00e9e de 24 membres repr\u00e9sentant les diff\u00e9rents p\u00f4les du mouvement, dont le coordinateur Manuel Bompard.\u00a0Cette coordination assure la mise en \u0153uvre des campagnes, le suivi des groupes d\u2019action et la coordination des diff\u00e9rentes activit\u00e9s, tout en veillant \u00e0 la coh\u00e9rence du programme, et <\/span><\/span><span style=\"color: #000000;\">au respect des r\u00e8gles<\/span> <span style=\"color: #000000;\">de d\u00e9mocratie et de respect mutuel.<\/span> <\/span><\/p><p class=\"western\" align=\"left\"><span style=\"font-family: Verdana, sans-serif;\"><span style=\"color: #000000;\"><span style=\"font-size: medium;\">Le mouvement s\u2019appuie \u00e9galement sur des outils num\u00e9riques comme\u00a0Action populaire, son r\u00e9seau social d\u2019action, pour rationaliser le militantisme, organiser les actions et renforcer les liens entre les militants.\u00a0Cette approche num\u00e9rique vise \u00e0 remplacer les structures traditionnelles des partis, comme les f\u00e9d\u00e9rations, tout en favorisant une mobilisation citoyenne directe.<\/span><\/span><\/span><\/p><p class=\"western\" align=\"left\"><span style=\"font-family: Verdana, sans-serif;\"><span style=\"font-size: medium;\">En r\u00e9sum\u00e9, les militants de La France insoumise sont organis\u00e9s localement par des groupes d\u2019action autonomes, soutenus par des boucles d\u00e9partementales, dans une structure souple et non institutionnalis\u00e9e, qui valorise l\u2019implication citoyenne et l\u2019action collective.<\/span><\/span><\/p><p align=\"left\"><a href=\"https:\/\/aude-insoumise.fr\/\">Retour<\/a><\/p>\t\t\t\t\t\t\t\t<\/div>\n\t\t\t\t<\/div>\n\t\t\t\t<\/div>\n\t\t","protected":false},"excerpt":{"rendered":"<p>Qui sommes nous Nous sommes un groupe de militants de La France insoumise\u00a0qui est un mouvement politique ouvert, populaire et inclusif, organis\u00e9 autour d\u2019un r\u00e9seau de militants agissant localement \u00e0 [&hellip;]<\/p>\n","protected":false},"author":3,"featured_media":0,"parent":0,"menu_order":0,"comment_status":"closed","ping_status":"closed","template":"","meta":{"om_disable_all_campaigns":false,"_monsterinsights_skip_tracking":false,"_monsterinsights_sitenote_active":false,"_monsterinsights_sitenote_note":"","_monsterinsights_sitenote_category":0,"ocean_post_layout":"","ocean_both_sidebars_style":"","ocean_both_sidebars_content_width":0,"ocean_both_sidebars_sidebars_width":0,"ocean_sidebar":"","ocean_second_sidebar":"","ocean_disable_margins":"enable","ocean_add_body_class":"","ocean_shortcode_before_top_bar":"","ocean_shortcode_after_top_bar":"","ocean_shortcode_before_header":"","ocean_shortcode_after_header":"","ocean_has_shortcode":"","ocean_shortcode_after_title":"","ocean_shortcode_before_footer_widgets":"","ocean_shortcode_after_footer_widgets":"","ocean_shortcode_before_footer_bottom":"","ocean_shortcode_after_footer_bottom":"","ocean_display_top_bar":"default","ocean_display_header":"default","ocean_header_style":"","ocean_center_header_left_menu":"","ocean_custom_header_template":"","ocean_custom_logo":0,"ocean_custom_retina_logo":0,"ocean_custom_logo_max_width":0,"ocean_custom_logo_tablet_max_width":0,"ocean_custom_logo_mobile_max_width":0,"ocean_custom_logo_max_height":0,"ocean_custom_logo_tablet_max_height":0,"ocean_custom_logo_mobile_max_height":0,"ocean_header_custom_menu":"","ocean_menu_typo_font_family":"","ocean_menu_typo_font_subset":"","ocean_menu_typo_font_size":0,"ocean_menu_typo_font_size_tablet":0,"ocean_menu_typo_font_size_mobile":0,"ocean_menu_typo_font_size_unit":"px","ocean_menu_typo_font_weight":"","ocean_menu_typo_font_weight_tablet":"","ocean_menu_typo_font_weight_mobile":"","ocean_menu_typo_transform":"","ocean_menu_typo_transform_tablet":"","ocean_menu_typo_transform_mobile":"","ocean_menu_typo_line_height":0,"ocean_menu_typo_line_height_tablet":0,"ocean_menu_typo_line_height_mobile":0,"ocean_menu_typo_line_height_unit":"","ocean_menu_typo_spacing":0,"ocean_menu_typo_spacing_tablet":0,"ocean_menu_typo_spacing_mobile":0,"ocean_menu_typo_spacing_unit":"","ocean_menu_link_color":"","ocean_menu_link_color_hover":"","ocean_menu_link_color_active":"","ocean_menu_link_background":"","ocean_menu_link_hover_background":"","ocean_menu_link_active_background":"","ocean_menu_social_links_bg":"","ocean_menu_social_hover_links_bg":"","ocean_menu_social_links_color":"","ocean_menu_social_hover_links_color":"","ocean_disable_title":"default","ocean_disable_heading":"default","ocean_post_title":"","ocean_post_subheading":"","ocean_post_title_style":"","ocean_post_title_background_color":"","ocean_post_title_background":0,"ocean_post_title_bg_image_position":"","ocean_post_title_bg_image_attachment":"","ocean_post_title_bg_image_repeat":"","ocean_post_title_bg_image_size":"","ocean_post_title_height":0,"ocean_post_title_bg_overlay":0.5,"ocean_post_title_bg_overlay_color":"","ocean_disable_breadcrumbs":"default","ocean_breadcrumbs_color":"","ocean_breadcrumbs_separator_color":"","ocean_breadcrumbs_links_color":"","ocean_breadcrumbs_links_hover_color":"","ocean_display_footer_widgets":"default","ocean_display_footer_bottom":"default","ocean_custom_footer_template":"","footnotes":""},"class_list":["post-4584","page","type-page","status-publish","hentry","entry"],"aioseo_notices":[],"rttpg_featured_image_url":null,"rttpg_author":{"display_name":"Andr\u00e9 Rainier","author_link":"https:\/\/aude-insoumise.fr\/?author=3"},"rttpg_comment":0,"rttpg_category":null,"rttpg_excerpt":"Qui sommes nous Nous sommes un groupe de militants de La France insoumise\u00a0qui est un mouvement politique ouvert, populaire et inclusif, organis\u00e9 autour d\u2019un r\u00e9seau de militants agissant localement \u00e0 [&hellip;]","_links":{"self":[{"href":"https:\/\/aude-insoumise.fr\/index.php?rest_route=\/wp\/v2\/pages\/4584","targetHints":{"allow":["GET"]}}],"collection":[{"href":"https:\/\/aude-insoumise.fr\/index.php?rest_route=\/wp\/v2\/pages"}],"about":[{"href":"https:\/\/aude-insoumise.fr\/index.php?rest_route=\/wp\/v2\/types\/page"}],"author":[{"embeddable":true,"href":"https:\/\/aude-insoumise.fr\/index.php?rest_route=\/wp\/v2\/users\/3"}],"replies":[{"embeddable":true,"href":"https:\/\/aude-insoumise.fr\/index.php?rest_route=%2Fwp%2Fv2%2Fcomments&post=4584"}],"version-history":[{"count":4,"href":"https:\/\/aude-insoumise.fr\/index.php?rest_route=\/wp\/v2\/pages\/4584\/revisions"}],"predecessor-version":[{"id":4589,"href":"https:\/\/aude-insoumise.fr\/index.php?rest_route=\/wp\/v2\/pages\/4584\/revisions\/4589"}],"wp:attachment":[{"href":"https:\/\/aude-insoumise.fr\/index.php?rest_route=%2Fwp%2Fv2%2Fmedia&parent=4584"}],"curies":[{"name":"wp","href":"https:\/\/api.w.org\/{rel}","templated":true}]}}