{"id":5443,"date":"2026-02-01T18:46:40","date_gmt":"2026-02-01T17:46:40","guid":{"rendered":"https:\/\/aude-insoumise.fr\/?page_id=5443"},"modified":"2026-02-01T20:42:04","modified_gmt":"2026-02-01T19:42:04","slug":"meme-sous-la-pluie-carcassonne-unite-populaire-fait-campagne","status":"publish","type":"page","link":"https:\/\/aude-insoumise.fr\/?page_id=5443","title":{"rendered":"Carcassonne Unit\u00e9 Populaire fait campagne."},"content":{"rendered":"\t\t<div data-elementor-type=\"wp-page\" data-elementor-id=\"5443\" class=\"elementor elementor-5443\">\n\t\t\t\t<div class=\"elementor-element elementor-element-bd7f290 e-con-full e-flex e-con e-parent\" data-id=\"bd7f290\" data-element_type=\"container\" data-e-type=\"container\">\n\t\t\t\t<div class=\"elementor-element elementor-element-d867f87 elementor-widget elementor-widget-image\" data-id=\"d867f87\" data-element_type=\"widget\" data-e-type=\"widget\" data-widget_type=\"image.default\">\n\t\t\t\t\t\t\t\t\t\t\t\t\t\t\t<img decoding=\"async\" width=\"194\" height=\"159\" src=\"https:\/\/aude-insoumise.fr\/wp-content\/uploads\/2026\/01\/logo-carca-up.png\" class=\"attachment-medium size-medium wp-image-5216\" alt=\"\" \/>\t\t\t\t\t\t\t\t\t\t\t\t\t\t\t<\/div>\n\t\t\t\t<div class=\"elementor-element elementor-element-04dcca8 elementor-widget elementor-widget-image\" data-id=\"04dcca8\" data-element_type=\"widget\" data-e-type=\"widget\" data-widget_type=\"image.default\">\n\t\t\t\t\t\t\t\t\t\t\t\t\t\t\t<img fetchpriority=\"high\" decoding=\"async\" width=\"948\" height=\"104\" src=\"https:\/\/aude-insoumise.fr\/wp-content\/uploads\/2026\/01\/carcassone-up-contacts.-.png\" class=\"attachment-large size-large wp-image-5214\" alt=\"\" srcset=\"https:\/\/aude-insoumise.fr\/wp-content\/uploads\/2026\/01\/carcassone-up-contacts.-.png 948w, https:\/\/aude-insoumise.fr\/wp-content\/uploads\/2026\/01\/carcassone-up-contacts.--300x33.png 300w, https:\/\/aude-insoumise.fr\/wp-content\/uploads\/2026\/01\/carcassone-up-contacts.--768x84.png 768w\" sizes=\"(max-width: 948px) 100vw, 948px\" \/>\t\t\t\t\t\t\t\t\t\t\t\t\t\t\t<\/div>\n\t\t\t\t<\/div>\n\t\t<div class=\"elementor-element elementor-element-6db5815 e-con-full e-flex e-con e-parent\" data-id=\"6db5815\" data-element_type=\"container\" data-e-type=\"container\">\n\t\t\t\t<div class=\"elementor-element elementor-element-a9e15e3 elementor-widget elementor-widget-heading\" data-id=\"a9e15e3\" data-element_type=\"widget\" data-e-type=\"widget\" data-widget_type=\"heading.default\">\n\t\t\t\t\t<h3 class=\"elementor-heading-title elementor-size-default\"> Carcassonne Unit\u00e9 Populaire sur le march\u00e9 le 30 janvier.\n<\/h3>\t\t\t\t<\/div>\n\t\t\t\t<div class=\"elementor-element elementor-element-e7dea02 elementor-widget elementor-widget-spacer\" data-id=\"e7dea02\" data-element_type=\"widget\" data-e-type=\"widget\" data-widget_type=\"spacer.default\">\n\t\t\t\t\t\t\t<div class=\"elementor-spacer\">\n\t\t\t<div class=\"elementor-spacer-inner\"><\/div>\n\t\t<\/div>\n\t\t\t\t\t\t<\/div>\n\t\t\t\t<\/div>\n\t\t<div class=\"elementor-element elementor-element-cdc333e e-con-full e-flex e-con e-parent\" data-id=\"cdc333e\" data-element_type=\"container\" data-e-type=\"container\">\n\t\t\t\t<div class=\"elementor-element elementor-element-6b04ab5 elementor-widget elementor-widget-text-editor\" data-id=\"6b04ab5\" data-element_type=\"widget\" data-e-type=\"widget\" data-widget_type=\"text-editor.default\">\n\t\t\t\t\t\t\t\t\t<p>\u00a0 \u00a0 \u00a0Ce matin je parle au nom de <b>C<\/b>arcassonne <b>U<\/b>nit\u00e9 <b>P<\/b>opulaire, la liste d&rsquo;union de la gauche de rupture. Une liste citoyenne rassembl\u00e9e autour d\u2019un programme que nous n&rsquo;avons pas abandonn\u00e9 qui est celui du <b>N.F.P<\/b>. Un programme de rupture clair. Nous sommes l\u00e0 pour la bataille des id\u00e9es, et en aucun cas pour combattre telle ou telle personne.\u00a0 Les attaques et intimidations personnelles n\u2019ont rien \u00e0 faire dans une ville comme Carcassonne, ni dans ces \u00e9lections, ni dans une d\u00e9mocratie. En aucun cas nous ne voulons \u00eatre les \u00e9ni\u00e8mes barons de Carcassonne.<\/p>\t\t\t\t\t\t\t\t<\/div>\n\t\t\t\t<\/div>\n\t\t<div class=\"elementor-element elementor-element-afd8a53 e-con-full e-flex e-con e-parent\" data-id=\"afd8a53\" data-element_type=\"container\" data-e-type=\"container\">\n\t\t\t\t<div class=\"elementor-element elementor-element-5aaca0b elementor-widget elementor-widget-heading\" data-id=\"5aaca0b\" data-element_type=\"widget\" data-e-type=\"widget\" data-widget_type=\"heading.default\">\n\t\t\t\t\t<h3 class=\"elementor-heading-title elementor-size-default\">Quand nous regardons le programme de la droite, du R.N et m\u00eame celui du centre gauche, je me dis que nous n\u2019avons pas le m\u00eame frigo.\n<\/h3>\t\t\t\t<\/div>\n\t\t\t\t<div class=\"elementor-element elementor-element-b19dc28 elementor-widget elementor-widget-spacer\" data-id=\"b19dc28\" data-element_type=\"widget\" data-e-type=\"widget\" data-widget_type=\"spacer.default\">\n\t\t\t\t\t\t\t<div class=\"elementor-spacer\">\n\t\t\t<div class=\"elementor-spacer-inner\"><\/div>\n\t\t<\/div>\n\t\t\t\t\t\t<\/div>\n\t\t\t\t<div class=\"elementor-element elementor-element-662147c elementor-widget elementor-widget-text-editor\" data-id=\"662147c\" data-element_type=\"widget\" data-e-type=\"widget\" data-widget_type=\"text-editor.default\">\n\t\t\t\t\t\t\t\t\t<p>\u00a0 \u00a0 \u00a0Ici \u00e0 Carcassonne comme ailleurs les fins de mois sont difficiles pour bon nombre d&rsquo;entre nous. Nous connaissons tous des personnes qui ne se chauffent pas et qui ne mangent qu&rsquo;un repas sur deux et parfois m\u00eame sur 3.<\/p><p>\u00a0 \u00a0 \u00a0 L\u00e0 on dit stop. \u00c7a suffit, c&rsquo;est plus possible de crever de faim et de froid pendant que d&rsquo;autres se gavent et ce n\u2019est pas parce que vous avez \u00e9lu les d\u00e9put\u00e9s <b>R.N\u00a0 <\/b>\u00e0 l&rsquo;assembl\u00e9 que le frigo est plus rempli et que les factures ont diminu\u00e9.\u00a0 Le R.N a vot\u00e9 contre le blocage des prix sur les produits de premi\u00e8re n\u00e9cessit\u00e9, et ce n\u2019est l\u00e0 qu\u2019un triste exemple de sa politique.<\/p>\t\t\t\t\t\t\t\t<\/div>\n\t\t\t\t<div class=\"elementor-element elementor-element-e74e53d elementor-widget elementor-widget-spacer\" data-id=\"e74e53d\" data-element_type=\"widget\" data-e-type=\"widget\" data-widget_type=\"spacer.default\">\n\t\t\t\t\t\t\t<div class=\"elementor-spacer\">\n\t\t\t<div class=\"elementor-spacer-inner\"><\/div>\n\t\t<\/div>\n\t\t\t\t\t\t<\/div>\n\t\t\t\t<div class=\"elementor-element elementor-element-e18c38e elementor-widget elementor-widget-heading\" data-id=\"e18c38e\" data-element_type=\"widget\" data-e-type=\"widget\" data-widget_type=\"heading.default\">\n\t\t\t\t\t<h3 class=\"elementor-heading-title elementor-size-default\">Nous ne voulons plus survivre, nous voulons vivre dignement, ici, \u00e0 Carcassonne.\u202f<\/h3>\t\t\t\t<\/div>\n\t\t\t\t<div class=\"elementor-element elementor-element-0a2b848 elementor-widget elementor-widget-spacer\" data-id=\"0a2b848\" data-element_type=\"widget\" data-e-type=\"widget\" data-widget_type=\"spacer.default\">\n\t\t\t\t\t\t\t<div class=\"elementor-spacer\">\n\t\t\t<div class=\"elementor-spacer-inner\"><\/div>\n\t\t<\/div>\n\t\t\t\t\t\t<\/div>\n\t\t\t\t<div class=\"elementor-element elementor-element-6b48438 elementor-widget elementor-widget-text-editor\" data-id=\"6b48438\" data-element_type=\"widget\" data-e-type=\"widget\" data-widget_type=\"text-editor.default\">\n\t\t\t\t\t\t\t\t\t<p>\u00a0 \u00a0 \u00a0\u00c0 Carcassonne, la vie est devenue trop ch\u00e8re pour trop de gens. Le frigo vide, les factures qui explosent, le prix des loyers et des services qui grimpent, les petits salaires qui ne suffisent plus\u202f: voil\u00e0 la r\u00e9alit\u00e9 que nous voyons chaque jour dans nos quartiers, dans notre ville. Et, pendant que beaucoup se serrent la ceinture, certains continuent d\u2019amasser les profits sur le dos des plus pauvres.<\/p><p>\u00a0 \u00a0 \u00a0Nous refusons cette fatalit\u00e9. Nous voulons une ville juste et solidaire, qui prot\u00e8ge et redonne de la dignit\u00e9 \u00e0 chacune et chacun.<\/p>\t\t\t\t\t\t\t\t<\/div>\n\t\t\t\t<\/div>\n\t\t<div class=\"elementor-element elementor-element-8753b4b e-con-full e-flex e-con e-parent\" data-id=\"8753b4b\" data-element_type=\"container\" data-e-type=\"container\">\n\t\t\t\t<div class=\"elementor-element elementor-element-fdf63f5 elementor-widget elementor-widget-image\" data-id=\"fdf63f5\" data-element_type=\"widget\" data-e-type=\"widget\" data-widget_type=\"image.default\">\n\t\t\t\t\t\t\t\t\t\t\t\t<figure class=\"wp-caption\">\n\t\t\t\t\t\t\t\t\t\t<img decoding=\"async\" width=\"283\" height=\"236\" src=\"https:\/\/aude-insoumise.fr\/wp-content\/uploads\/2026\/02\/27-01-26-.jpg\" class=\"attachment-large size-large wp-image-5446\" alt=\"\" \/>\t\t\t\t\t\t\t\t\t\t\t<figcaption class=\"widget-image-caption wp-caption-text\">Lecture de la d\u00e9claration \u00e0 la presse. pendant que sous la pluie les tracts \u00e9taient distribu\u00e9s.<\/figcaption>\n\t\t\t\t\t\t\t\t\t\t<\/figure>\n\t\t\t\t\t\t\t\t\t<\/div>\n\t\t\t\t<\/div>\n\t\t<div class=\"elementor-element elementor-element-6b2cc42 e-con-full e-flex e-con e-parent\" data-id=\"6b2cc42\" data-element_type=\"container\" data-e-type=\"container\">\n\t\t\t\t<div class=\"elementor-element elementor-element-cca63d5 elementor-widget elementor-widget-heading\" data-id=\"cca63d5\" data-element_type=\"widget\" data-e-type=\"widget\" data-widget_type=\"heading.default\">\n\t\t\t\t\t<h3 class=\"elementor-heading-title elementor-size-default\">Vivre dignement, ici et maintenant, c\u2019est d\u2019abord que les services \u00e0 la population soient le moins cher possible.\n<\/h3>\t\t\t\t<\/div>\n\t\t\t\t<div class=\"elementor-element elementor-element-64dc66b elementor-widget elementor-widget-spacer\" data-id=\"64dc66b\" data-element_type=\"widget\" data-e-type=\"widget\" data-widget_type=\"spacer.default\">\n\t\t\t\t\t\t\t<div class=\"elementor-spacer\">\n\t\t\t<div class=\"elementor-spacer-inner\"><\/div>\n\t\t<\/div>\n\t\t\t\t\t\t<\/div>\n\t\t\t\t<div class=\"elementor-element elementor-element-d2b3d12 elementor-widget elementor-widget-text-editor\" data-id=\"d2b3d12\" data-element_type=\"widget\" data-e-type=\"widget\" data-widget_type=\"text-editor.default\">\n\t\t\t\t\t\t\t\t\t<p>\u00a0 \u00a0 \u00a0C\u2019est pourquoi nous voulons avancer progressivement vers la gratuit\u00e9 des cantines scolaires et proposer \u00e0 Carcassonne agglo la gratuit\u00e9 des transports pour tous.<\/p><p>\u00a0 \u00a0 \u00a0C\u2019est pourquoi nous cr\u00e9erons un fonds de solidarit\u00e9 \u00c9nergie pour \u00e9viter les coupures.<\/p><p>\u00a0 \u00a0 \u00a0C\u2019est pourquoi, pour faire baisser les prix des produits de premi\u00e8re n\u00e9cessit\u00e9, nous voulons relancer le commerce de proximit\u00e9, cr\u00e9er des fili\u00e8res alimentaires locales et bio, en s\u2019appuyant sur notre agriculture et nos savoir-faire.<\/p><p>\u00a0 \u00a0 \u00a0Se loger dignement, c\u2019est r\u00e9nover massivement le logement ancien, construire du logement public \u00e9cologique et peu cher, mettre fin aux passoires \u00e9nerg\u00e9tiques. Plus personne ne doit vivre dans le froid ou dans des conditions indignes pendant que des logements restent vides. Nous ferons rentrer la commune dans le dispositif d\u2019encadrement des loyers pour \u00e9viter qu\u2019ils soient trop \u00e9lev\u00e9s.<\/p><p>\u00a0 \u00a0 \u00a0La mairie doit pr\u00e9empter les biens immobiliers pour en faire des logements sociaux. Et cela permettra aussi des cr\u00e9er des \u00eelots de fraicheur v\u00e9g\u00e9tales au c\u0153ur de la ville.<\/p><p>\u00a0 \u00a0 \u00a0La gestion de l\u2019eau, bien commun vital, doit redevenir publique et g\u00e9r\u00e9e avec transparence. L\u2019eau n\u2019est pas une marchandise\u202f! Elle appartient aux habitants, pas aux actionnaires. Dans l\u2019attente et dans cet esprit, nous n\u00e9gocierons, d\u00e8s la premi\u00e8re ann\u00e9e, avec le prestataire de ce service pour maintenir la gratuit\u00e9 des premiers m3.<\/p>\t\t\t\t\t\t\t\t<\/div>\n\t\t\t\t<div class=\"elementor-element elementor-element-436b3ad elementor-widget elementor-widget-spacer\" data-id=\"436b3ad\" data-element_type=\"widget\" data-e-type=\"widget\" data-widget_type=\"spacer.default\">\n\t\t\t\t\t\t\t<div class=\"elementor-spacer\">\n\t\t\t<div class=\"elementor-spacer-inner\"><\/div>\n\t\t<\/div>\n\t\t\t\t\t\t<\/div>\n\t\t\t\t<div class=\"elementor-element elementor-element-654251d elementor-widget elementor-widget-heading\" data-id=\"654251d\" data-element_type=\"widget\" data-e-type=\"widget\" data-widget_type=\"heading.default\">\n\t\t\t\t\t<h3 class=\"elementor-heading-title elementor-size-default\">Nous ne voulons pas baisser la t\u00eate, nous voulons relever Carcassonne.<\/h3>\t\t\t\t<\/div>\n\t\t\t\t<div class=\"elementor-element elementor-element-cec2fa1 elementor-widget elementor-widget-spacer\" data-id=\"cec2fa1\" data-element_type=\"widget\" data-e-type=\"widget\" data-widget_type=\"spacer.default\">\n\t\t\t\t\t\t\t<div class=\"elementor-spacer\">\n\t\t\t<div class=\"elementor-spacer-inner\"><\/div>\n\t\t<\/div>\n\t\t\t\t\t\t<\/div>\n\t\t\t\t<div class=\"elementor-element elementor-element-6918249 elementor-widget elementor-widget-text-editor\" data-id=\"6918249\" data-element_type=\"widget\" data-e-type=\"widget\" data-widget_type=\"text-editor.default\">\n\t\t\t\t\t\t\t\t\t<p>\u00a0 \u00a0 \u00a0Notre ville peut changer de cap. Nous ne voulons pas g\u00e9rer la mis\u00e8re, nous voulons en sortir. .<\/p><p>\u00a0 \u00a0 \u00a0Le pouvoir du peuple, c\u2019est maintenant. Ensemble, faisons de Carcassonne une ville o\u00f9 personne n\u2019est laiss\u00e9 derri\u00e8re, o\u00f9 la justice sociale, la solidarit\u00e9 ne sont pas des mots, mais des actes.<\/p><p style=\"text-align: center;\"><strong><span style=\"color: #800080;\"> \u00c0 Carcassonne si vous nous \u00e9lisez, ensemble, on s&rsquo;engage d\u00e9j\u00e0 \u00e0 changer \u00e7a.<\/span><\/strong><\/p>\t\t\t\t\t\t\t\t<\/div>\n\t\t\t\t<\/div>\n\t\t<div class=\"elementor-element elementor-element-cefde0c e-con-full e-flex e-con e-parent\" data-id=\"cefde0c\" data-element_type=\"container\" data-e-type=\"container\">\n\t\t\t\t<div class=\"elementor-element elementor-element-14e480b elementor-widget elementor-widget-image\" data-id=\"14e480b\" data-element_type=\"widget\" data-e-type=\"widget\" data-widget_type=\"image.default\">\n\t\t\t\t\t\t\t\t\t\t\t\t\t\t\t<img loading=\"lazy\" decoding=\"async\" width=\"300\" height=\"192\" src=\"https:\/\/aude-insoumise.fr\/wp-content\/uploads\/2026\/01\/logo-carca-up-2-300x192.png\" class=\"attachment-medium size-medium wp-image-5215\" alt=\"\" srcset=\"https:\/\/aude-insoumise.fr\/wp-content\/uploads\/2026\/01\/logo-carca-up-2-300x192.png 300w, https:\/\/aude-insoumise.fr\/wp-content\/uploads\/2026\/01\/logo-carca-up-2-768x492.png 768w, https:\/\/aude-insoumise.fr\/wp-content\/uploads\/2026\/01\/logo-carca-up-2.png 842w\" sizes=\"(max-width: 300px) 100vw, 300px\" \/>\t\t\t\t\t\t\t\t\t\t\t\t\t\t\t<\/div>\n\t\t\t\t<\/div>\n\t\t\t\t<\/div>\n\t\t","protected":false},"excerpt":{"rendered":"<p>Carcassonne Unit\u00e9 Populaire sur le march\u00e9 le 30 janvier. \u00a0 \u00a0 \u00a0Ce matin je parle au nom de Carcassonne Unit\u00e9 Populaire, la liste d&rsquo;union de la gauche de rupture. Une [&hellip;]<\/p>\n","protected":false},"author":4,"featured_media":0,"parent":0,"menu_order":0,"comment_status":"closed","ping_status":"closed","template":"","meta":{"om_disable_all_campaigns":false,"_monsterinsights_skip_tracking":false,"_monsterinsights_sitenote_active":false,"_monsterinsights_sitenote_note":"","_monsterinsights_sitenote_category":0,"ocean_post_layout":"","ocean_both_sidebars_style":"","ocean_both_sidebars_content_width":0,"ocean_both_sidebars_sidebars_width":0,"ocean_sidebar":"","ocean_second_sidebar":"","ocean_disable_margins":"enable","ocean_add_body_class":"","ocean_shortcode_before_top_bar":"","ocean_shortcode_after_top_bar":"","ocean_shortcode_before_header":"","ocean_shortcode_after_header":"","ocean_has_shortcode":"","ocean_shortcode_after_title":"","ocean_shortcode_before_footer_widgets":"","ocean_shortcode_after_footer_widgets":"","ocean_shortcode_before_footer_bottom":"","ocean_shortcode_after_footer_bottom":"","ocean_display_top_bar":"default","ocean_display_header":"default","ocean_header_style":"","ocean_center_header_left_menu":"","ocean_custom_header_template":"","ocean_custom_logo":0,"ocean_custom_retina_logo":0,"ocean_custom_logo_max_width":0,"ocean_custom_logo_tablet_max_width":0,"ocean_custom_logo_mobile_max_width":0,"ocean_custom_logo_max_height":0,"ocean_custom_logo_tablet_max_height":0,"ocean_custom_logo_mobile_max_height":0,"ocean_header_custom_menu":"","ocean_menu_typo_font_family":"","ocean_menu_typo_font_subset":"","ocean_menu_typo_font_size":0,"ocean_menu_typo_font_size_tablet":0,"ocean_menu_typo_font_size_mobile":0,"ocean_menu_typo_font_size_unit":"px","ocean_menu_typo_font_weight":"","ocean_menu_typo_font_weight_tablet":"","ocean_menu_typo_font_weight_mobile":"","ocean_menu_typo_transform":"","ocean_menu_typo_transform_tablet":"","ocean_menu_typo_transform_mobile":"","ocean_menu_typo_line_height":0,"ocean_menu_typo_line_height_tablet":0,"ocean_menu_typo_line_height_mobile":0,"ocean_menu_typo_line_height_unit":"","ocean_menu_typo_spacing":0,"ocean_menu_typo_spacing_tablet":0,"ocean_menu_typo_spacing_mobile":0,"ocean_menu_typo_spacing_unit":"","ocean_menu_link_color":"","ocean_menu_link_color_hover":"","ocean_menu_link_color_active":"","ocean_menu_link_background":"","ocean_menu_link_hover_background":"","ocean_menu_link_active_background":"","ocean_menu_social_links_bg":"","ocean_menu_social_hover_links_bg":"","ocean_menu_social_links_color":"","ocean_menu_social_hover_links_color":"","ocean_disable_title":"default","ocean_disable_heading":"default","ocean_post_title":"","ocean_post_subheading":"","ocean_post_title_style":"","ocean_post_title_background_color":"","ocean_post_title_background":0,"ocean_post_title_bg_image_position":"","ocean_post_title_bg_image_attachment":"","ocean_post_title_bg_image_repeat":"","ocean_post_title_bg_image_size":"","ocean_post_title_height":0,"ocean_post_title_bg_overlay":0.5,"ocean_post_title_bg_overlay_color":"","ocean_disable_breadcrumbs":"default","ocean_breadcrumbs_color":"","ocean_breadcrumbs_separator_color":"","ocean_breadcrumbs_links_color":"","ocean_breadcrumbs_links_hover_color":"","ocean_display_footer_widgets":"default","ocean_display_footer_bottom":"default","ocean_custom_footer_template":"","footnotes":""},"class_list":["post-5443","page","type-page","status-publish","hentry","entry"],"aioseo_notices":[],"rttpg_featured_image_url":null,"rttpg_author":{"display_name":"Bernard Colin","author_link":"https:\/\/aude-insoumise.fr\/?author=4"},"rttpg_comment":0,"rttpg_category":null,"rttpg_excerpt":"Carcassonne Unit\u00e9 Populaire sur le march\u00e9 le 30 janvier. \u00a0 \u00a0 \u00a0Ce matin je parle au nom de Carcassonne Unit\u00e9 Populaire, la liste d&rsquo;union de la gauche de rupture. Une [&hellip;]","_links":{"self":[{"href":"https:\/\/aude-insoumise.fr\/index.php?rest_route=\/wp\/v2\/pages\/5443","targetHints":{"allow":["GET"]}}],"collection":[{"href":"https:\/\/aude-insoumise.fr\/index.php?rest_route=\/wp\/v2\/pages"}],"about":[{"href":"https:\/\/aude-insoumise.fr\/index.php?rest_route=\/wp\/v2\/types\/page"}],"author":[{"embeddable":true,"href":"https:\/\/aude-insoumise.fr\/index.php?rest_route=\/wp\/v2\/users\/4"}],"replies":[{"embeddable":true,"href":"https:\/\/aude-insoumise.fr\/index.php?rest_route=%2Fwp%2Fv2%2Fcomments&post=5443"}],"version-history":[{"count":11,"href":"https:\/\/aude-insoumise.fr\/index.php?rest_route=\/wp\/v2\/pages\/5443\/revisions"}],"predecessor-version":[{"id":5477,"href":"https:\/\/aude-insoumise.fr\/index.php?rest_route=\/wp\/v2\/pages\/5443\/revisions\/5477"}],"wp:attachment":[{"href":"https:\/\/aude-insoumise.fr\/index.php?rest_route=%2Fwp%2Fv2%2Fmedia&parent=5443"}],"curies":[{"name":"wp","href":"https:\/\/api.w.org\/{rel}","templated":true}]}}