{"id":6085,"date":"2026-02-23T00:41:52","date_gmt":"2026-02-22T23:41:52","guid":{"rendered":"https:\/\/aude-insoumise.fr\/?page_id=6085"},"modified":"2026-02-24T10:59:15","modified_gmt":"2026-02-24T09:59:15","slug":"pourquoi-un-site","status":"publish","type":"page","link":"https:\/\/aude-insoumise.fr\/?page_id=6085","title":{"rendered":"Pourquoi un site ?"},"content":{"rendered":"\t\t<div data-elementor-type=\"wp-page\" data-elementor-id=\"6085\" class=\"elementor elementor-6085\">\n\t\t\t\t<div class=\"elementor-element elementor-element-efbc236 e-flex e-con-boxed e-con e-parent\" data-id=\"efbc236\" data-element_type=\"container\" data-e-type=\"container\">\n\t\t\t\t\t<div class=\"e-con-inner\">\n\t\t\t\t<div class=\"elementor-element elementor-element-33c47ab elementor-widget elementor-widget-image\" data-id=\"33c47ab\" data-element_type=\"widget\" data-e-type=\"widget\" data-widget_type=\"image.default\">\n\t\t\t\t\t\t\t\t\t\t\t\t\t\t\t<img decoding=\"async\" width=\"150\" height=\"150\" src=\"https:\/\/aude-insoumise.fr\/wp-content\/uploads\/2025\/10\/page-site-1-150x150.jpg\" class=\"attachment-thumbnail size-thumbnail wp-image-748\" alt=\"\" srcset=\"https:\/\/aude-insoumise.fr\/wp-content\/uploads\/2025\/10\/page-site-1-150x150.jpg 150w, https:\/\/aude-insoumise.fr\/wp-content\/uploads\/2025\/10\/page-site-1-600x600.jpg 600w\" sizes=\"(max-width: 150px) 100vw, 150px\" \/>\t\t\t\t\t\t\t\t\t\t\t\t\t\t\t<\/div>\n\t\t\t\t<div class=\"elementor-element elementor-element-0232deb elementor-widget__width-initial elementor-widget elementor-widget-heading\" data-id=\"0232deb\" data-element_type=\"widget\" data-e-type=\"widget\" data-widget_type=\"heading.default\">\n\t\t\t\t\t<h3 class=\"elementor-heading-title elementor-size-default\">Pourquoi un site ?<\/h3>\t\t\t\t<\/div>\n\t\t\t\t\t<\/div>\n\t\t\t\t<\/div>\n\t\t<div class=\"elementor-element elementor-element-7ada155 e-flex e-con-boxed e-con e-parent\" data-id=\"7ada155\" data-element_type=\"container\" data-e-type=\"container\">\n\t\t\t\t\t<div class=\"e-con-inner\">\n\t\t\t\t<div class=\"elementor-element elementor-element-4d564b0 elementor-widget elementor-widget-text-editor\" data-id=\"4d564b0\" data-element_type=\"widget\" data-e-type=\"widget\" data-widget_type=\"text-editor.default\">\n\t\t\t\t\t\t\t\t\t<p>\u00a0 \u00a0 \u00a0Un d\u00e9partement qui souffre, de la pauvret\u00e9, des effets du changement climatique, (incendies, s\u00e8cheresse\u2026) de la crise agricole, de la destruction des services publics, du ch\u00f4mage et de la pr\u00e9carit\u00e9. Les audoises et des audois, sont touch\u00e9s de plein fouet par le manque de m\u00e9decin et de soignant. Que l\u2019on soit enfant, adulte ou personne \u00e2g\u00e9e, nous sommes tous concern\u00e9s.<\/p><p>\u00a0 \u00a0 \u00a0Tous ces maux qui rendent difficile la vie ne sont pas le fruit du hasard. Ce sont les r\u00e9sultats des politiques men\u00e9es depuis des d\u00e9cennies. Elles profitent \u00e9norm\u00e9ment \u00e0 quelques uns et augmentent sans cesse les difficult\u00e9s de la majorit\u00e9 des citoyens.Ceux qui sont au pouvoir mart\u00e8lent que c\u2019est la seule solution. Mais \u00ab en bas \u00bb les gens n\u2019en peuvent plus.\u00a0 Macron atteint p\u00e9niblement les 11% dans les sondages.<\/p><p>\u00a0 \u00a0 \u00a0Une autre politique est possible. Cela commence par refuser les budgets destructeurs que propose Lecornu. Cela n\u00e9cessite d\u2019appliquer le programme soutenu il y a peu par les partis du NFP<\/p><p><strong>\u00a0 \u00a0 \u00a0Les milliards ponctionn\u00e9s sur le budget des collectivit\u00e9s ne peuvent qu\u2019accentuer la pauvret\u00e9 dans notre d\u00e9partement.<\/strong><\/p><p>\u00a0 \u00a0 \u00a0Notre d\u00e9partement voit r\u00e9guli\u00e8rement les citoyens se dresser contre la politique du gouvernement, r\u00e9forme des retraites, refus du MERCOSUR, manifestations des \u00e9leveurs, rassemblements contre le g\u00e9nocide palestinien et pour la Paix. Des collectifs citoyens luttent pour d\u00e9fendre les biens publics, eau, services\u2026Des associations m\u00e8nent des actions pour soutenir les publics en difficult\u00e9, pr\u00e9caires, r\u00e9fugi\u00e9s\u2026<\/p><p>Notre site se propose bien s\u00fbr de faire connaitre nos propositions, nos solutions, d\u2019ouvrir la discussion sur les questions internationales, nationales et locales. Il entend \u00e9galement apporter sa contribution aux\u00a0 mobilisations populaires contre ce gouvernement au service des capitalistes.<\/p><p><a rel=\"nofollow\" title=\"ACCUEIL\" href=\"https:\/\/aude-insoumise.fr\/\">Retour<\/a><\/p>\t\t\t\t\t\t\t\t<\/div>\n\t\t\t\t\t<\/div>\n\t\t\t\t<\/div>\n\t\t\t\t<\/div>\n\t\t","protected":false},"excerpt":{"rendered":"<p>Pourquoi un site ? \u00a0 \u00a0 \u00a0Un d\u00e9partement qui souffre, de la pauvret\u00e9, des effets du changement climatique, (incendies, s\u00e8cheresse\u2026) de la crise agricole, de la destruction des services publics, [&hellip;]<\/p>\n","protected":false},"author":4,"featured_media":0,"parent":0,"menu_order":0,"comment_status":"closed","ping_status":"closed","template":"","meta":{"om_disable_all_campaigns":false,"_monsterinsights_skip_tracking":false,"_monsterinsights_sitenote_active":false,"_monsterinsights_sitenote_note":"","_monsterinsights_sitenote_category":0,"ocean_post_layout":"","ocean_both_sidebars_style":"","ocean_both_sidebars_content_width":0,"ocean_both_sidebars_sidebars_width":0,"ocean_sidebar":"","ocean_second_sidebar":"","ocean_disable_margins":"enable","ocean_add_body_class":"","ocean_shortcode_before_top_bar":"","ocean_shortcode_after_top_bar":"","ocean_shortcode_before_header":"","ocean_shortcode_after_header":"","ocean_has_shortcode":"","ocean_shortcode_after_title":"","ocean_shortcode_before_footer_widgets":"","ocean_shortcode_after_footer_widgets":"","ocean_shortcode_before_footer_bottom":"","ocean_shortcode_after_footer_bottom":"","ocean_display_top_bar":"default","ocean_display_header":"default","ocean_header_style":"","ocean_center_header_left_menu":"","ocean_custom_header_template":"","ocean_custom_logo":0,"ocean_custom_retina_logo":0,"ocean_custom_logo_max_width":0,"ocean_custom_logo_tablet_max_width":0,"ocean_custom_logo_mobile_max_width":0,"ocean_custom_logo_max_height":0,"ocean_custom_logo_tablet_max_height":0,"ocean_custom_logo_mobile_max_height":0,"ocean_header_custom_menu":"","ocean_menu_typo_font_family":"","ocean_menu_typo_font_subset":"","ocean_menu_typo_font_size":0,"ocean_menu_typo_font_size_tablet":0,"ocean_menu_typo_font_size_mobile":0,"ocean_menu_typo_font_size_unit":"px","ocean_menu_typo_font_weight":"","ocean_menu_typo_font_weight_tablet":"","ocean_menu_typo_font_weight_mobile":"","ocean_menu_typo_transform":"","ocean_menu_typo_transform_tablet":"","ocean_menu_typo_transform_mobile":"","ocean_menu_typo_line_height":0,"ocean_menu_typo_line_height_tablet":0,"ocean_menu_typo_line_height_mobile":0,"ocean_menu_typo_line_height_unit":"","ocean_menu_typo_spacing":0,"ocean_menu_typo_spacing_tablet":0,"ocean_menu_typo_spacing_mobile":0,"ocean_menu_typo_spacing_unit":"","ocean_menu_link_color":"","ocean_menu_link_color_hover":"","ocean_menu_link_color_active":"","ocean_menu_link_background":"","ocean_menu_link_hover_background":"","ocean_menu_link_active_background":"","ocean_menu_social_links_bg":"","ocean_menu_social_hover_links_bg":"","ocean_menu_social_links_color":"","ocean_menu_social_hover_links_color":"","ocean_disable_title":"default","ocean_disable_heading":"default","ocean_post_title":"","ocean_post_subheading":"","ocean_post_title_style":"","ocean_post_title_background_color":"","ocean_post_title_background":0,"ocean_post_title_bg_image_position":"","ocean_post_title_bg_image_attachment":"","ocean_post_title_bg_image_repeat":"","ocean_post_title_bg_image_size":"","ocean_post_title_height":0,"ocean_post_title_bg_overlay":0.5,"ocean_post_title_bg_overlay_color":"","ocean_disable_breadcrumbs":"default","ocean_breadcrumbs_color":"","ocean_breadcrumbs_separator_color":"","ocean_breadcrumbs_links_color":"","ocean_breadcrumbs_links_hover_color":"","ocean_display_footer_widgets":"default","ocean_display_footer_bottom":"default","ocean_custom_footer_template":"","footnotes":""},"class_list":["post-6085","page","type-page","status-publish","hentry","entry"],"aioseo_notices":[],"rttpg_featured_image_url":null,"rttpg_author":{"display_name":"Bernard Colin","author_link":"https:\/\/aude-insoumise.fr\/?author=4"},"rttpg_comment":0,"rttpg_category":null,"rttpg_excerpt":"Pourquoi un site ? \u00a0 \u00a0 \u00a0Un d\u00e9partement qui souffre, de la pauvret\u00e9, des effets du changement climatique, (incendies, s\u00e8cheresse\u2026) de la crise agricole, de la destruction des services publics, [&hellip;]","_links":{"self":[{"href":"https:\/\/aude-insoumise.fr\/index.php?rest_route=\/wp\/v2\/pages\/6085","targetHints":{"allow":["GET"]}}],"collection":[{"href":"https:\/\/aude-insoumise.fr\/index.php?rest_route=\/wp\/v2\/pages"}],"about":[{"href":"https:\/\/aude-insoumise.fr\/index.php?rest_route=\/wp\/v2\/types\/page"}],"author":[{"embeddable":true,"href":"https:\/\/aude-insoumise.fr\/index.php?rest_route=\/wp\/v2\/users\/4"}],"replies":[{"embeddable":true,"href":"https:\/\/aude-insoumise.fr\/index.php?rest_route=%2Fwp%2Fv2%2Fcomments&post=6085"}],"version-history":[{"count":10,"href":"https:\/\/aude-insoumise.fr\/index.php?rest_route=\/wp\/v2\/pages\/6085\/revisions"}],"predecessor-version":[{"id":6115,"href":"https:\/\/aude-insoumise.fr\/index.php?rest_route=\/wp\/v2\/pages\/6085\/revisions\/6115"}],"wp:attachment":[{"href":"https:\/\/aude-insoumise.fr\/index.php?rest_route=%2Fwp%2Fv2%2Fmedia&parent=6085"}],"curies":[{"name":"wp","href":"https:\/\/api.w.org\/{rel}","templated":true}]}}