{"id":6507,"date":"2026-03-23T08:43:58","date_gmt":"2026-03-23T07:43:58","guid":{"rendered":"https:\/\/aude-insoumise.fr\/?page_id=6507"},"modified":"2026-03-23T08:55:43","modified_gmt":"2026-03-23T07:55:43","slug":"%f0%9d%90%92%f0%9d%90%a8%f0%9d%90%a2%f0%9d%90%ab-%f0%9d%90%9d%f0%9d%90%9e%f0%9d%90%a5%f0%9d%90%9e%f0%9d%90%9c%f0%9d%90%ad%f0%9d%90%a2%f0%9d%90%a8%f0%9d%90%a7-%f0%9d%90%ad%f0%9d%90%a8","status":"publish","type":"page","link":"https:\/\/aude-insoumise.fr\/?page_id=6507","title":{"rendered":"\ud835\udc12\ud835\udc28\ud835\udc22\ud835\udc2b \ud835\udc1d\u2019\ud835\udc1e\u0301\ud835\udc25\ud835\udc1e\ud835\udc1c\ud835\udc2d\ud835\udc22\ud835\udc28\ud835\udc27, \ud835\udc2d\ud835\udc28\ud835\udc2e\ud835\udc2b \ud835\udc1d\u2019\ud835\udc21\ud835\udc28\ud835\udc2b\ud835\udc22\ud835\udc33\ud835\udc28\ud835\udc27 \ud835\udc1a\u0300 \ud835\udc1c\ud835\udc21\ud835\udc1a\ud835\udc2e\ud835\udc1d"},"content":{"rendered":"\t\t<div data-elementor-type=\"wp-page\" data-elementor-id=\"6507\" class=\"elementor elementor-6507\">\n\t\t\t\t<div class=\"elementor-element elementor-element-9762881 e-flex e-con-boxed e-con e-parent\" data-id=\"9762881\" data-element_type=\"container\" data-e-type=\"container\">\n\t\t\t\t\t<div class=\"e-con-inner\">\n\t\t\t\t<div class=\"elementor-element elementor-element-cbb67af elementor-widget elementor-widget-heading\" data-id=\"cbb67af\" data-element_type=\"widget\" data-e-type=\"widget\" data-widget_type=\"heading.default\">\n\t\t\t\t\t<h2 class=\"elementor-heading-title elementor-size-default\">\ud835\udc12\ud835\udc28\ud835\udc22\ud835\udc2b \ud835\udc1d\u2019\ud835\udc1e\u0301\ud835\udc25\ud835\udc1e\ud835\udc1c\ud835\udc2d\ud835\udc22\ud835\udc28\ud835\udc27, \ud835\udc2d\ud835\udc28\ud835\udc2e\ud835\udc2b \ud835\udc1d\u2019\ud835\udc21\ud835\udc28\ud835\udc2b\ud835\udc22\ud835\udc33\ud835\udc28\ud835\udc27 \ud835\udc1a\u0300 \ud835\udc1c\ud835\udc21\ud835\udc1a\ud835\udc2e\ud835\udc1d<\/h2>\t\t\t\t<\/div>\n\t\t\t\t<div class=\"elementor-element elementor-element-485be96 elementor-widget elementor-widget-image\" data-id=\"485be96\" data-element_type=\"widget\" data-e-type=\"widget\" data-widget_type=\"image.default\">\n\t\t\t\t\t\t\t\t\t\t\t\t\t\t\t<img fetchpriority=\"high\" decoding=\"async\" width=\"500\" height=\"261\" src=\"https:\/\/aude-insoumise.fr\/wp-content\/uploads\/2026\/03\/photo-municipales.webp\" class=\"attachment-large size-large wp-image-6503\" alt=\"\" srcset=\"https:\/\/aude-insoumise.fr\/wp-content\/uploads\/2026\/03\/photo-municipales.webp 500w, https:\/\/aude-insoumise.fr\/wp-content\/uploads\/2026\/03\/photo-municipales-300x157.webp 300w\" sizes=\"(max-width: 500px) 100vw, 500px\" \/>\t\t\t\t\t\t\t\t\t\t\t\t\t\t\t<\/div>\n\t\t\t\t<div class=\"elementor-element elementor-element-787c3ba elementor-widget elementor-widget-text-editor\" data-id=\"787c3ba\" data-element_type=\"widget\" data-e-type=\"widget\" data-widget_type=\"text-editor.default\">\n\t\t\t\t\t\t\t\t\t<div class=\"x14z9mp xat24cr x1lziwak x1vvkbs xtlvy1s x126k92a\"><div dir=\"auto\">Ceci est un tour d\u2019horizon sur le deuxi\u00e8me tour des \u00e9lections municipales.<\/div><\/div><div class=\"x14z9mp xat24cr x1lziwak x1vvkbs xtlvy1s x126k92a\"><div dir=\"auto\">Cette journ\u00e9e de vote auraconfirm\u00e9 et amplifi\u00e9 la perc\u00e9e au premier tour des listes pr\u00e9sent\u00e9es par le Mouvement insoumis. Manuel Bompard r\u00e9sume bien notre r\u00e9sultat.<\/div><\/div><div class=\"x14z9mp xat24cr x1lziwak x1vvkbs xtlvy1s x126k92a\"><div dir=\"auto\">\u00ab D\u2019ores et d\u00e9j\u00e0, apr\u00e8s Saint-Denis (150 000 habitants) la semaine derni\u00e8re, les listes pr\u00e9sent\u00e9es par la France insoumise l\u2019emportent d\u2019ores et d\u00e9j\u00e0 \u00e0 Creil (36 000 habitants), \u00e0 Roubaix (100 000 habitants), \u00e0 V\u00e9nissieux (66 000 habitants), \u00e0 Saint-Fons (20 000 habitants), au Tampon (82 000 habitants), \u00e0 La Courneuve (47 000 habitants) Vaux-en-Velin (52 000) ou \u00e0 Sarcelles (59 000 habitants \u2013 liste citoyenne soutenue par LFI).<\/div><\/div><div class=\"x14z9mp xat24cr x1lziwak x1vvkbs xtlvy1s x126k92a\"><div dir=\"auto\">Ailleurs, la France insoumise permet la victoire de la gauche \u00e0 Lyon, \u00e0 Nantes, \u00e0 Grenoble ou \u00e0 Tours. \u00c0 Bordeaux ou \u00e0 Cherbourg, le refus d\u2019EELV ou du PS de fusionner leur liste avec les insoumis conduit \u00e0 la victoire de la droite. Malheureusement, \u00e0 Toulouse, \u00e0 Besan\u00e7on, \u00e0 Clermont-Ferrand ou \u00e0 Limoges, les discours de division du Parti socialiste emp\u00eachent de conserver ces villes ou de les faire basculer \u00e0 gauche. Pire encore, \u00e0 Angoul\u00eame, le maintien d\u2019une liste Place Publique emp\u00eache la reprise de la ville par la gauche insoumise et communiste et la d\u00e9faite de la droite.<\/div><\/div><div class=\"x14z9mp xat24cr x1lziwak x1vvkbs xtlvy1s x126k92a\"><div dir=\"auto\">L\u2019enseignement est clair : la France insoumise permet des victoires populaires et fait avancer la gauche quand les diviseurs du PS et de Place Publique la font reculer \u00bb.<\/div><\/div><div class=\"x14z9mp xat24cr x1lziwak x1vvkbs xtlvy1s x126k92a\"><div dir=\"auto\">Le bilan global : \u00e0 l\u2019avenir, plus d\u2019un millier d\u2019\u00e9lus insoumis si\u00e8geront donc dans des conseils municipaux o\u00f9 ils formeront un groupe distinct. Leurs votes aux prochaines \u00e9lections s\u00e9natoriales devraient nous permettre de si\u00e9ger l\u00e0 o\u00f9 nos anciens partenaires de la vieille gauche nous avaient refus\u00e9 toute place. Au total, c\u2019est un franc et net succ\u00e8s pour notre premi\u00e8re participation aux \u00e9lections municipales.<\/div><\/div><div class=\"x14z9mp xat24cr x1lziwak x1vvkbs xtlvy1s x126k92a\"><div dir=\"auto\">Nous sommes aussi venus au secours de nombreuses listes de la vieille gauche traditionnelle menac\u00e9es d\u2019\u00eatre \u00e9limin\u00e9es par la droite. Parfois, cela aura \u00e9t\u00e9 un succ\u00e8s. D\u2019autres, non ? Mais il ne faut jamais oublier que la principale difficult\u00e9 est d\u2019abord venue du faible score des sortants au premier tour. Qu\u2019il s\u2019agisse des \u00c9cologistes ou des socialistes, nous sommes venus au secours d\u2019\u00e9quipes souvent d\u00e9j\u00e0 bien d\u00e9pr\u00e9ci\u00e9es, incapables de gagner seules. L\u00e0 o\u00f9 ils sont venus avec nous, c\u2019est parce qu\u2019ils avaient eux-m\u00eames \u00e9chou\u00e9 \u00e0 gagner dans les pr\u00e9c\u00e9dentes \u00e9lections \u00e0 deux occasions auparavant, comme \u00e0 Toulouse ou Limoges. Le PS nous a entra\u00een\u00e9s dans sa chute. Mais nous n\u2019avons pas de regrets. La d\u00e9monstration est faite. Nous sommes une force utile l\u00e0 o\u00f9 d\u2019autres sont de simples opportunistes sans boussole. Car \u00e0 Lyon, Nantes, Tours, Grenoble, notre engagement unitaire a permis la victoire. On devine alors ce que vaut l\u2019argument sur LFI \u00ab bon pour le premier tour mais mauvais pour le second \u00bb. C\u2019est parce que les autres \u00e9taient mauvais dans leur r\u00f4le qu\u2019ils ont perdu. Ils perdaient avant \u00e0 chaque occasion \u00e0 Toulouse, \u00e0 Limoges et ailleurs. Notre but a \u00e9t\u00e9 d\u2019assumer notre responsabilit\u00e9 en nous mobilisant pour barrer la route \u00e0 la droite et \u00e0 l\u2019extr\u00eame droite.<\/div><\/div><div class=\"x14z9mp xat24cr x1lziwak x1vvkbs xtlvy1s x126k92a\"><div dir=\"auto\">En d\u2019autres lieux, ce fut un \u00e9chec. La mobilisation conjointe n\u2019a pas suffisamment compens\u00e9 le retard et le discr\u00e9dit des sortants, observ\u00e9 au premier tour.<\/div><\/div><div class=\"x14z9mp xat24cr x1lziwak x1vvkbs xtlvy1s x126k92a\"><div dir=\"auto\">Cela s\u2019explique. Une longue diabolisation diffamante a \u00e9t\u00e9 orchestr\u00e9e contre les Insoumis. En s\u2019y associant, toute honte bue, divers clans socialistes ont profond\u00e9ment divis\u00e9 les bases \u00e9lectorales pourtant indispensables pour gagner l\u2019\u00e9lection. Car l\u2019union des sigles n\u2019est pas l\u2019unit\u00e9 des \u00e9lecteurs. Mais on voit ici qu\u2019ils se sont aussi tir\u00e9 une balle dans le pied. Le r\u00e9sultat des \u00e9lections ne va pas am\u00e9liorer l\u2019ambiance. L\u2019exemple du refus de tout accord dans les deux premi\u00e8res villes de France, Paris et Marseille, a heurt\u00e9 de nombreuses consciences pourtant disponibles.<\/div><\/div><div class=\"x14z9mp xat24cr x1lziwak x1vvkbs xtlvy1s x126k92a\"><div dir=\"auto\">Notre inqui\u00e9tude a \u00e9t\u00e9 tr\u00e8s vive \u00e0 Marseille, o\u00f9 le mauvais bilan des sortants a menac\u00e9 de d\u00e9faite la ville d\u2019une victoire de l\u2019extr\u00eame droite. Le sectarisme du maire sortant refusant toute discussion a emp\u00each\u00e9 la jonction des listes. Nous d\u00e9non\u00e7ons ce choix brutal o\u00f9 le PS a donn\u00e9 le droit \u00e0 l\u2019extr\u00eame droite d\u2019\u00eatre repr\u00e9sent\u00e9e au conseil municipal et l\u2019a refus\u00e9 aux Insoumis. Mais nos candidats ont pr\u00e9f\u00e9r\u00e9 \u00e0 juste titre se retirer plut\u00f4t que de prendre le risque d\u2019un succ\u00e8s du Rassemblement National.<\/div><\/div><div class=\"x14z9mp xat24cr x1lziwak x1vvkbs xtlvy1s x126k92a\"><div dir=\"auto\">Beno\u00eet Payan s\u2019est donc fait reconduire une nouvelle fois \u00e0 la faveur d\u2019un chantage. Marseille m\u00e9rite mieux. Notre opposition \u00e0 cette \u00e9quipe de rescap\u00e9s se fera donc sur le terrain des luttes directes.<\/div><\/div><div class=\"x14z9mp xat24cr x1lziwak x1vvkbs xtlvy1s x126k92a\"><div dir=\"auto\">Le fond pr\u00e9occupant de la situation g\u00e9n\u00e9rale ne doit pas \u00eatre occult\u00e9 par la satisfaction du travail bien fait. Tout t\u00e9moigne de l\u2019essoufflement morbide de la d\u00e9mocratie fran\u00e7aise. Elle ne cicatrise pas les refus du r\u00e9sultat des grands votes fondamentaux. Comme celui du r\u00e9f\u00e9rendum de 2005, o\u00f9 le \u00ab non \u00bb a \u00e9t\u00e9 interpr\u00e9t\u00e9 comme un \u00ab oui \u00bb. Ou comme la n\u00e9gation du r\u00e9sultat des l\u00e9gislatives anticip\u00e9es de 2024. Mais le d\u00e9ni s\u2019est renouvel\u00e9 encore apr\u00e8s la chute des deux premiers gouvernements de ce mandat pr\u00e9sidentiel.<\/div><\/div><div class=\"x14z9mp xat24cr x1lziwak x1vvkbs xtlvy1s x126k92a\"><div dir=\"auto\">Dans ce contexte, le monde politique traditionnel continue son effondrement. Et avec lui toute la structuration id\u00e9ologique qu\u2019il portait. Pour voir cette r\u00e9alit\u00e9, il faut regarder sous le bon angle. Les signaux ne sont pas l\u00e0 o\u00f9 on les cherche d\u2019habitude. Les r\u00e9sultats \u00e9lectoraux par \u00e9tiquette politique ne disent pas tout. Le niveau d\u2019abstention ne dit pas tout non plus, en d\u00e9pit de l\u2019importance du plus fort taux d\u2019abstention de la V\u1d49 r\u00e9publique au premier tour. Les conditions de l\u2019\u00e9lection elles-m\u00eames en disent davantage sur la place de la politique dans cette \u00e9lection que bien d\u2019autres aspects. Accordons-nous bien sur ce que \u00ab politique \u00bb veut dire. La politique, c\u2019est le d\u00e9bat \u00e0 propos de l\u2019action \u00e0 mener pour le bien commun. Elle porte donc en elle une obligation de dire et de prouver. Mais dans sept communes sur dix, il n\u2019y a qu\u2019une seule liste propos\u00e9e au vote. Il n\u2019y a donc pas de \u00ab d\u00e9bats \u00bb possibles. Sans dualit\u00e9 d\u2019options, il n\u2019y a donc plus de \u00ab politique \u00bb ni avant, ni pendant, ni apr\u00e8s l\u2019\u00e9lection. L\u00e0, d\u00e8s le premier tour, tout est r\u00e9duit \u00e0 l\u2019appr\u00e9ciation que l\u2019on porte sur les personnes candidates. Et alors on ne peut faire qu\u2019une chose : tout approuver d\u2019avance les yeux ferm\u00e9s, ou tout rejeter aussi aveuglement. Le r\u00e9sultat n\u2019a donc aucune signification politique globale dans l\u2019esprit des gens. Ce vide est profond, contagieux et d\u00e9composant. Car \u00e0 cela s\u2019ajoute autre chose de non moins d\u00e9politisant. En effet, au niveau national, toutes tailles de population communale confondues, quatre listes sur cinq n\u2019ont aucune \u00e9tiquette. Aucune ! Impossible donc de savoir quels principes politiques guideront l\u2019action entreprise demain au moment o\u00f9 l\u2019on vote.<\/div><\/div><div class=\"x14z9mp xat24cr x1lziwak x1vvkbs xtlvy1s x126k92a\"><div dir=\"auto\">Au total, l\u2019addition des abstentions, des listes uniques et de celles sans \u00e9tiquette constitue une masse consid\u00e9rable. En ce sens, le \u00ab terrain politis\u00e9 \u00bb s\u2019est amplement dissout.<\/div><\/div><div class=\"x14z9mp xat24cr x1lziwak x1vvkbs xtlvy1s x126k92a\"><div dir=\"auto\">D\u2019un certain point de vue, cette ambiance trouve aussi son expression dans le d\u00e9gagisme qui imprime sa marque sur le tableau de la soir\u00e9e. Beaucoup de sortants ont \u00e9t\u00e9 sortis. Cela ne peut effrayer le mouvement Insoumis ni contrarier ses objectifs.<\/div><\/div><div class=\"x14z9mp xat24cr x1lziwak x1vvkbs xtlvy1s x126k92a\"><div dir=\"auto\">\u00c0 nos yeux, l\u2019essentiel est l\u2019\u00e9mergence politique de la Nouvelle France partout prise en charge par les listes insoumises. C\u2019est donc bien une r\u00e9alit\u00e9 sociale, culturelle et nationale qui s\u2019est exprim\u00e9e, dont seuls les insoumis ont d\u00e9tect\u00e9 la pr\u00e9sence sous-jacente dans la vie du pays. La nouvelle France est d\u2019abord un fait ind\u00e9pendant de tout calcul politique. Mais c\u2019est aussi un projet en construction tel que le formule le programme \u00ab L\u2019Avenir en commun \u00bb. C\u2019est pourquoi, \u00e0 nos yeux, le r\u00e9sultat des deux tours de ces municipales ouvre directement le cycle de l\u2019\u00e9lection pr\u00e9sidentielle de 2027.<\/div><\/div><div dir=\"auto\"><a title=\"Elections\" href=\"https:\/\/aude-insoumise.fr\/?page_id=4425\">Retour<\/a><\/div>\t\t\t\t\t\t\t\t<\/div>\n\t\t\t\t\t<\/div>\n\t\t\t\t<\/div>\n\t\t\t\t<\/div>\n\t\t","protected":false},"excerpt":{"rendered":"<p>\ud835\udc12\ud835\udc28\ud835\udc22\ud835\udc2b \ud835\udc1d\u2019\ud835\udc1e\u0301\ud835\udc25\ud835\udc1e\ud835\udc1c\ud835\udc2d\ud835\udc22\ud835\udc28\ud835\udc27, \ud835\udc2d\ud835\udc28\ud835\udc2e\ud835\udc2b \ud835\udc1d\u2019\ud835\udc21\ud835\udc28\ud835\udc2b\ud835\udc22\ud835\udc33\ud835\udc28\ud835\udc27 \ud835\udc1a\u0300 \ud835\udc1c\ud835\udc21\ud835\udc1a\ud835\udc2e\ud835\udc1d Ceci est un tour d\u2019horizon sur le deuxi\u00e8me tour des \u00e9lections municipales.Cette journ\u00e9e de vote auraconfirm\u00e9 et amplifi\u00e9 la perc\u00e9e au premier tour des [&hellip;]<\/p>\n","protected":false},"author":3,"featured_media":0,"parent":0,"menu_order":0,"comment_status":"closed","ping_status":"closed","template":"","meta":{"om_disable_all_campaigns":false,"_monsterinsights_skip_tracking":false,"_monsterinsights_sitenote_active":false,"_monsterinsights_sitenote_note":"","_monsterinsights_sitenote_category":0,"ocean_post_layout":"","ocean_both_sidebars_style":"","ocean_both_sidebars_content_width":0,"ocean_both_sidebars_sidebars_width":0,"ocean_sidebar":"","ocean_second_sidebar":"","ocean_disable_margins":"enable","ocean_add_body_class":"","ocean_shortcode_before_top_bar":"","ocean_shortcode_after_top_bar":"","ocean_shortcode_before_header":"","ocean_shortcode_after_header":"","ocean_has_shortcode":"","ocean_shortcode_after_title":"","ocean_shortcode_before_footer_widgets":"","ocean_shortcode_after_footer_widgets":"","ocean_shortcode_before_footer_bottom":"","ocean_shortcode_after_footer_bottom":"","ocean_display_top_bar":"default","ocean_display_header":"default","ocean_header_style":"","ocean_center_header_left_menu":"","ocean_custom_header_template":"","ocean_custom_logo":0,"ocean_custom_retina_logo":0,"ocean_custom_logo_max_width":0,"ocean_custom_logo_tablet_max_width":0,"ocean_custom_logo_mobile_max_width":0,"ocean_custom_logo_max_height":0,"ocean_custom_logo_tablet_max_height":0,"ocean_custom_logo_mobile_max_height":0,"ocean_header_custom_menu":"","ocean_menu_typo_font_family":"","ocean_menu_typo_font_subset":"","ocean_menu_typo_font_size":0,"ocean_menu_typo_font_size_tablet":0,"ocean_menu_typo_font_size_mobile":0,"ocean_menu_typo_font_size_unit":"px","ocean_menu_typo_font_weight":"","ocean_menu_typo_font_weight_tablet":"","ocean_menu_typo_font_weight_mobile":"","ocean_menu_typo_transform":"","ocean_menu_typo_transform_tablet":"","ocean_menu_typo_transform_mobile":"","ocean_menu_typo_line_height":0,"ocean_menu_typo_line_height_tablet":0,"ocean_menu_typo_line_height_mobile":0,"ocean_menu_typo_line_height_unit":"","ocean_menu_typo_spacing":0,"ocean_menu_typo_spacing_tablet":0,"ocean_menu_typo_spacing_mobile":0,"ocean_menu_typo_spacing_unit":"","ocean_menu_link_color":"","ocean_menu_link_color_hover":"","ocean_menu_link_color_active":"","ocean_menu_link_background":"","ocean_menu_link_hover_background":"","ocean_menu_link_active_background":"","ocean_menu_social_links_bg":"","ocean_menu_social_hover_links_bg":"","ocean_menu_social_links_color":"","ocean_menu_social_hover_links_color":"","ocean_disable_title":"default","ocean_disable_heading":"default","ocean_post_title":"","ocean_post_subheading":"","ocean_post_title_style":"","ocean_post_title_background_color":"","ocean_post_title_background":0,"ocean_post_title_bg_image_position":"","ocean_post_title_bg_image_attachment":"","ocean_post_title_bg_image_repeat":"","ocean_post_title_bg_image_size":"","ocean_post_title_height":0,"ocean_post_title_bg_overlay":0.5,"ocean_post_title_bg_overlay_color":"","ocean_disable_breadcrumbs":"default","ocean_breadcrumbs_color":"","ocean_breadcrumbs_separator_color":"","ocean_breadcrumbs_links_color":"","ocean_breadcrumbs_links_hover_color":"","ocean_display_footer_widgets":"default","ocean_display_footer_bottom":"default","ocean_custom_footer_template":"","footnotes":""},"class_list":["post-6507","page","type-page","status-publish","hentry","entry"],"aioseo_notices":[],"rttpg_featured_image_url":null,"rttpg_author":{"display_name":"Andr\u00e9 Rainier","author_link":"https:\/\/aude-insoumise.fr\/?author=3"},"rttpg_comment":0,"rttpg_category":null,"rttpg_excerpt":"\ud835\udc12\ud835\udc28\ud835\udc22\ud835\udc2b \ud835\udc1d\u2019\ud835\udc1e\u0301\ud835\udc25\ud835\udc1e\ud835\udc1c\ud835\udc2d\ud835\udc22\ud835\udc28\ud835\udc27, \ud835\udc2d\ud835\udc28\ud835\udc2e\ud835\udc2b \ud835\udc1d\u2019\ud835\udc21\ud835\udc28\ud835\udc2b\ud835\udc22\ud835\udc33\ud835\udc28\ud835\udc27 \ud835\udc1a\u0300 \ud835\udc1c\ud835\udc21\ud835\udc1a\ud835\udc2e\ud835\udc1d Ceci est un tour d\u2019horizon sur le deuxi\u00e8me tour des \u00e9lections municipales.Cette journ\u00e9e de vote auraconfirm\u00e9 et amplifi\u00e9 la perc\u00e9e au premier tour des [&hellip;]","_links":{"self":[{"href":"https:\/\/aude-insoumise.fr\/index.php?rest_route=\/wp\/v2\/pages\/6507","targetHints":{"allow":["GET"]}}],"collection":[{"href":"https:\/\/aude-insoumise.fr\/index.php?rest_route=\/wp\/v2\/pages"}],"about":[{"href":"https:\/\/aude-insoumise.fr\/index.php?rest_route=\/wp\/v2\/types\/page"}],"author":[{"embeddable":true,"href":"https:\/\/aude-insoumise.fr\/index.php?rest_route=\/wp\/v2\/users\/3"}],"replies":[{"embeddable":true,"href":"https:\/\/aude-insoumise.fr\/index.php?rest_route=%2Fwp%2Fv2%2Fcomments&post=6507"}],"version-history":[{"count":7,"href":"https:\/\/aude-insoumise.fr\/index.php?rest_route=\/wp\/v2\/pages\/6507\/revisions"}],"predecessor-version":[{"id":6517,"href":"https:\/\/aude-insoumise.fr\/index.php?rest_route=\/wp\/v2\/pages\/6507\/revisions\/6517"}],"wp:attachment":[{"href":"https:\/\/aude-insoumise.fr\/index.php?rest_route=%2Fwp%2Fv2%2Fmedia&parent=6507"}],"curies":[{"name":"wp","href":"https:\/\/api.w.org\/{rel}","templated":true}]}}