{"id":6518,"date":"2026-03-30T15:14:31","date_gmt":"2026-03-30T13:14:31","guid":{"rendered":"https:\/\/aude-insoumise.fr\/?page_id=6518"},"modified":"2026-03-30T15:36:48","modified_gmt":"2026-03-30T13:36:48","slug":"percee-insoumise-et-bobards-mediatiques","status":"publish","type":"page","link":"https:\/\/aude-insoumise.fr\/?page_id=6518","title":{"rendered":"Perc\u00e9e insoumise et bobards m\u00e9diatiques"},"content":{"rendered":"\t\t<div data-elementor-type=\"wp-page\" data-elementor-id=\"6518\" class=\"elementor elementor-6518\">\n\t\t\t\t<div class=\"elementor-element elementor-element-65de0c5 e-flex e-con-boxed e-con e-parent\" data-id=\"65de0c5\" data-element_type=\"container\" data-e-type=\"container\">\n\t\t\t\t\t<div class=\"e-con-inner\">\n\t\t\t\t<div class=\"elementor-element elementor-element-9b66d46 elementor-widget elementor-widget-heading\" data-id=\"9b66d46\" data-element_type=\"widget\" data-e-type=\"widget\" data-widget_type=\"heading.default\">\n\t\t\t\t\t<h2 class=\"elementor-heading-title elementor-size-default\">Perc\u00e9e insoumise et bobards m\u00e9diatiques<\/h2>\t\t\t\t<\/div>\n\t\t\t\t<div class=\"elementor-element elementor-element-cd005ab elementor-widget elementor-widget-image\" data-id=\"cd005ab\" data-element_type=\"widget\" data-e-type=\"widget\" data-widget_type=\"image.default\">\n\t\t\t\t\t\t\t\t\t\t\t\t\t\t\t<img fetchpriority=\"high\" decoding=\"async\" width=\"500\" height=\"281\" src=\"https:\/\/aude-insoumise.fr\/wp-content\/uploads\/2026\/03\/photo-bompard.webp\" class=\"attachment-large size-large wp-image-6521\" alt=\"\" srcset=\"https:\/\/aude-insoumise.fr\/wp-content\/uploads\/2026\/03\/photo-bompard.webp 500w, https:\/\/aude-insoumise.fr\/wp-content\/uploads\/2026\/03\/photo-bompard-300x169.webp 300w\" sizes=\"(max-width: 500px) 100vw, 500px\" \/>\t\t\t\t\t\t\t\t\t\t\t\t\t\t\t<\/div>\n\t\t\t\t<div class=\"elementor-element elementor-element-bbba7a5 elementor-widget elementor-widget-text-editor\" data-id=\"bbba7a5\" data-element_type=\"widget\" data-e-type=\"widget\" data-widget_type=\"text-editor.default\">\n\t\t\t\t\t\t\t\t\t<p>Apr\u00e8s avoir f\u00eat\u00e9 cette ann\u00e9e ses 10 ans, la France insoumise s\u2019engageait pour la premi\u00e8re fois pleinement dans une campagne d\u2019\u00e9lections municipales. Cela a n\u00e9cessit\u00e9 une mobilisation intense des insoumis partout en France pendant plusieurs mois. La constitution de listes \u00e0 l\u2019image du peuple, la construction de programmes s\u00e9rieux partant des besoins des habitantes et des habitants et le d\u00e9ploiement dans des centaines de campagnes municipales \u00e9taient des d\u00e9fis immenses pour notre jeune mouvement. Il faut saluer l\u2019engagement extraordinaire partout en France des militants de la France insoumise, \u00e9paul\u00e9 et aid\u00e9 par le travail formidable des \u00e9quipes nationales.<\/p><p>\u00c0 l\u2019issue de cette campagne, le bilan est remarquable pour la France insoumise.\u00a0<strong>Elle fait son entr\u00e9e dans plus de 400 conseils municipaux, soit plus de 16 millions de Fran\u00e7ais\u00b7es qui auront des conseillers municipaux insoumis.<\/strong>\u00a0<strong>Elle l\u2019emporte dans une dizaine de communes, dont 2 des 50 communes les plus peupl\u00e9es de France (Roubaix et Saint-Denis).\u00a0<\/strong><\/p><p>Ces victoires ne sont pas anodines. Alors qu\u2019environ 30 000 personnes en France vivaient dans une \u00ab mairie insoumise \u00bb, elles seront d\u00e9sormais environ 550 000, soit une multiplication par 18. De v\u00e9ritables exploits ont \u00e9t\u00e9 r\u00e9alis\u00e9s au Tampon, \u00e0 Vaulx-en-Velin, \u00e0 V\u00e9nissieux ou encore \u00e0 Creil, o\u00f9 les candidats insoumis n\u2019\u00e9taient pas en t\u00eate au premier tour. \u00c0 Roubaix, 100 000 habitants, comme au Tampon, la victoire insoumise permet aussi de tourner la page de la droite. Ces victoires confirment la perc\u00e9e de la France insoumise dans les classes populaires qui \u00e9taient sorties du jeu politique et dans des villes et quartiers n\u00e9glig\u00e9s et rel\u00e9gu\u00e9s par la vieille sc\u00e8ne politique. Ainsi, l\u2019int\u00e9gralit\u00e9 des villes remport\u00e9es par la France insoumise font partie des 80 communes les plus pauvres de France.<\/p><p>Ces victoires ne doivent pas \u00e9clipser les grandes performances qui ont eu lieu ailleurs. Dans des grands centres urbains, d\u2019abord, avec pr\u00e8s de 47 % \u00e0 Toulouse, 41 % \u00e0 Limoges, 34 % \u00e0 Lille malgr\u00e9 l\u2019alliance contre-nature du PS avec les Verts, 25 % \u00e0 Montpellier (hausse de 10 points entre les deux tours), 20\u00a0% \u00e0 Rennes, 17 % \u00e0 Metz, 15 % \u00e0 Caen, etc.\u00a0<\/p><p>Contrairement \u00e0 ce que le r\u00e9cit m\u00e9diatique laisse entendre, la France insoumise est \u00e9galement massivement pr\u00e9sente dans les villes petites et moyennes. \u00c0 Saint-Girons, la liste insoumise gagne 6 points entre les deux tours pour arriver \u00e0 23 %. \u00c0 Belfort, elle gagne plus de 5 points pour arriver \u00e0 28 %. Les listes soutenues par la France insoumise font plus de 26\u00a0% dans les communes entre 5\u00a0000 et 50\u00a0000 habitants.\u00a0Cette \u00e9lection a aussi reconduit de nombreux sortants insoumis dans des petits villages et de nouveaux les ont rejoints.<\/p><p>Comme toujours, ce qui se passe dans les territoires ultramarins est pass\u00e9 sous silence. Pourtant, \u00e0 la R\u00e9union par exemple, l\u2019alliance de la France insoumise et du PLR d\u2019Huguette Bello a engrang\u00e9 les victoires et la France insoumise a remport\u00e9 la victoire au Tampon, 4\u00e8me ville de la R\u00e9union, en chassant la droite qui dirigeait la ville depuis 70 ans.<\/p><p>Avant m\u00eame l\u2019annonce des r\u00e9sultats, les \u00e9ditorialistes avaient \u00e9crit le nouveau script souffl\u00e9 par le Parti socialiste pour masquer ses d\u00e9faites et ses fractures internes. Il fallait dire que la perc\u00e9e insoumise avait fait pschitt et que toutes les victoires de la gauche se faisaient gr\u00e2ce aux autres, mais que les d\u00e9faites \u00e9taient de notre faute. Ce r\u00e9cit ne r\u00e9siste pas un seul instant \u00e0 l\u2019\u00e9preuve des faits.\u00a0<\/p><p>Prenons d\u2019abord le cas des grandes villes o\u00f9 la France insoumise a fait l\u2019union derri\u00e8re elle, Toulouse et Limoges. Nous \u00e9chouons \u00e0 quelques pourcents. Il n\u2019en fallait pas tant pour ressortir le refrain du plafond de verre et de la d\u00e9testation de la France insoumise.\u00a0<strong>Dans les deux cas pourtant, la gauche (que ce soit le PS ou les Verts) n\u2019avait d\u00e9j\u00e0 pas r\u00e9ussi \u00e0 l\u2019emporter en 2014 et en 2020, sans que les insoumis ne puissent alors en \u00eatre jug\u00e9s responsables.<\/strong><\/p><p>\u00c0 Toulouse, le total des voix de gauche au premier tour \u00e9tait certes plus important que le total des voix de droite. La situation \u00e9tait la m\u00eame en 2020 et cela n\u2019avait pas emp\u00each\u00e9 la d\u00e9faite de la liste d\u2019union \u00e0 gauche dirig\u00e9e \u00e0 l\u2019\u00e9poque par un \u00e9cologiste. Cela ne signifie pour autant pas que les voix ne se reportent pas : le total de voix de la liste d\u2019union augmente nettement, mais la droite a r\u00e9ussi \u00e0 mobiliser des r\u00e9serves de voix cons\u00e9quentes. Ce fut d\u00e9j\u00e0 le cas \u00e0 Toulouse par le pass\u00e9, o\u00f9 l\u2019\u00e9lectorat conservateur se surmobilise syst\u00e9matiquement au deuxi\u00e8me tour. En v\u00e9rit\u00e9,\u00a0<strong>jamais une liste de gauche n\u2019avait obtenu autant de voix au deuxi\u00e8me tour des \u00e9lections municipales \u00e0 Toulouse.\u00a0<\/strong>Ainsi, la liste men\u00e9e par Fran\u00e7ois Piquemal fait progresser la gauche de 25 000 voix par rapport \u00e0 2020 et de 11 000 par rapport \u00e0 2014.<\/p><p>\u00c0 Limoges, le sc\u00e9nario est le m\u00eame qu\u2019en 2020. Le total gauche \u00e9tait similaire au premier tour et le score est semblable au second tour avec celui r\u00e9uni par le candidat du PS en 2020. L\u00e0 encore, le nombre de voix r\u00e9colt\u00e9es a augment\u00e9 au second tour et rien n\u2019accr\u00e9dite la th\u00e8se d\u2019une fuite des \u00e9lecteurs ou d\u2019un barrage contre LFI.\u00a0<strong>Au contraire, ces r\u00e9sultats confirment que le matraquage anti-LFI ne fonctionne pas.<\/strong>\u00a0Faut-il rappeler que c\u2019est le PS qui, apr\u00e8s l\u2019avoir dirig\u00e9e pendant 60 ans, a perdu la ville en 2014 sans r\u00e9ussir \u00e0 la reprendre en 2020 ?<\/p><p>Bien s\u00fbr, nous aurions esp\u00e9r\u00e9 qu\u2019\u00e0 Toulouse une plus forte mobilisation permette de r\u00e9ussir ce que la gauche n\u2019avait pas r\u00e9ussi jusque-l\u00e0, ou qu\u2019\u00e0 Lille la t\u00eate de liste \u00e9cologiste respecte le choix de ses colistiers et de ses militants pour faire gagner la gauche de rupture. Mais il faut noter que, malgr\u00e9 les campagnes de calomnies aliment\u00e9es par le PS, malgr\u00e9 les ing\u00e9rences \u00e9trang\u00e8res et les fausses informations pendant l\u2019entre-deux-tours, les insoumis ont d\u00e9pass\u00e9 d\u2019autres forces de gauche au premier tour dans de tr\u00e8s grandes villes et sont parvenus \u00e0 r\u00e9unir au second tour 47 % des voix \u00e0 Toulouse, 41 % \u00e0 Limoges ou encore 35 % \u00e0 Lille. Ce sont d\u2019immenses performances :\u00a0<strong>quelle autre force politique a r\u00e9ussi autant apr\u00e8s 10 ans d\u2019existence ?\u00a0<\/strong><\/p><p>Vient ensuite le grief principal : la France insoumise ferait perdre les autres quand elle se rangerait derri\u00e8re. Elle serait un \u00ab\u00a0boulet pour la gauche\u00a0\u00bb selon les m\u00eames qui, il y a une semaine, nous suppliaient pour une fusion. L\u00e0 encore, ce r\u00e9cit ne r\u00e9siste pas \u00e0 l\u2019\u00e9preuve des faits.<\/p><p>Ainsi, si l\u2019on prend l\u2019ensemble des fusions qui ont \u00e9t\u00e9 faites avec d\u2019autres forces de gauche, le score des listes fusionn\u00e9es est \u00e9gal au score des listes s\u00e9par\u00e9es.\u00a0<strong>Parmi les 20 plus grandes villes, une seule est perdue par la gauche, par refus de fusionner (Bordeaux).<\/strong>\u00a0Lyon a \u00e9t\u00e9 sauv\u00e9e par les \u00e9cologistes gr\u00e2ce \u00e0 la France insoumise mais la m\u00e9tropole est tomb\u00e9e en raison du refus de l\u2019attelage EELV\/PS\/PCF de s\u2019unir dans les circonscriptions m\u00e9tropolitaines. Au total, dans les villes de plus de 100 000 habitants, la moiti\u00e9 des fusions de LFI derri\u00e8re des t\u00eates de liste PS ou EELV (4 villes sur 8) ont permis de l\u2019emporter (Lyon, Nantes, Tours et Grenoble). Ce n\u2019est pas le cas \u00e0 Clermont-Ferrand, Brest ou Besan\u00e7on (3 villes sur 8), ni \u00e0 Strasbourg en raison de l\u2019alliance honteuse entre le Parti socialiste et la droite de Horizons face \u00e0 la gauche.<\/p><p>En v\u00e9rit\u00e9, la d\u00e9faite dans ces 3 communes provient exclusivement du d\u00e9saveu cinglant rencontr\u00e9 par les maires sortants dans ces communes<strong>.\u00a0<\/strong>Par rapport \u00e0 2020, le PS a chut\u00e9 de 8 points \u00e0 Clermont-Ferrand (comme la sortante \u00e9cologiste \u00e0 Strasbourg) et de 18,5 points \u00e0 Brest, deux villes qu\u2019il dirigeait depuis plusieurs d\u00e9cennies. La fusion n\u2019a en fait \u00e9t\u00e9 effectu\u00e9e par le Parti socialiste que lorsque la situation de ses maires sortants \u00e9tait d\u00e9sesp\u00e9r\u00e9e. Il n\u2019est alors pas surprenant qu\u2019elle n\u2019ait pas toujours permis de renverser la vapeur. Il faut dire qu\u2019elle s\u2019est faite dans de telles conditions d\u2019opportunisme qu\u2019elle ne pouvait produire aucune dynamique de mobilisation : comment appeler \u00e0 voter pour des candidats que vous avez copieusement insult\u00e9s pendant plusieurs semaines, sous les coups de butoir de dirigeants nationaux du PS pr\u00e9f\u00e9rant passer leur entre-deux-tours \u00e0 s\u2019en prendre \u00e0 la France insoumise qu\u2019\u00e0 combattre la droite et l\u2019extr\u00eame droite ? Voil\u00e0 qui furent en r\u00e9alit\u00e9 les boulets des maires sortants socialistes en difficult\u00e9 au soir du premier tour !<\/p><p>Et comment ne pas aussi poser la question de leur bilan, de la vague d\u00e9gagiste qui les a frapp\u00e9s et des cons\u00e9quences de la collusion des d\u00e9put\u00e9s du Parti socialiste avec les politiques macronistes ? Comment ne pas y voir un d\u00e9saveu cinglant du vote pour le pire budget de la s\u00e9curit\u00e9 sociale de ces derni\u00e8res ann\u00e9es et des refus r\u00e9p\u00e9t\u00e9s de censure du gouvernement Lecornu ? Comment ne pas comprendre que ce reniement du programme du Nouveau Front populaire a fait du PS une machine \u00e0 perdre pour la gauche ? Car les dynamiques sont tr\u00e8s claires : le bloc de la gauche traditionnelle (PS\/Verts) a perdu plus de 6 points au premier tour dans les villes de plus de 100 000 habitants par rapport \u00e0 2020 alors que les listes de la France insoumise ont au contraire augment\u00e9 leur r\u00e9sultat de 9,3 points dans ces m\u00eames communes. \u00c0 nouveau, comme aux \u00e9lections europ\u00e9ennes, c\u2019est la France insoumise qui fait progresser la gauche pour ces \u00e9lections municipales.<\/p><p>Ce scrutin trace des perspectives. Un fort d\u00e9gagisme s\u2019est exprim\u00e9 avec la d\u00e9faite des trois-quarts des sortants au deuxi\u00e8me tour. L\u2019abstention continue \u00e0 gangr\u00e9ner la vie politique, m\u00eame si elle a diminu\u00e9 l\u00e0 o\u00f9 les insoumis ont progress\u00e9. La macronie et les partis traditionnels reculent.<\/p><p>C\u2019est vrai \u00e0 gauche.\u00a0<strong>Sur l\u2019ensemble des villes de plus de 30 000 habitants, il n\u2019y en a jamais eu moins dirig\u00e9es par la gauche traditionnelle, qui en a perdu la moiti\u00e9 depuis 2008, alors m\u00eame que le PS se pr\u00e9sente d\u00e9sormais quasiment syst\u00e9matiquement dans des listes d\u2019union.<\/strong>\u00a0La direction du PS a donn\u00e9 un spectacle affligeant consistant \u00e0 nous insulter pendant la campagne, nous prier de fusionner entre les deux tours puis recommencer \u00e0 nous insulter \u00e0 20h01. De telles d\u00e9monstrations d\u2019incoh\u00e9rence et d\u2019hypocrisie ne font que d\u00e9go\u00fbter le peuple, et les d\u00e9faites socialistes en sont la d\u00e9monstration.<\/p><p>Le probl\u00e8me de la gauche n\u2019est donc pas la France insoumise, bien au contraire. Celle-ci a en fait h\u00e9rit\u00e9 d\u2019une situation complexe : l\u2019affaiblissement historique du socle \u00e9lectoral de la gauche, d\u00e9moli par le quinquennat Hollande qui aura fait perdre environ 16 points \u00e0 la gauche entre 2012 et 2017. Dans ce contexte, la gauche traditionnelle perd 7 villes parmi les 50 plus grandes, et c\u2019est la gauche de rupture qui progresse au contraire en remportant 3 villes suppl\u00e9mentaires (2 pour la France insoumise, 1 pour le PCF). C\u2019est donc elle qui incarne aujourd\u2019hui l\u2019espoir de la gauche de tourner la page de la macronie et de battre l\u2019extr\u00eame droite.<\/p><p>C\u2019est possible d\u2019y parvenir. Ainsi, la France insoumise a pris \u00e0 nouveau sa part dans la bataille face \u00e0 l\u2019extr\u00eame droite lors de ces \u00e9lections :\u00a0<\/p><ul class=\"wp-block-list\"><li>Dans 42 villes, nous faisons baisser le score du Rassemblement national par rapport aux pr\u00e9c\u00e9dentes \u00e9lections gr\u00e2ce \u00e0 notre hausse.\u00a0<\/li><li>Dans 56 communes o\u00f9 nous sommes pr\u00e9sents, le Rassemblement national a renonc\u00e9 \u00e0 se pr\u00e9senter alors qu\u2019il \u00e9tait auparavant pr\u00e9sent.\u00a0<\/li><li>Dans 34 villes o\u00f9 nous pr\u00e9sentons une liste apr\u00e8s avoir \u00e9t\u00e9 absents en 2020, nous faisons baisser le Rassemblement national.\u00a0<\/li><\/ul><p>Celui-ci recule dans les banlieues populaires et ne pr\u00e9sente souvent plus de candidats. Dans de nombreuses petites communes o\u00f9 il tentait de s\u2019implanter pour la premi\u00e8re fois, fort de r\u00e9sultats nationaux importants, le barrage a tenu au deuxi\u00e8me tour.\u00a0<\/p><p>Il progresse n\u00e9anmoins en nombre de voix, mais moins qu\u2019attendu. Il gagne environ 250 000 voix sur l\u2019ensemble du pays au premier tour par rapport \u00e0 2014, alors que nous en gagnons 500 000 depuis 2014, o\u00f9 nous \u00e9tions quasi-syst\u00e9matiquement alli\u00e9s avec le PCF. Mais le Rassemblement national a \u00e9chou\u00e9, malgr\u00e9 des victoires dans des villes moyennes et petites (principalement dans ses zones de force), \u00e0 remporter la plupart de ses cibles. Il faut rappeler d\u2019ailleurs que le RN avait d\u00e9j\u00e0 gagn\u00e9 d\u2019assez nombreuses mairies en 2014 et que la progression par rapport \u00e0 cette r\u00e9f\u00e9rence est plus faible que par rapport \u00e0 2020. Le RN stagne dans les communes de plus de 50\u00a0000 habitants alors que nous progressons partout.<\/p><p>Dans cette situation, il faut d\u00e9sormais que la gauche acc\u00e9l\u00e8re sa progression port\u00e9e par la gauche de rupture pour l\u2019emporter en 2027. Nous avons fait regagner 4 points \u00e0 la gauche apr\u00e8s le d\u00e9sastre Hollande.\u00a0<strong>Nous sommes le seul mouvement \u00e0 avoir progress\u00e9 \u00e0 chacune des \u00e9lections depuis 2017<\/strong>\u00a0: nous sommes pass\u00e9s de 11 \u00e0 22 % aux pr\u00e9sidentielles, de 6 \u00e0 10 % aux europ\u00e9ennes, de 0 \u00e0 6 villes de plus 50 000 habitants, de 17 d\u00e9put\u00e9s au plus gros groupe de l\u2019alliance remportant les l\u00e9gislatives. Une progression dans tous les types d\u2019\u00e9lections depuis 10 ans n\u2019est pas un hasard,<strong>\u00a0c\u2019est une lame de fond.<\/strong><\/p><p>Le travail est loin d\u2019\u00eatre termin\u00e9. Pour l\u2019emporter, nous devons renforcer encore la mobilisation des jeunes, des cat\u00e9gories populaires ou des exploit\u00e9s du capitalisme. C\u2019est toujours dans l\u2019abstention que se trouvent nos marges de progression. Car c\u2019est l\u00e0 que nous pouvons effacer le diff\u00e9rentiel de vote avec les franges plus conservatrices, qui est aujourd\u2019hui le plafond de verre de l\u2019int\u00e9gralit\u00e9 de la gauche pour pouvoir gouverner le pays.<\/p><p>Il faut poursuivre le travail de d\u00e9voilement de l\u2019extr\u00eame droite sur son caract\u00e8re intrins\u00e8quement raciste et antisocial. La transformation progressive du RN en parti ultralib\u00e9ral pourrait contribuer \u00e0 l\u2019affaiblir.\u00a0<strong>La France insoumise poss\u00e8de d\u00e9j\u00e0 le plus haut potentiel \u00e9lectoral en dehors du RN selon les \u00e9tudes d\u2019opinion.<\/strong>\u00a0La campagne pr\u00e9sidentielle devrait permettre de le faire cro\u00eetre encore quand la confrontation des projets prendra le dessus sur le bashing m\u00e9diatique incessant qui s\u2019use de jour en jour. Cette campagne des \u00e9lections municipales aura \u00e9t\u00e9 une formidable d\u00e9monstration de la neutralisation des calomnies m\u00e9diatiques, agissant davantage comme un levier de mobilisation populaire plut\u00f4t que comme un instrument de d\u00e9l\u00e9gitimation.<\/p><p>Pour cette grande bataille qui s\u2019annonce, la France insoumise sort de ces municipales avec des milliers d\u2019\u00e9lus locaux de combat ainsi qu\u2019avec plus de 10 000 militants suppl\u00e9mentaires. Ces forces seront essentielles dans la bataille.\u00a0<strong>Il nous reste un an pour, comme le disait Jaur\u00e8s, \u00ab fatiguer le doute du peuple par la pers\u00e9v\u00e9rance de notre d\u00e9vouement \u00bb. Rejoignez-nous !<\/strong><\/p><p><a title=\"Elections\" href=\"https:\/\/aude-insoumise.fr\/?page_id=4425\">Retour<\/a><\/p>\t\t\t\t\t\t\t\t<\/div>\n\t\t\t\t\t<\/div>\n\t\t\t\t<\/div>\n\t\t\t\t<\/div>\n\t\t","protected":false},"excerpt":{"rendered":"<p>Perc\u00e9e insoumise et bobards m\u00e9diatiques Apr\u00e8s avoir f\u00eat\u00e9 cette ann\u00e9e ses 10 ans, la France insoumise s\u2019engageait pour la premi\u00e8re fois pleinement dans une campagne d\u2019\u00e9lections municipales. Cela a n\u00e9cessit\u00e9 [&hellip;]<\/p>\n","protected":false},"author":3,"featured_media":0,"parent":0,"menu_order":0,"comment_status":"closed","ping_status":"closed","template":"","meta":{"om_disable_all_campaigns":false,"_monsterinsights_skip_tracking":false,"_monsterinsights_sitenote_active":false,"_monsterinsights_sitenote_note":"","_monsterinsights_sitenote_category":0,"ocean_post_layout":"","ocean_both_sidebars_style":"","ocean_both_sidebars_content_width":0,"ocean_both_sidebars_sidebars_width":0,"ocean_sidebar":"","ocean_second_sidebar":"","ocean_disable_margins":"enable","ocean_add_body_class":"","ocean_shortcode_before_top_bar":"","ocean_shortcode_after_top_bar":"","ocean_shortcode_before_header":"","ocean_shortcode_after_header":"","ocean_has_shortcode":"","ocean_shortcode_after_title":"","ocean_shortcode_before_footer_widgets":"","ocean_shortcode_after_footer_widgets":"","ocean_shortcode_before_footer_bottom":"","ocean_shortcode_after_footer_bottom":"","ocean_display_top_bar":"default","ocean_display_header":"default","ocean_header_style":"","ocean_center_header_left_menu":"","ocean_custom_header_template":"","ocean_custom_logo":0,"ocean_custom_retina_logo":0,"ocean_custom_logo_max_width":0,"ocean_custom_logo_tablet_max_width":0,"ocean_custom_logo_mobile_max_width":0,"ocean_custom_logo_max_height":0,"ocean_custom_logo_tablet_max_height":0,"ocean_custom_logo_mobile_max_height":0,"ocean_header_custom_menu":"","ocean_menu_typo_font_family":"","ocean_menu_typo_font_subset":"","ocean_menu_typo_font_size":0,"ocean_menu_typo_font_size_tablet":0,"ocean_menu_typo_font_size_mobile":0,"ocean_menu_typo_font_size_unit":"px","ocean_menu_typo_font_weight":"","ocean_menu_typo_font_weight_tablet":"","ocean_menu_typo_font_weight_mobile":"","ocean_menu_typo_transform":"","ocean_menu_typo_transform_tablet":"","ocean_menu_typo_transform_mobile":"","ocean_menu_typo_line_height":0,"ocean_menu_typo_line_height_tablet":0,"ocean_menu_typo_line_height_mobile":0,"ocean_menu_typo_line_height_unit":"","ocean_menu_typo_spacing":0,"ocean_menu_typo_spacing_tablet":0,"ocean_menu_typo_spacing_mobile":0,"ocean_menu_typo_spacing_unit":"","ocean_menu_link_color":"","ocean_menu_link_color_hover":"","ocean_menu_link_color_active":"","ocean_menu_link_background":"","ocean_menu_link_hover_background":"","ocean_menu_link_active_background":"","ocean_menu_social_links_bg":"","ocean_menu_social_hover_links_bg":"","ocean_menu_social_links_color":"","ocean_menu_social_hover_links_color":"","ocean_disable_title":"default","ocean_disable_heading":"default","ocean_post_title":"","ocean_post_subheading":"","ocean_post_title_style":"","ocean_post_title_background_color":"","ocean_post_title_background":0,"ocean_post_title_bg_image_position":"","ocean_post_title_bg_image_attachment":"","ocean_post_title_bg_image_repeat":"","ocean_post_title_bg_image_size":"","ocean_post_title_height":0,"ocean_post_title_bg_overlay":0.5,"ocean_post_title_bg_overlay_color":"","ocean_disable_breadcrumbs":"default","ocean_breadcrumbs_color":"","ocean_breadcrumbs_separator_color":"","ocean_breadcrumbs_links_color":"","ocean_breadcrumbs_links_hover_color":"","ocean_display_footer_widgets":"default","ocean_display_footer_bottom":"default","ocean_custom_footer_template":"","footnotes":""},"class_list":["post-6518","page","type-page","status-publish","hentry","entry"],"aioseo_notices":[],"rttpg_featured_image_url":null,"rttpg_author":{"display_name":"Andr\u00e9 Rainier","author_link":"https:\/\/aude-insoumise.fr\/?author=3"},"rttpg_comment":0,"rttpg_category":null,"rttpg_excerpt":"Perc\u00e9e insoumise et bobards m\u00e9diatiques Apr\u00e8s avoir f\u00eat\u00e9 cette ann\u00e9e ses 10 ans, la France insoumise s\u2019engageait pour la premi\u00e8re fois pleinement dans une campagne d\u2019\u00e9lections municipales. Cela a n\u00e9cessit\u00e9 [&hellip;]","_links":{"self":[{"href":"https:\/\/aude-insoumise.fr\/index.php?rest_route=\/wp\/v2\/pages\/6518","targetHints":{"allow":["GET"]}}],"collection":[{"href":"https:\/\/aude-insoumise.fr\/index.php?rest_route=\/wp\/v2\/pages"}],"about":[{"href":"https:\/\/aude-insoumise.fr\/index.php?rest_route=\/wp\/v2\/types\/page"}],"author":[{"embeddable":true,"href":"https:\/\/aude-insoumise.fr\/index.php?rest_route=\/wp\/v2\/users\/3"}],"replies":[{"embeddable":true,"href":"https:\/\/aude-insoumise.fr\/index.php?rest_route=%2Fwp%2Fv2%2Fcomments&post=6518"}],"version-history":[{"count":7,"href":"https:\/\/aude-insoumise.fr\/index.php?rest_route=\/wp\/v2\/pages\/6518\/revisions"}],"predecessor-version":[{"id":6530,"href":"https:\/\/aude-insoumise.fr\/index.php?rest_route=\/wp\/v2\/pages\/6518\/revisions\/6530"}],"wp:attachment":[{"href":"https:\/\/aude-insoumise.fr\/index.php?rest_route=%2Fwp%2Fv2%2Fmedia&parent=6518"}],"curies":[{"name":"wp","href":"https:\/\/api.w.org\/{rel}","templated":true}]}}