{"id":6559,"date":"2026-03-31T15:41:57","date_gmt":"2026-03-31T13:41:57","guid":{"rendered":"https:\/\/aude-insoumise.fr\/?page_id=6559"},"modified":"2026-03-31T15:51:23","modified_gmt":"2026-03-31T13:51:23","slug":"quest-ce-que-la-nouvelle-france","status":"publish","type":"page","link":"https:\/\/aude-insoumise.fr\/?page_id=6559","title":{"rendered":"Qu&rsquo;est-ce que la nouvelle France"},"content":{"rendered":"\t\t<div data-elementor-type=\"wp-page\" data-elementor-id=\"6559\" class=\"elementor elementor-6559\">\n\t\t\t\t<div class=\"elementor-element elementor-element-e53e771 e-flex e-con-boxed e-con e-parent\" data-id=\"e53e771\" data-element_type=\"container\" data-e-type=\"container\">\n\t\t\t\t\t<div class=\"e-con-inner\">\n\t\t\t\t<div class=\"elementor-element elementor-element-9058ef3 elementor-widget elementor-widget-image\" data-id=\"9058ef3\" data-element_type=\"widget\" data-e-type=\"widget\" data-widget_type=\"image.default\">\n\t\t\t\t\t\t\t\t\t\t\t\t\t\t\t<img fetchpriority=\"high\" decoding=\"async\" width=\"1080\" height=\"608\" src=\"https:\/\/aude-insoumise.fr\/wp-content\/uploads\/2026\/03\/nouvelle-france-1080x608.webp\" class=\"attachment-large size-large wp-image-6561\" alt=\"\" srcset=\"https:\/\/aude-insoumise.fr\/wp-content\/uploads\/2026\/03\/nouvelle-france-1080x608.webp 1080w, https:\/\/aude-insoumise.fr\/wp-content\/uploads\/2026\/03\/nouvelle-france-300x169.webp 300w, https:\/\/aude-insoumise.fr\/wp-content\/uploads\/2026\/03\/nouvelle-france-768x432.webp 768w, https:\/\/aude-insoumise.fr\/wp-content\/uploads\/2026\/03\/nouvelle-france-1536x864.webp 1536w, https:\/\/aude-insoumise.fr\/wp-content\/uploads\/2026\/03\/nouvelle-france-800x450.webp 800w, https:\/\/aude-insoumise.fr\/wp-content\/uploads\/2026\/03\/nouvelle-france.webp 1920w\" sizes=\"(max-width: 1080px) 100vw, 1080px\" \/>\t\t\t\t\t\t\t\t\t\t\t\t\t\t\t<\/div>\n\t\t\t\t<div class=\"elementor-element elementor-element-e43b8c7 elementor-widget elementor-widget-heading\" data-id=\"e43b8c7\" data-element_type=\"widget\" data-e-type=\"widget\" data-widget_type=\"heading.default\">\n\t\t\t\t\t<h2 class=\"elementor-heading-title elementor-size-default\">Qu'est-ce que la nouvelle France<\/h2>\t\t\t\t<\/div>\n\t\t\t\t<div class=\"elementor-element elementor-element-0f8d58d elementor-widget elementor-widget-text-editor\" data-id=\"0f8d58d\" data-element_type=\"widget\" data-e-type=\"widget\" data-widget_type=\"text-editor.default\">\n\t\t\t\t\t\t\t\t\t<p><em>Si l\u2019on prend comme r\u00e9f\u00e9rence l\u2019ann\u00e9e de naissance de notre r\u00e9gime politique, la Ve R\u00e9publique,, la France a connu d\u2019importantes mutations sociologiques, \u00e9conomiques et m\u00eame anthropologiques. C\u2019est d\u2019abord ce simple constat que recouvre le concept de \u00ab nouvelle France \u00bb. Il s\u2019agit aussi d\u2019un ensemble de groupes sociaux \u00e9mergents, en pleine dynamique et particuli\u00e8rement vis\u00e9s par le syst\u00e8me \u00e9conomique et politique. Cette position fait d\u2019eux la base possible pour la constitution d\u2019un bloc de rupture capable de r\u00e9pondre aux aspirations de la \u00ab nouvelle France \u00bb dans son ensemble.<\/em><em><br \/><\/em><\/p><p><strong>1 \u2013 La nouvelle condition humaine f\u00e9minine<\/strong><strong><br \/><\/strong><\/p><p>a \u2013 Une r\u00e9volution des droits civiques<\/p><p><em>En 1958, les femmes n\u2019ont arrach\u00e9 le droit de vote que depuis 13 ans. Depuis 1958, le nombre de nouveaut\u00e9s qui se sont accumul\u00e9es, \u00e0 force de luttes, concernant les droits des femmes est\u00a0<\/em><strong><em>comparable \u00e0 une r\u00e9volution de lib\u00e9ration nationale\u00a0<\/em><\/strong><em>qui aurait eu lieu \u00e0 l\u2019int\u00e9rieur de notre pays et pour la moiti\u00e9 de la population.<\/em><\/p><ul class=\"wp-block-list\"><li>Le droit d\u2019ouvrir un compte bancaire sans autorisation pour les femmes est gagn\u00e9 en 1965<\/li><li>La contraception est autoris\u00e9e en 1967<\/li><li>L\u2019autorit\u00e9 parentale conjointe est reconnue en 1970<\/li><li>Le principe de l\u2019\u00e9galit\u00e9 salariale est vot\u00e9 en 1972<\/li><li>L\u2019avortement est l\u00e9galis\u00e9 en 1975<\/li><li>Le divorce par consentement mutuel est reconnu en 1975<\/li><li>Le viol conjugal est reconnu comme un crime en 1990<\/li><\/ul><p>b \u2013 Une condition toujours subalterne pour le capital<\/p><p><em>Cette r\u00e9volution civique s\u2019est accompagn\u00e9e d\u2019une plus grande pr\u00e9sence visible des femmes dans de nombreuses sph\u00e8res de la vie sociale (vie professionnelle, vie politique, vie culturelle), d\u2019un changement des mentalit\u00e9s mais\u00a0<\/em><strong><em>pas d\u2019une \u00e9galit\u00e9 sociale<\/em><\/strong><em>.<\/em><em><br \/><\/em><\/p><p>=&gt; Dans le monde du travail, les femmes gagnent en moyenne 23 % de moins que leurs coll\u00e8gues masculins. 80% des salari\u00e9s \u00e0 temps partiel sont des femmes. Les \u2154 des salari\u00e9s au SMIC sont des femmes.\u00a0<strong>La pr\u00e9carisation et la smicardisation du monde du travail<\/strong>, deux caract\u00e9ristiques du n\u00e9olib\u00e9ralisme ne se sont pas appliqu\u00e9es d\u2019une mani\u00e8re neutre selon le genre.<\/p><p>=&gt; Les femmes sont\u00a0<strong>en premi\u00e8re ligne de la crise de la reproduction sociale<\/strong>\u00a0(cf argumentaire du 9 mars 2026), autre caract\u00e9ristique essentielle du capitalisme contemporain. Celui-ci tente de r\u00e9tablir ou de maintenir le travail gratuit de reproduction assur\u00e9 traditionnellement par les femmes malgr\u00e9 leur entr\u00e9e massive dans le monde du travail, au moyen du sous-investissement des secteurs du soin, des doubles journ\u00e9es de travail f\u00e9minines, etc.<\/p><p><strong>2 \u2013 La France brass\u00e9e par la cr\u00e9olisation<\/strong><strong><br \/><\/strong><\/p><p>a \u2013 Une nouvelle France fille des migrations<\/p><p>=&gt; Les plus grosses vagues de migrations sont des\u00a0<strong>migrations internes<\/strong>. 56 % des jeunes quittent aujourd\u2019hui leur d\u00e9partement de naissance. Seul 1 sur 3 revient y vivre dans sa vie.<\/p><p>=&gt; En 1958, 1 fran\u00e7ais sur 10 avait un grand parent \u00e9tranger au moins. Aujourd\u2019hui, c\u2019est 1 fran\u00e7ais sur 4. En fait,\u00a0<strong>1 fran\u00e7ais sur 3 est soit un immigr\u00e9 soit un descendant d\u2019immigr\u00e9<\/strong>.<\/p><p>=&gt; Ce fait d\u00e9mographique a\u00a0<strong>une cons\u00e9quence culturelle : la cr\u00e9olisation<\/strong>. De nombreux domaines culturels comme la langue, les arts, la cuisine et la mode adoptent, transforment, ethybrident des influences d\u2019origine \u00e9trang\u00e8res. Le progr\u00e8s du bilinguisme constitue un fait marquant.. En 1958, le fait de savoir parler une langue en plus du fran\u00e7ais concernait 5 \u00e0 10 % des fran\u00e7ais. Cette proportion se monte aujourd\u2019hui \u00e0 25 \u00e0 30 %.<\/p><p>b \u2013 Un racisme pour maintenir des hi\u00e9rarchies malgr\u00e9 la cr\u00e9olisation<\/p><p><em>Le racisme est un syst\u00e8me de domination : il transforme une soci\u00e9t\u00e9 multiculturelle en occasion de justifier des hi\u00e9rarchies sociales, d\u2019imposer une discipline et de faire accepter des formes d\u2019exploitation redoubl\u00e9es.\u00a0<\/em><\/p><p>=&gt; 9400 crimes et d\u00e9lits racistes ont \u00e9t\u00e9 recens\u00e9s en 2024, en hausse de 11 %. Mais on estime que 4 % des victimes portent plainte : l<strong>e vrai chiffre serait donc de 235 000 crimes et d\u00e9lits racistes par an<\/strong>.\u00a0<\/p><p>=&gt; R\u00e9cemment, une \u00e9tude a montr\u00e9 qu\u2019une agence immobili\u00e8re sur deux acceptait de s\u00e9lectionner les candidats \u00e0 la location sur la base de la couleur de peau. 53 % des descendants d\u2019immigr\u00e9s en France disent subir des discriminations au travail. 26 % disent subir des discriminations dans leur rapport aux services publics. 20 % disent subir des discriminations dans les transports.<\/p><p><strong>3 \u2013 La jeunesse comme nouvelle condition sociale<\/strong><strong><br \/><\/strong><\/p><p><em>Bien s\u00fbr, la jeunesse demeure une classe d\u2019\u00e2ge travers\u00e9e par des in\u00e9galit\u00e9s. Mais le n\u00e9olib\u00e9ralisme\u00a0 en a aussi fait une exp\u00e9rience commune en se servant des jeunes comme chair \u00e0 pr\u00e9carisation. L\u2019exp\u00e9rience des premi\u00e8res ann\u00e9es adultes en a \u00e9t\u00e9 profond\u00e9ment transform\u00e9e. Un chiffre r\u00e9sume la situation : pr\u00e8s d\u20191 pauvre sur 2 en France a moins de 30 ans !<\/em><em><br \/><\/em><\/p><p>=&gt; La destruction de la stabilit\u00e9 de l\u2019emploi a particuli\u00e8rement touch\u00e9 les jeunes. Ainsi<strong>\u00a01 jeune sur 2 qui travaille est dans un statut pr\u00e9caire<\/strong>, contre seulement 1 sur 4 au d\u00e9but des ann\u00e9es 1980. L\u2019\u00e2ge moyen du premier emploi stable est pass\u00e9 de 20 ans en 1960 \u00e0 27 ans aujourd\u2019hui.<\/p><p>=&gt; Les jeunes sont aussi particuli\u00e8rement touch\u00e9s par l\u2019accroissement du poids de la rente immobili\u00e8re. Ils sont plus souvent locataires et plus souvent habitant dans les grandes villes.\u00a0<strong>Les jeunes locataires d\u00e9pensent ainsi en moyenne 50% de leur revenu pour payer leur loyer<\/strong>.<\/p><p>=&gt; Ces deux crises combin\u00e9es des conditions de vie de la jeunesse retarde l\u2019autonomie vis-\u00e0-vis du foyer parental.\u00a0<strong>50% des majeurs de moins de 30 ans vivent encore chez leurs parents.<\/strong><strong><br \/><\/strong><\/p><p><strong>4 \u2013 Une nouvelle classe ouvri\u00e8re<\/strong><strong><br \/><\/strong><\/p><p><strong><em>Le monde du travail aussi a chang\u00e9 de visage depuis<\/em><\/strong><em>\u00a01958. La \u00ab classe ouvri\u00e8re \u00bb des Trente Glorieuses n\u2019est plus la m\u00eame. Au sens strict, les ouvriers sont pass\u00e9s de 39 % de la population active \u00e0 18 %. Mais en m\u00eame temps la \u00ab condition ouvri\u00e8re \u00bb s\u2019est \u00e9largie \u00e0 d\u2019autres secteurs : les employ\u00e9s, les travailleurs ub\u00e9ris\u00e9s, etc. Globalement le monde du travail a subi une pr\u00e9carisation sans pr\u00e9c\u00e9dent depuis les ann\u00e9es 1970.<\/em><em><br \/><\/em><\/p><p>=&gt; Jusque dans les ann\u00e9es 1980 1 ouvrier sur 2 travaillait dans l\u2019industrie. C\u2019est moins d\u20191 sur 3 aujourd\u2019hui. Ils se sont d\u00e9plac\u00e9s dans d\u2019autres secteurs :\u00a0 1 ouvrier sur 2 travaille dans une entreprise de services et 1 ouvrier sur 4 travaille dans le secteur de la logistique et des transports. Et. On les appelle parfois\u00a0<strong>les \u00ab ouvriers du flux \u00bb<\/strong>.<\/p><p>=&gt; \u00c0 c\u00f4t\u00e9 de ces \u00ab ouvriers du flux \u00bb, ce sont aussi l<strong>es secteurs du soin, du travail reproductif marchand<\/strong>\u00a0qui sont en dynamique. Entre 1989 et 2010, le nombre d\u2019assistantes maternelles a \u00e9t\u00e9 multipli\u00e9 par 2 ; celui des aides \u00e0 domicile par 3.\u00a0<\/p><p>=&gt; Globalement la pr\u00e9carisation du travail est une nouvelle donn\u00e9e g\u00e9n\u00e9rale de notre \u00e9poque : la part de CDD a \u00e9t\u00e9 multipli\u00e9 par 3 depuis les ann\u00e9es 1980, les temps partiel ont plus que doubl\u00e9, l\u2019int\u00e9rim a explos\u00e9 (il existait 7 bo\u00eetes d\u2019int\u00e9rim dans le pays en 1956, contre 11 700 aujourd\u2019hui !)\u00a0<\/p><p>=&gt; La localisation ou la taille des \u00e9tablissements ouvriers a aussi chang\u00e9. Avec 1 ouvrier sur 2 dans un \u00e9tablissement de moins de 50 salari\u00e9s, c\u2019est\u00a0<strong>la fin des grandes concentrations ouvri\u00e8res<\/strong>.<\/p><p><strong>5 \u2013 Le mode de vie urbain comme exp\u00e9rience commune<\/strong><strong><br \/><\/strong><\/p><p>=&gt; La France s\u2019est urbanis\u00e9e : l\u2019exode rural a continu\u00e9 dans notre pays jusqu\u2019aux ann\u00e9es 1970. En 1958, 55 % de la population fran\u00e7aise \u00e9tait urbaine. Aujourd\u2019hui, c\u2019est plus de 80 %.<\/p><p>=&gt; La ville est aussi\u00a0<strong>un mode de vie mat\u00e9riel : celui de la d\u00e9pendance aux r\u00e9seaux<\/strong>\u00a0comme condition de la satisfaction des besoins essentiels. L\u2019exp\u00e9rience commune urbaine est donc aussi celle d\u2019une lutte de classe entre le peuple et l\u2019oligarchie (cf argumentaire du 2 f\u00e9vrier 2026).<\/p><p><strong>Conclusion :<\/strong><strong><br \/><\/strong><\/p><p><em>S\u2019il y a une \u00ab nouvelle France en soi \u00bb, avec des caract\u00e9ristiques, des positions sociales objectives communes, il y a aussi une \u00ab nouvelle France pour soi \u00bb, c\u2019est-\u00e0-dire comme sujet politique.\u00a0<\/em><strong><em>C\u2019est ainsi qu\u2019il est possible d\u2019interpr\u00e9ter l\u2019importance prise, depuis une dizaine d\u2019ann\u00e9es, par les luttes f\u00e9ministes, antiracistes ou de certains \u2013 parfois nouveaux \u2013 secteurs du monde du travail.<\/em><\/strong><em>\u00a0F\u00e9d\u00e9rer les diff\u00e9rents \u00e9l\u00e9ments de la nouvelle France, pour qu\u2019ils sortent la France de l\u2019orni\u00e8re dans laquelle un capitalisme oligarchique et une V\u00e8me r\u00e9publique scl\u00e9ros\u00e9e l\u2019ont mise :\u00a0 c\u2019est l\u2019objectif de la strat\u00e9gie de la Constituante.<\/em><\/p><p><a title=\"ACCUEIL\" href=\"https:\/\/aude-insoumise.fr\/\">Retour<\/a><\/p>\t\t\t\t\t\t\t\t<\/div>\n\t\t\t\t\t<\/div>\n\t\t\t\t<\/div>\n\t\t\t\t<\/div>\n\t\t","protected":false},"excerpt":{"rendered":"<p>Qu&rsquo;est-ce que la nouvelle France Si l\u2019on prend comme r\u00e9f\u00e9rence l\u2019ann\u00e9e de naissance de notre r\u00e9gime politique, la Ve R\u00e9publique,, la France a connu d\u2019importantes mutations sociologiques, \u00e9conomiques et m\u00eame [&hellip;]<\/p>\n","protected":false},"author":3,"featured_media":0,"parent":0,"menu_order":0,"comment_status":"closed","ping_status":"closed","template":"","meta":{"om_disable_all_campaigns":false,"_monsterinsights_skip_tracking":false,"_monsterinsights_sitenote_active":false,"_monsterinsights_sitenote_note":"","_monsterinsights_sitenote_category":0,"ocean_post_layout":"","ocean_both_sidebars_style":"","ocean_both_sidebars_content_width":0,"ocean_both_sidebars_sidebars_width":0,"ocean_sidebar":"","ocean_second_sidebar":"","ocean_disable_margins":"enable","ocean_add_body_class":"","ocean_shortcode_before_top_bar":"","ocean_shortcode_after_top_bar":"","ocean_shortcode_before_header":"","ocean_shortcode_after_header":"","ocean_has_shortcode":"","ocean_shortcode_after_title":"","ocean_shortcode_before_footer_widgets":"","ocean_shortcode_after_footer_widgets":"","ocean_shortcode_before_footer_bottom":"","ocean_shortcode_after_footer_bottom":"","ocean_display_top_bar":"default","ocean_display_header":"default","ocean_header_style":"","ocean_center_header_left_menu":"","ocean_custom_header_template":"","ocean_custom_logo":0,"ocean_custom_retina_logo":0,"ocean_custom_logo_max_width":0,"ocean_custom_logo_tablet_max_width":0,"ocean_custom_logo_mobile_max_width":0,"ocean_custom_logo_max_height":0,"ocean_custom_logo_tablet_max_height":0,"ocean_custom_logo_mobile_max_height":0,"ocean_header_custom_menu":"","ocean_menu_typo_font_family":"","ocean_menu_typo_font_subset":"","ocean_menu_typo_font_size":0,"ocean_menu_typo_font_size_tablet":0,"ocean_menu_typo_font_size_mobile":0,"ocean_menu_typo_font_size_unit":"px","ocean_menu_typo_font_weight":"","ocean_menu_typo_font_weight_tablet":"","ocean_menu_typo_font_weight_mobile":"","ocean_menu_typo_transform":"","ocean_menu_typo_transform_tablet":"","ocean_menu_typo_transform_mobile":"","ocean_menu_typo_line_height":0,"ocean_menu_typo_line_height_tablet":0,"ocean_menu_typo_line_height_mobile":0,"ocean_menu_typo_line_height_unit":"","ocean_menu_typo_spacing":0,"ocean_menu_typo_spacing_tablet":0,"ocean_menu_typo_spacing_mobile":0,"ocean_menu_typo_spacing_unit":"","ocean_menu_link_color":"","ocean_menu_link_color_hover":"","ocean_menu_link_color_active":"","ocean_menu_link_background":"","ocean_menu_link_hover_background":"","ocean_menu_link_active_background":"","ocean_menu_social_links_bg":"","ocean_menu_social_hover_links_bg":"","ocean_menu_social_links_color":"","ocean_menu_social_hover_links_color":"","ocean_disable_title":"default","ocean_disable_heading":"default","ocean_post_title":"","ocean_post_subheading":"","ocean_post_title_style":"","ocean_post_title_background_color":"","ocean_post_title_background":0,"ocean_post_title_bg_image_position":"","ocean_post_title_bg_image_attachment":"","ocean_post_title_bg_image_repeat":"","ocean_post_title_bg_image_size":"","ocean_post_title_height":0,"ocean_post_title_bg_overlay":0.5,"ocean_post_title_bg_overlay_color":"","ocean_disable_breadcrumbs":"default","ocean_breadcrumbs_color":"","ocean_breadcrumbs_separator_color":"","ocean_breadcrumbs_links_color":"","ocean_breadcrumbs_links_hover_color":"","ocean_display_footer_widgets":"default","ocean_display_footer_bottom":"default","ocean_custom_footer_template":"","footnotes":""},"class_list":["post-6559","page","type-page","status-publish","hentry","entry"],"aioseo_notices":[],"rttpg_featured_image_url":null,"rttpg_author":{"display_name":"Andr\u00e9 Rainier","author_link":"https:\/\/aude-insoumise.fr\/?author=3"},"rttpg_comment":0,"rttpg_category":null,"rttpg_excerpt":"Qu&rsquo;est-ce que la nouvelle France Si l\u2019on prend comme r\u00e9f\u00e9rence l\u2019ann\u00e9e de naissance de notre r\u00e9gime politique, la Ve R\u00e9publique,, la France a connu d\u2019importantes mutations sociologiques, \u00e9conomiques et m\u00eame [&hellip;]","_links":{"self":[{"href":"https:\/\/aude-insoumise.fr\/index.php?rest_route=\/wp\/v2\/pages\/6559","targetHints":{"allow":["GET"]}}],"collection":[{"href":"https:\/\/aude-insoumise.fr\/index.php?rest_route=\/wp\/v2\/pages"}],"about":[{"href":"https:\/\/aude-insoumise.fr\/index.php?rest_route=\/wp\/v2\/types\/page"}],"author":[{"embeddable":true,"href":"https:\/\/aude-insoumise.fr\/index.php?rest_route=\/wp\/v2\/users\/3"}],"replies":[{"embeddable":true,"href":"https:\/\/aude-insoumise.fr\/index.php?rest_route=%2Fwp%2Fv2%2Fcomments&post=6559"}],"version-history":[{"count":4,"href":"https:\/\/aude-insoumise.fr\/index.php?rest_route=\/wp\/v2\/pages\/6559\/revisions"}],"predecessor-version":[{"id":6565,"href":"https:\/\/aude-insoumise.fr\/index.php?rest_route=\/wp\/v2\/pages\/6559\/revisions\/6565"}],"wp:attachment":[{"href":"https:\/\/aude-insoumise.fr\/index.php?rest_route=%2Fwp%2Fv2%2Fmedia&parent=6559"}],"curies":[{"name":"wp","href":"https:\/\/api.w.org\/{rel}","templated":true}]}}