{"id":910,"date":"2025-10-15T17:31:53","date_gmt":"2025-10-15T15:31:53","guid":{"rendered":"https:\/\/aude-insoumise.fr\/?page_id=910"},"modified":"2026-03-31T15:59:19","modified_gmt":"2026-03-31T13:59:19","slug":"essai-accueil","status":"publish","type":"page","link":"https:\/\/aude-insoumise.fr\/","title":{"rendered":"ACCUEIL"},"content":{"rendered":"\t\t<div data-elementor-type=\"wp-page\" data-elementor-id=\"910\" class=\"elementor elementor-910\">\n\t\t\t\t<div class=\"elementor-element elementor-element-411731b e-con-full e-flex e-con e-parent\" data-id=\"411731b\" data-element_type=\"container\" data-e-type=\"container\">\n\t\t\t\t<div class=\"elementor-element elementor-element-14d30d9 elementor-widget elementor-widget-heading\" data-id=\"14d30d9\" data-element_type=\"widget\" data-e-type=\"widget\" data-widget_type=\"heading.default\">\n\t\t\t\t\t<h1 class=\"elementor-heading-title elementor-size-default\">BIENVENUE SUR LE SITE DES INSOUMISES ET INSOUMIS DE L'AUDE<\/h1>\t\t\t\t<\/div>\n\t\t\t\t<\/div>\n\t\t<div class=\"elementor-element elementor-element-d7bb8e8 e-flex e-con-boxed e-con e-parent\" data-id=\"d7bb8e8\" data-element_type=\"container\" data-e-type=\"container\">\n\t\t\t\t\t<div class=\"e-con-inner\">\n\t\t\t\t<div class=\"elementor-element elementor-element-14f2e49 elementor-widget elementor-widget-image\" data-id=\"14f2e49\" data-element_type=\"widget\" data-e-type=\"widget\" data-widget_type=\"image.default\">\n\t\t\t\t\t\t\t\t\t\t\t\t\t\t\t<img decoding=\"async\" width=\"300\" height=\"71\" src=\"https:\/\/aude-insoumise.fr\/wp-content\/uploads\/2025\/12\/logo20-300x71.gif\" class=\"attachment-medium size-medium wp-image-4466\" alt=\"\" srcset=\"https:\/\/aude-insoumise.fr\/wp-content\/uploads\/2025\/12\/logo20-300x71.gif 300w, https:\/\/aude-insoumise.fr\/wp-content\/uploads\/2025\/12\/logo20-1080x254.gif 1080w, https:\/\/aude-insoumise.fr\/wp-content\/uploads\/2025\/12\/logo20-768x181.gif 768w, https:\/\/aude-insoumise.fr\/wp-content\/uploads\/2025\/12\/logo20-1200x288.gif 1200w\" sizes=\"(max-width: 300px) 100vw, 300px\" \/>\t\t\t\t\t\t\t\t\t\t\t\t\t\t\t<\/div>\n\t\t\t\t<div class=\"elementor-element elementor-element-98e3cc2 elementor-widget elementor-widget-text-editor\" data-id=\"98e3cc2\" data-element_type=\"widget\" data-e-type=\"widget\" data-widget_type=\"text-editor.default\">\n\t\t\t\t\t\t\t\t\t<p style=\"text-align: center;\">Pourquoi un site Aude-Insoumise ?<\/p><p style=\"text-align: center;\"><a href=\"https:\/\/aude-insoumise.fr\/?page_id=6085\"><span style=\"color: #3366ff;\">Lire l&rsquo;article<\/span><\/a><\/p>\t\t\t\t\t\t\t\t<\/div>\n\t\t\t\t\t<\/div>\n\t\t\t\t<\/div>\n\t\t<div class=\"elementor-element elementor-element-34923ec e-flex e-con-boxed e-con e-parent\" data-id=\"34923ec\" data-element_type=\"container\" data-e-type=\"container\">\n\t\t\t\t\t<div class=\"e-con-inner\">\n\t\t<div class=\"elementor-element elementor-element-f2f82d5 e-con-full e-flex e-con e-child\" data-id=\"f2f82d5\" data-element_type=\"container\" data-e-type=\"container\">\n\t\t\t\t<div class=\"elementor-element elementor-element-dffbf01 elementor-widget elementor-widget-heading\" data-id=\"dffbf01\" data-element_type=\"widget\" data-e-type=\"widget\" data-widget_type=\"heading.default\">\n\t\t\t\t\t<h2 class=\"elementor-heading-title elementor-size-default\">A la Une<\/h2>\t\t\t\t<\/div>\n\t\t\t\t<div class=\"elementor-element elementor-element-7c59849 elementor-widget elementor-widget-heading\" data-id=\"7c59849\" data-element_type=\"widget\" data-e-type=\"widget\" data-widget_type=\"heading.default\">\n\t\t\t\t\t<h2 class=\"elementor-heading-title elementor-size-default\">LE COUP DE MAITRE DE JEAN LUC M\u00c9LENCHON<\/h2>\t\t\t\t<\/div>\n\t\t\t\t<div class=\"elementor-element elementor-element-031415f elementor-widget elementor-widget-image\" data-id=\"031415f\" data-element_type=\"widget\" data-e-type=\"widget\" data-widget_type=\"image.default\">\n\t\t\t\t\t\t\t\t\t\t\t\t\t\t\t<img fetchpriority=\"high\" decoding=\"async\" width=\"881\" height=\"539\" src=\"https:\/\/aude-insoumise.fr\/wp-content\/uploads\/2026\/03\/melenchon-bompard.jpg\" class=\"attachment-large size-large wp-image-6465\" alt=\"\" srcset=\"https:\/\/aude-insoumise.fr\/wp-content\/uploads\/2026\/03\/melenchon-bompard.jpg 881w, https:\/\/aude-insoumise.fr\/wp-content\/uploads\/2026\/03\/melenchon-bompard-300x184.jpg 300w, https:\/\/aude-insoumise.fr\/wp-content\/uploads\/2026\/03\/melenchon-bompard-768x470.jpg 768w\" sizes=\"(max-width: 881px) 100vw, 881px\" \/>\t\t\t\t\t\t\t\t\t\t\t\t\t\t\t<\/div>\n\t\t\t\t<div class=\"elementor-element elementor-element-d762305 elementor-widget elementor-widget-text-editor\" data-id=\"d762305\" data-element_type=\"widget\" data-e-type=\"widget\" data-widget_type=\"text-editor.default\">\n\t\t\t\t\t\t\t\t\t<p>La France Insoumise est une formidable machine de guerre destin\u00e9e \u00e0 prendre le pouvoir. Tout le monde le sait . Et heureusement.<br class=\"html-br\" \/><br class=\"html-br\" \/>M\u00e9thodiques, attentifs, r\u00e9actifs, r\u00e9fl\u00e9chis, tous les actes sont pes\u00e9s et jaug\u00e9s au millim\u00e8tre. Bien s\u00fbr, il y a eu des rat\u00e9s et pas des moindres, la perfection n&rsquo;existe pas, mais l&rsquo;efficacit\u00e9 et l&rsquo;efficience sont des objectifs permanents.<br class=\"html-br\" \/><br class=\"html-br\" \/>Notre outil central&#8230;<\/p><p><a title=\"LE COUP DE MAITRE DE JEAN LUC M\u00c9LENCHON\" href=\"https:\/\/aude-insoumise.fr\/?page_id=6462\">Lire la suite<\/a><\/p>\t\t\t\t\t\t\t\t<\/div>\n\t\t\t\t<div class=\"elementor-element elementor-element-2cf1ac0 elementor-widget-divider--view-line elementor-widget elementor-widget-divider\" data-id=\"2cf1ac0\" data-element_type=\"widget\" data-e-type=\"widget\" data-widget_type=\"divider.default\">\n\t\t\t\t\t\t\t<div class=\"elementor-divider\">\n\t\t\t<span class=\"elementor-divider-separator\">\n\t\t\t\t\t\t<\/span>\n\t\t<\/div>\n\t\t\t\t\t\t<\/div>\n\t\t\t\t<div class=\"elementor-element elementor-element-bad6813 elementor-widget elementor-widget-heading\" data-id=\"bad6813\" data-element_type=\"widget\" data-e-type=\"widget\" data-widget_type=\"heading.default\">\n\t\t\t\t\t<h2 class=\"elementor-heading-title elementor-size-default\">Qu'est-ce que la nouvelle France<\/h2>\t\t\t\t<\/div>\n\t\t\t\t<div class=\"elementor-element elementor-element-1d2cf85 elementor-widget elementor-widget-image\" data-id=\"1d2cf85\" data-element_type=\"widget\" data-e-type=\"widget\" data-widget_type=\"image.default\">\n\t\t\t\t\t\t\t\t\t\t\t\t\t\t\t<img decoding=\"async\" width=\"1080\" height=\"608\" src=\"https:\/\/aude-insoumise.fr\/wp-content\/uploads\/2026\/03\/nouvelle-france-1080x608.webp\" class=\"attachment-large size-large wp-image-6561\" alt=\"\" srcset=\"https:\/\/aude-insoumise.fr\/wp-content\/uploads\/2026\/03\/nouvelle-france-1080x608.webp 1080w, https:\/\/aude-insoumise.fr\/wp-content\/uploads\/2026\/03\/nouvelle-france-300x169.webp 300w, https:\/\/aude-insoumise.fr\/wp-content\/uploads\/2026\/03\/nouvelle-france-768x432.webp 768w, https:\/\/aude-insoumise.fr\/wp-content\/uploads\/2026\/03\/nouvelle-france-1536x864.webp 1536w, https:\/\/aude-insoumise.fr\/wp-content\/uploads\/2026\/03\/nouvelle-france-800x450.webp 800w, https:\/\/aude-insoumise.fr\/wp-content\/uploads\/2026\/03\/nouvelle-france.webp 1920w\" sizes=\"(max-width: 1080px) 100vw, 1080px\" \/>\t\t\t\t\t\t\t\t\t\t\t\t\t\t\t<\/div>\n\t\t\t\t<div class=\"elementor-element elementor-element-a6c334c elementor-widget elementor-widget-text-editor\" data-id=\"a6c334c\" data-element_type=\"widget\" data-e-type=\"widget\" data-widget_type=\"text-editor.default\">\n\t\t\t\t\t\t\t\t\t<p><em>Si l\u2019on prend comme r\u00e9f\u00e9rence l\u2019ann\u00e9e de naissance de notre r\u00e9gime politique, la Ve R\u00e9publique,, la France a connu d\u2019importantes mutations sociologiques, \u00e9conomiques et m\u00eame anthropologiques. C\u2019est d\u2019abord&#8230;<\/em><\/p><p><a title=\"Qu\u2019est-ce que la nouvelle France\" href=\"https:\/\/aude-insoumise.fr\/?page_id=6559\">Lire la suite<\/a><\/p>\t\t\t\t\t\t\t\t<\/div>\n\t\t\t\t<\/div>\n\t\t<div class=\"elementor-element elementor-element-3b48aaf e-con-full e-flex e-con e-child\" data-id=\"3b48aaf\" data-element_type=\"container\" data-e-type=\"container\">\n\t\t\t\t<div class=\"elementor-element elementor-element-956c7ea elementor-widget elementor-widget-video\" data-id=\"956c7ea\" data-element_type=\"widget\" data-e-type=\"widget\" data-settings=\"{&quot;youtube_url&quot;:&quot;https:\\\/\\\/youtu.be\\\/g_n9ZbaceEA&quot;,&quot;video_type&quot;:&quot;youtube&quot;,&quot;controls&quot;:&quot;yes&quot;}\" data-widget_type=\"video.default\">\n\t\t\t\t\t\t\t<div class=\"elementor-wrapper elementor-open-inline\">\n\t\t\t<div class=\"elementor-video\"><\/div>\t\t<\/div>\n\t\t\t\t\t\t<\/div>\n\t\t\t\t<div class=\"elementor-element elementor-element-a95b477 elementor-widget-divider--view-line elementor-widget elementor-widget-divider\" data-id=\"a95b477\" data-element_type=\"widget\" data-e-type=\"widget\" data-widget_type=\"divider.default\">\n\t\t\t\t\t\t\t<div class=\"elementor-divider\">\n\t\t\t<span class=\"elementor-divider-separator\">\n\t\t\t\t\t\t<\/span>\n\t\t<\/div>\n\t\t\t\t\t\t<\/div>\n\t\t\t\t<div class=\"elementor-element elementor-element-ae108d8 meta-visibility-show title_position_default title_hover_border_default title-default img_hover_animation_default meta_position_default readmore-btn-default-style grid-hover-overlay-type-always tpg-el-box-border-enable tpg-border-bottom-disable elementor-widget elementor-widget-tpg-grid-layout\" data-id=\"ae108d8\" data-element_type=\"widget\" data-e-type=\"widget\" data-widget_type=\"tpg-grid-layout.default\">\n\t\t\t\t<div class=\"elementor-widget-container\">\n\t\t\t\t\t\t\t<div class=\"rt-container-fluid rt-tpg-container tpg-el-main-wrapper clearfix grid-layout1-main \"\n\t\t\t id=\"rt-tpg-container-3976849046\"\n\t\t\t data-layout=\"grid-layout1\"\n\t\t\t data-grid-style=\"tpg-full-height\"\n\t\t\t data-sc-id=\"elementor\"\n\t\t\t data-el-settings=''\n\t\t\t data-el-query=''\n\t\t\t data-el-path=''\n\t\t>\n\t\t\t\t\t\t<div class='tpg-header-wrapper '>\n\t\t\t\t\t\t\t<\/div>\n\n\t\t\t<div data-title=\"Loading ...\" class=\"rt-row rt-content-loader grid-layout1 grid-behaviour tpg-full-height grid_layout_wrapper\">\n\t\t\t\t<div class=\"rt-col-md-6 rt-col-sm-6 rt-col-xs-12 default rt-grid-item post-6602 post type-post status-publish format-standard has-post-thumbnail hentry category-accueil2 entry has-media\"        data-id=\"6602\">\n    <div class=\"rt-holder tpg-post-holder \">\n        <div class=\"rt-detail rt-el-content-wrapper\">\n\t\t\t                <div class=\"rt-img-holder tpg-el-image-wrap has-thumbnail\">\n\t\t\t\t\t<a data-id=\"6602\" href=\"https:\/\/aude-insoumise.fr\/?p=6602\" class=\"tpg-post-link\" target=\"_self\">                        <img loading=\"lazy\" decoding=\"async\" src=\"https:\/\/aude-insoumise.fr\/wp-content\/uploads\/2026\/04\/RIMA-VIGNETTE-CP.webp\"\n                             class=\"rt-img-responsive\"\n                             width=\"472\"\n                             height=\"509\"\n                             alt=\"Palestine vivra Palestine vaincra\">\n\t\t\t\t\t\t\n\t\t\t\t\t\t\t\n\t\t<\/a>\n\t\t        <div class=\"overlay grid-hover-content\"><\/div>\n\t\t                <\/div>\n\t\t\t\n\t\t\t<div class=\"entry-title-wrapper\"><h3 class=\"entry-title\"><a data-id=\"6602\" href=\"https:\/\/aude-insoumise.fr\/?p=6602\" class=\"tpg-post-link\" target=\"_self\">Palestine vivra Palestine vaincra<\/a><\/h3><\/div>\n\t\t\t                <div class=\"post-meta-tags rt-el-post-meta\">\n\t\t\t\t\t                <\/div>\n\t\t\t\n\n\t\t\t                <div class=\"tpg-excerpt tpg-el-excerpt\">\n\t\t\t\t\t                        <div class=\"tpg-excerpt-inner\">\n\t\t\t\t\t\t\tLe jeudi 3 Avril, Rima Hassan a \u00e9t\u00e9 plac\u00e9e en garde \u00e0 vue. Comme l&rsquo;\u00e9crit...                        <\/div>\n\t\t\t\t\t\t\t\t\t\t                <\/div>\n\t\t\t\n\t\t\t        <div class=\"post-footer\">\n            <div class=\"post-footer\">\n                <div class=\"read-more\">\n\t\t\t\t\t<a data-id=\"6602\" href=\"https:\/\/aude-insoumise.fr\/?p=6602\" class=\"tpg-post-link\" target=\"_self\">Lire la suite<\/a>                <\/div>\n            <\/div>\n        <\/div>\n\t\t        <\/div>\n    <\/div>\n<\/div>\n<div class=\"rt-col-md-6 rt-col-sm-6 rt-col-xs-12 default rt-grid-item post-6577 post type-post status-publish format-standard has-post-thumbnail hentry category-accueil2 entry has-media\"        data-id=\"6577\">\n    <div class=\"rt-holder tpg-post-holder \">\n        <div class=\"rt-detail rt-el-content-wrapper\">\n\t\t\t                <div class=\"rt-img-holder tpg-el-image-wrap has-thumbnail\">\n\t\t\t\t\t<a data-id=\"6577\" href=\"https:\/\/aude-insoumise.fr\/?p=6577\" class=\"tpg-post-link\" target=\"_self\">                        <img loading=\"lazy\" decoding=\"async\" src=\"https:\/\/aude-insoumise.fr\/wp-content\/uploads\/2026\/04\/2026-03-25-22.20.22-768x432.webp\"\n                             class=\"rt-img-responsive\"\n                             width=\"768\"\n                             height=\"432\"\n                             alt=\"Assembl\u00e9e repr\u00e9sentative 2026\">\n\t\t\t\t\t\t\n\t\t\t\t\t\t\t\n\t\t<\/a>\n\t\t        <div class=\"overlay grid-hover-content\"><\/div>\n\t\t                <\/div>\n\t\t\t\n\t\t\t<div class=\"entry-title-wrapper\"><h3 class=\"entry-title\"><a data-id=\"6577\" href=\"https:\/\/aude-insoumise.fr\/?p=6577\" class=\"tpg-post-link\" target=\"_self\">Assembl\u00e9e repr\u00e9sentative 2026<\/a><\/h3><\/div>\n\t\t\t                <div class=\"post-meta-tags rt-el-post-meta\">\n\t\t\t\t\t                <\/div>\n\t\t\t\n\n\t\t\t                <div class=\"tpg-excerpt tpg-el-excerpt\">\n\t\t\t\t\t                        <div class=\"tpg-excerpt-inner\">\n\t\t\t\t\t\t\tLa prochaine Assembl\u00e9e repr\u00e9sentative de la France insoumise aura lieu le\u00a0dimanche\u00a012\u00a0avril \u00e0\u00a0Paris. Cette Assembl\u00e9e repr\u00e9sentative...                        <\/div>\n\t\t\t\t\t\t\t\t\t\t                <\/div>\n\t\t\t\n\t\t\t        <div class=\"post-footer\">\n            <div class=\"post-footer\">\n                <div class=\"read-more\">\n\t\t\t\t\t<a data-id=\"6577\" href=\"https:\/\/aude-insoumise.fr\/?p=6577\" class=\"tpg-post-link\" target=\"_self\">Lire la suite<\/a>                <\/div>\n            <\/div>\n        <\/div>\n\t\t        <\/div>\n    <\/div>\n<\/div>\n<div class=\"rt-col-md-6 rt-col-sm-6 rt-col-xs-12 default rt-grid-item post-6537 post type-post status-publish format-standard has-post-thumbnail hentry category-accueil2 entry has-media\"        data-id=\"6537\">\n    <div class=\"rt-holder tpg-post-holder \">\n        <div class=\"rt-detail rt-el-content-wrapper\">\n\t\t\t                <div class=\"rt-img-holder tpg-el-image-wrap has-thumbnail\">\n\t\t\t\t\t<a data-id=\"6537\" href=\"https:\/\/aude-insoumise.fr\/?p=6537\" class=\"tpg-post-link\" target=\"_self\">                        <img loading=\"lazy\" decoding=\"async\" src=\"https:\/\/aude-insoumise.fr\/wp-content\/uploads\/2026\/03\/Classes.webp\"\n                             class=\"rt-img-responsive\"\n                             width=\"413\"\n                             height=\"217\"\n                             alt=\"Semaine d&rsquo;action dans l&rsquo;\u00e9ducation nationale\">\n\t\t\t\t\t\t\n\t\t\t\t\t\t\t\n\t\t<\/a>\n\t\t        <div class=\"overlay grid-hover-content\"><\/div>\n\t\t                <\/div>\n\t\t\t\n\t\t\t<div class=\"entry-title-wrapper\"><h3 class=\"entry-title\"><a data-id=\"6537\" href=\"https:\/\/aude-insoumise.fr\/?p=6537\" class=\"tpg-post-link\" target=\"_self\">Semaine d&rsquo;action dans l&rsquo;\u00e9ducation nationale<\/a><\/h3><\/div>\n\t\t\t                <div class=\"post-meta-tags rt-el-post-meta\">\n\t\t\t\t\t                <\/div>\n\t\t\t\n\n\t\t\t                <div class=\"tpg-excerpt tpg-el-excerpt\">\n\t\t\t\t\t                        <div class=\"tpg-excerpt-inner\">\n\t\t\t\t\t\t\tSemaine nationale d&rsquo;action dans l&rsquo;Education Nationale\u00a0: cinq syndicats enseignants appellent \u00e0 une journ\u00e9e de gr\u00e8ve...                        <\/div>\n\t\t\t\t\t\t\t\t\t\t                <\/div>\n\t\t\t\n\t\t\t        <div class=\"post-footer\">\n            <div class=\"post-footer\">\n                <div class=\"read-more\">\n\t\t\t\t\t<a data-id=\"6537\" href=\"https:\/\/aude-insoumise.fr\/?p=6537\" class=\"tpg-post-link\" target=\"_self\">Lire la suite<\/a>                <\/div>\n            <\/div>\n        <\/div>\n\t\t        <\/div>\n    <\/div>\n<\/div>\n<div class=\"rt-col-md-6 rt-col-sm-6 rt-col-xs-12 default rt-grid-item post-5626 post type-post status-publish format-standard has-post-thumbnail hentry category-accueil2 entry has-media\"        data-id=\"5626\">\n    <div class=\"rt-holder tpg-post-holder \">\n        <div class=\"rt-detail rt-el-content-wrapper\">\n\t\t\t                <div class=\"rt-img-holder tpg-el-image-wrap has-thumbnail\">\n\t\t\t\t\t<a data-id=\"5626\" href=\"https:\/\/aude-insoumise.fr\/?p=5626\" class=\"tpg-post-link\" target=\"_self\">                        <img loading=\"lazy\" decoding=\"async\" src=\"https:\/\/aude-insoumise.fr\/wp-content\/uploads\/2026\/02\/IMG_20260131_154731.jpg\"\n                             class=\"rt-img-responsive\"\n                             width=\"407\"\n                             height=\"567\"\n                             alt=\"Communiqu\u00e9 de la libre pens\u00e9e\">\n\t\t\t\t\t\t\n\t\t\t\t\t\t\t\n\t\t<\/a>\n\t\t        <div class=\"overlay grid-hover-content\"><\/div>\n\t\t                <\/div>\n\t\t\t\n\t\t\t<div class=\"entry-title-wrapper\"><h3 class=\"entry-title\"><a data-id=\"5626\" href=\"https:\/\/aude-insoumise.fr\/?p=5626\" class=\"tpg-post-link\" target=\"_self\">Communiqu\u00e9 de la libre pens\u00e9e<\/a><\/h3><\/div>\n\t\t\t                <div class=\"post-meta-tags rt-el-post-meta\">\n\t\t\t\t\t                <\/div>\n\t\t\t\n\n\t\t\t                <div class=\"tpg-excerpt tpg-el-excerpt\">\n\t\t\t\t\t                        <div class=\"tpg-excerpt-inner\">\n\t\t\t\t\t\t\tA l\u2019initiative de la Libre Pens\u00e9e, 27 organisations dont LFI appelaient \u00e0 un rassemblement pour...                        <\/div>\n\t\t\t\t\t\t\t\t\t\t                <\/div>\n\t\t\t\n\t\t\t        <div class=\"post-footer\">\n            <div class=\"post-footer\">\n                <div class=\"read-more\">\n\t\t\t\t\t<a data-id=\"5626\" href=\"https:\/\/aude-insoumise.fr\/?p=5626\" class=\"tpg-post-link\" target=\"_self\">Lire la suite<\/a>                <\/div>\n            <\/div>\n        <\/div>\n\t\t        <\/div>\n    <\/div>\n<\/div>\n\t\t\t<\/div>\n\t\t\t\n\t\t<\/div>\n\t\t\t\t\t\t<\/div>\n\t\t\t\t<\/div>\n\t\t\t\t<\/div>\n\t\t\t\t\t<\/div>\n\t\t\t\t<\/div>\n\t\t\t\t<\/div>\n\t\t","protected":false},"excerpt":{"rendered":"<p>BIENVENUE SUR LE SITE DES INSOUMISES ET INSOUMIS DE L&rsquo;AUDE Pourquoi un site Aude-Insoumise ? Lire l&rsquo;article A la Une LE COUP DE MAITRE DE JEAN LUC M\u00c9LENCHON La France [&hellip;]<\/p>\n","protected":false},"author":2,"featured_media":0,"parent":0,"menu_order":0,"comment_status":"closed","ping_status":"closed","template":"","meta":{"om_disable_all_campaigns":false,"_monsterinsights_skip_tracking":false,"_monsterinsights_sitenote_active":false,"_monsterinsights_sitenote_note":"","_monsterinsights_sitenote_category":0,"ocean_post_layout":"","ocean_both_sidebars_style":"","ocean_both_sidebars_content_width":0,"ocean_both_sidebars_sidebars_width":0,"ocean_sidebar":"","ocean_second_sidebar":"","ocean_disable_margins":"enable","ocean_add_body_class":"","ocean_shortcode_before_top_bar":"","ocean_shortcode_after_top_bar":"","ocean_shortcode_before_header":"","ocean_shortcode_after_header":"","ocean_has_shortcode":"","ocean_shortcode_after_title":"","ocean_shortcode_before_footer_widgets":"","ocean_shortcode_after_footer_widgets":"","ocean_shortcode_before_footer_bottom":"","ocean_shortcode_after_footer_bottom":"","ocean_display_top_bar":"default","ocean_display_header":"default","ocean_header_style":"","ocean_center_header_left_menu":"","ocean_custom_header_template":"","ocean_custom_logo":0,"ocean_custom_retina_logo":0,"ocean_custom_logo_max_width":0,"ocean_custom_logo_tablet_max_width":0,"ocean_custom_logo_mobile_max_width":0,"ocean_custom_logo_max_height":0,"ocean_custom_logo_tablet_max_height":0,"ocean_custom_logo_mobile_max_height":0,"ocean_header_custom_menu":"","ocean_menu_typo_font_family":"","ocean_menu_typo_font_subset":"","ocean_menu_typo_font_size":0,"ocean_menu_typo_font_size_tablet":0,"ocean_menu_typo_font_size_mobile":0,"ocean_menu_typo_font_size_unit":"px","ocean_menu_typo_font_weight":"","ocean_menu_typo_font_weight_tablet":"","ocean_menu_typo_font_weight_mobile":"","ocean_menu_typo_transform":"","ocean_menu_typo_transform_tablet":"","ocean_menu_typo_transform_mobile":"","ocean_menu_typo_line_height":0,"ocean_menu_typo_line_height_tablet":0,"ocean_menu_typo_line_height_mobile":0,"ocean_menu_typo_line_height_unit":"","ocean_menu_typo_spacing":0,"ocean_menu_typo_spacing_tablet":0,"ocean_menu_typo_spacing_mobile":0,"ocean_menu_typo_spacing_unit":"","ocean_menu_link_color":"","ocean_menu_link_color_hover":"","ocean_menu_link_color_active":"","ocean_menu_link_background":"","ocean_menu_link_hover_background":"","ocean_menu_link_active_background":"","ocean_menu_social_links_bg":"","ocean_menu_social_hover_links_bg":"","ocean_menu_social_links_color":"","ocean_menu_social_hover_links_color":"","ocean_disable_title":"default","ocean_disable_heading":"default","ocean_post_title":"","ocean_post_subheading":"","ocean_post_title_style":"","ocean_post_title_background_color":"","ocean_post_title_background":0,"ocean_post_title_bg_image_position":"","ocean_post_title_bg_image_attachment":"","ocean_post_title_bg_image_repeat":"","ocean_post_title_bg_image_size":"","ocean_post_title_height":0,"ocean_post_title_bg_overlay":0.5,"ocean_post_title_bg_overlay_color":"","ocean_disable_breadcrumbs":"default","ocean_breadcrumbs_color":"","ocean_breadcrumbs_separator_color":"","ocean_breadcrumbs_links_color":"","ocean_breadcrumbs_links_hover_color":"","ocean_display_footer_widgets":"default","ocean_display_footer_bottom":"default","ocean_custom_footer_template":"","footnotes":""},"class_list":["post-910","page","type-page","status-publish","hentry","entry","has-media"],"aioseo_notices":[],"rttpg_featured_image_url":null,"rttpg_author":{"display_name":"Marc Zavagno","author_link":"https:\/\/aude-insoumise.fr\/?author=2"},"rttpg_comment":0,"rttpg_category":"","rttpg_excerpt":"BIENVENUE SUR LE SITE DES INSOUMISES ET INSOUMIS DE L&rsquo;AUDE Pourquoi un site Aude-Insoumise ? Lire l&rsquo;article A la Une LE COUP DE MAITRE DE JEAN LUC M\u00c9LENCHON La France [&hellip;]","_links":{"self":[{"href":"https:\/\/aude-insoumise.fr\/index.php?rest_route=\/wp\/v2\/pages\/910","targetHints":{"allow":["GET"]}}],"collection":[{"href":"https:\/\/aude-insoumise.fr\/index.php?rest_route=\/wp\/v2\/pages"}],"about":[{"href":"https:\/\/aude-insoumise.fr\/index.php?rest_route=\/wp\/v2\/types\/page"}],"author":[{"embeddable":true,"href":"https:\/\/aude-insoumise.fr\/index.php?rest_route=\/wp\/v2\/users\/2"}],"replies":[{"embeddable":true,"href":"https:\/\/aude-insoumise.fr\/index.php?rest_route=%2Fwp%2Fv2%2Fcomments&post=910"}],"version-history":[{"count":249,"href":"https:\/\/aude-insoumise.fr\/index.php?rest_route=\/wp\/v2\/pages\/910\/revisions"}],"predecessor-version":[{"id":6571,"href":"https:\/\/aude-insoumise.fr\/index.php?rest_route=\/wp\/v2\/pages\/910\/revisions\/6571"}],"wp:attachment":[{"href":"https:\/\/aude-insoumise.fr\/index.php?rest_route=%2Fwp%2Fv2%2Fmedia&parent=910"}],"curies":[{"name":"wp","href":"https:\/\/api.w.org\/{rel}","templated":true}]}}